{"id":8,"date":"2022-04-15T14:34:02","date_gmt":"2022-04-15T14:34:02","guid":{"rendered":"https:\/\/charles-hotel.ms.decms.eu\/?page_id=8"},"modified":"2024-05-24T08:38:26","modified_gmt":"2024-05-24T08:38:26","slug":"the-charles-hotel-prague","status":"publish","type":"page","link":"https:\/\/www.hotel-charles.eu\/pl\/","title":{"rendered":"The Charles Hotel Prague"},"content":{"rendered":"<p>Hotel Charles Praga to korzystnie po\u0142o\u017cony romantyczny hotel &#8211; <strong>w samym sercu Ma\u0142ej Strany<\/strong>. Hotel Charles Praga oferuje romantyczne zakwaterowanie w 25 pokojach i 6 apartamentach, w kt\u00f3rych skupia si\u0119 bogata historia budynku z tradycj\u0105. Hotel \u015bwiadczy swoim klientom wygodne zakwaterowanie z nowoczesnym wyposa\u017ceniem oraz us\u0142ugi na najwy\u017cszym poziomie.<\/p>\n<p>Romantyczny hotel Charles jest idealnie usytuowany na <strong>Ma\u0142ej Stranie mi\u0119dzy Mostem Karola i Placem Ma\u0142ostra\u0144skim, w pobli\u017cu Zamku Praskiego i siedziby Parlamentu Republiki Czeskiej<\/strong>. Niedaleko st\u0105d znajduj\u0105 si\u0119 te\u017c inne ciekawe miejsca Pragi wraz z Hradczanami, ko\u015bci\u00f3\u0142 \u015bw. Miko\u0142aja, Rynek Staromiejski, miasto \u017cydowskie i Pet\u0159\u00edn, s\u0105 niedaleko, tylko par\u0119 minut pieszo.<\/p>\n<p>Dzi\u0119ki ma\u0142ej ilo\u015bci pokoi mo\u017cemy zagwarantowa\u0107 osobiste podej\u015bcie do ka\u017cdego klienta oraz do jego wymog\u00f3w i \u017cycze\u0144.<\/p>\n","protected":false},"excerpt":{"rendered":"<p>Hotel Charles Praga to korzystnie po\u0142o\u017cony romantyczny hotel &#8211; w samym sercu Ma\u0142ej Strany. Hotel Charles Praga oferuje romantyczne zakwaterowanie w 25 pokojach i 6 apartamentach, w kt\u00f3rych skupia si\u0119 bogata historia budynku z tradycj\u0105. Hotel \u015bwiadczy swoim klientom wygodne zakwaterowanie z nowoczesnym wyposa\u017ceniem oraz us\u0142ugi na najwy\u017cszym poziomie. Romantyczny hotel Charles jest idealnie usytuowany [&hellip;]<\/p>\n","protected":false},"author":7,"featured_media":0,"parent":0,"menu_order":0,"comment_status":"closed","ping_status":"closed","template":"","meta":{"footnotes":""},"class_list":["post-8","page","type-page","status-publish","hentry"],"yoast_head":"<!-- This site is optimized with the Yoast SEO plugin v26.9 - https:\/\/yoast.com\/product\/yoast-seo-wordpress\/ -->\n<title>The Charles Hotel Prague &#8211; The Charles Hotel &#8211;<\/title>\n<meta name=\"description\" content=\"Hotel Charles Praga to korzystnie po\u0142o\u017cony romantyczny hotel - w samym sercu Ma\u0142ej Strany. Hotel Charles Praga oferuje romantyczne zakwaterowanie w 25 pokojach i 6 apartamentach, w kt\u00f3rych skupia si\u0119 bogata historia budynku z tradycj\u0105\" \/>\n<meta name=\"robots\" content=\"index, follow, max-snippet:-1, max-image-preview:large, max-video-preview:-1\" \/>\n<link rel=\"canonical\" href=\"https:\/\/www.hotel-charles.eu\/pl\/\" \/>\n<meta property=\"og:locale\" content=\"pl_PL\" \/>\n<meta property=\"og:type\" content=\"article\" \/>\n<meta property=\"og:title\" content=\"The Charles Hotel Prague &#8211; The Charles Hotel &#8211;\" \/>\n<meta property=\"og:description\" content=\"Hotel Charles Praga to korzystnie po\u0142o\u017cony romantyczny hotel - w samym sercu Ma\u0142ej Strany. Hotel Charles Praga oferuje romantyczne zakwaterowanie w 25 pokojach i 6 apartamentach, w kt\u00f3rych skupia si\u0119 bogata historia budynku z tradycj\u0105\" \/>\n<meta property=\"og:url\" content=\"https:\/\/www.hotel-charles.eu\/pl\/\" \/>\n<meta property=\"og:site_name\" content=\"The Charles Hotel\" \/>\n<meta property=\"article:modified_time\" content=\"2024-05-24T08:38:26+00:00\" \/>\n<meta name=\"twitter:card\" content=\"summary_large_image\" \/>\n<meta name=\"twitter:label1\" content=\"Szacowany czas czytania\" \/>\n\t<meta name=\"twitter:data1\" content=\"1 minuta\" \/>\n<script type=\"application\/ld+json\" class=\"yoast-schema-graph\">{\"@context\":\"https:\/\/schema.org\",\"@graph\":[{\"@type\":\"WebPage\",\"@id\":\"https:\/\/www.hotel-charles.eu\/pl\/\",\"url\":\"https:\/\/www.hotel-charles.eu\/pl\/\",\"name\":\"The Charles Hotel Prague &#8211; The Charles Hotel &#8211;\",\"isPartOf\":{\"@id\":\"https:\/\/www.hotel-charles.eu\/pl\/#website\"},\"datePublished\":\"2022-04-15T14:34:02+00:00\",\"dateModified\":\"2024-05-24T08:38:26+00:00\",\"description\":\"Hotel Charles Praga to korzystnie po\u0142o\u017cony romantyczny hotel - w samym sercu Ma\u0142ej Strany. Hotel Charles Praga oferuje romantyczne zakwaterowanie w 25 pokojach i 6 apartamentach, w kt\u00f3rych skupia si\u0119 bogata historia budynku z tradycj\u0105\",\"breadcrumb\":{\"@id\":\"https:\/\/www.hotel-charles.eu\/pl\/#breadcrumb\"},\"inLanguage\":\"pl-PL\",\"potentialAction\":[{\"@type\":\"ReadAction\",\"target\":[\"https:\/\/www.hotel-charles.eu\/pl\/\"]}]},{\"@type\":\"BreadcrumbList\",\"@id\":\"https:\/\/www.hotel-charles.eu\/pl\/#breadcrumb\",\"itemListElement\":[{\"@type\":\"ListItem\",\"position\":1,\"name\":\"Home\",\"item\":\"https:\/\/www.hotel-charles.eu\/pl\/\"},{\"@type\":\"ListItem\",\"position\":2,\"name\":\"The Charles Hotel Prague\"}]},{\"@type\":\"WebSite\",\"@id\":\"https:\/\/www.hotel-charles.eu\/pl\/#website\",\"url\":\"https:\/\/www.hotel-charles.eu\/pl\/\",\"name\":\"The Charles Hotel\",\"description\":\"Just another ms.decms.eu site\",\"potentialAction\":[{\"@type\":\"SearchAction\",\"target\":{\"@type\":\"EntryPoint\",\"urlTemplate\":\"https:\/\/www.hotel-charles.eu\/pl\/?s={search_term_string}\"},\"query-input\":{\"@type\":\"PropertyValueSpecification\",\"valueRequired\":true,\"valueName\":\"search_term_string\"}}],\"inLanguage\":\"pl-PL\"}]}<\/script>\n<!-- \/ Yoast SEO plugin. -->","yoast_head_json":{"title":"The Charles Hotel Prague &#8211; The Charles Hotel &#8211;","description":"Hotel Charles Praga to korzystnie po\u0142o\u017cony romantyczny hotel - w samym sercu Ma\u0142ej Strany. Hotel Charles Praga oferuje romantyczne zakwaterowanie w 25 pokojach i 6 apartamentach, w kt\u00f3rych skupia si\u0119 bogata historia budynku z tradycj\u0105","robots":{"index":"index","follow":"follow","max-snippet":"max-snippet:-1","max-image-preview":"max-image-preview:large","max-video-preview":"max-video-preview:-1"},"canonical":"https:\/\/www.hotel-charles.eu\/pl\/","og_locale":"pl_PL","og_type":"article","og_title":"The Charles Hotel Prague &#8211; The Charles Hotel &#8211;","og_description":"Hotel Charles Praga to korzystnie po\u0142o\u017cony romantyczny hotel - w samym sercu Ma\u0142ej Strany. Hotel Charles Praga oferuje romantyczne zakwaterowanie w 25 pokojach i 6 apartamentach, w kt\u00f3rych skupia si\u0119 bogata historia budynku z tradycj\u0105","og_url":"https:\/\/www.hotel-charles.eu\/pl\/","og_site_name":"The Charles Hotel","article_modified_time":"2024-05-24T08:38:26+00:00","twitter_card":"summary_large_image","twitter_misc":{"Szacowany czas czytania":"1 minuta"},"schema":{"@context":"https:\/\/schema.org","@graph":[{"@type":"WebPage","@id":"https:\/\/www.hotel-charles.eu\/pl\/","url":"https:\/\/www.hotel-charles.eu\/pl\/","name":"The Charles Hotel Prague &#8211; The Charles Hotel &#8211;","isPartOf":{"@id":"https:\/\/www.hotel-charles.eu\/pl\/#website"},"datePublished":"2022-04-15T14:34:02+00:00","dateModified":"2024-05-24T08:38:26+00:00","description":"Hotel Charles Praga to korzystnie po\u0142o\u017cony romantyczny hotel - w samym sercu Ma\u0142ej Strany. Hotel Charles Praga oferuje romantyczne zakwaterowanie w 25 pokojach i 6 apartamentach, w kt\u00f3rych skupia si\u0119 bogata historia budynku z tradycj\u0105","breadcrumb":{"@id":"https:\/\/www.hotel-charles.eu\/pl\/#breadcrumb"},"inLanguage":"pl-PL","potentialAction":[{"@type":"ReadAction","target":["https:\/\/www.hotel-charles.eu\/pl\/"]}]},{"@type":"BreadcrumbList","@id":"https:\/\/www.hotel-charles.eu\/pl\/#breadcrumb","itemListElement":[{"@type":"ListItem","position":1,"name":"Home","item":"https:\/\/www.hotel-charles.eu\/pl\/"},{"@type":"ListItem","position":2,"name":"The Charles Hotel Prague"}]},{"@type":"WebSite","@id":"https:\/\/www.hotel-charles.eu\/pl\/#website","url":"https:\/\/www.hotel-charles.eu\/pl\/","name":"The Charles Hotel","description":"Just another ms.decms.eu site","potentialAction":[{"@type":"SearchAction","target":{"@type":"EntryPoint","urlTemplate":"https:\/\/www.hotel-charles.eu\/pl\/?s={search_term_string}"},"query-input":{"@type":"PropertyValueSpecification","valueRequired":true,"valueName":"search_term_string"}}],"inLanguage":"pl-PL"}]}},"acf":[],"_links":{"self":[{"href":"https:\/\/www.hotel-charles.eu\/pl\/wp-json\/wp\/v2\/pages\/8","targetHints":{"allow":["GET"]}}],"collection":[{"href":"https:\/\/www.hotel-charles.eu\/pl\/wp-json\/wp\/v2\/pages"}],"about":[{"href":"https:\/\/www.hotel-charles.eu\/pl\/wp-json\/wp\/v2\/types\/page"}],"author":[{"embeddable":true,"href":"https:\/\/www.hotel-charles.eu\/pl\/wp-json\/wp\/v2\/users\/7"}],"replies":[{"embeddable":true,"href":"https:\/\/www.hotel-charles.eu\/pl\/wp-json\/wp\/v2\/comments?post=8"}],"version-history":[{"count":0,"href":"https:\/\/www.hotel-charles.eu\/pl\/wp-json\/wp\/v2\/pages\/8\/revisions"}],"wp:attachment":[{"href":"https:\/\/www.hotel-charles.eu\/pl\/wp-json\/wp\/v2\/media?parent=8"}],"curies":[{"name":"wp","href":"https:\/\/api.w.org\/{rel}","templated":true}]}}