{"id":230,"date":"2022-04-21T13:32:24","date_gmt":"2022-04-21T13:32:24","guid":{"rendered":"https:\/\/charles-hotel.ms.decms.eu\/kontakt\/"},"modified":"2023-03-21T13:23:59","modified_gmt":"2023-03-21T13:23:59","slug":"kontaktow","status":"publish","type":"page","link":"https:\/\/www.hotel-charles.eu\/pl\/kontaktow\/","title":{"rendered":"Kontakt\u00f3w"},"content":{"rendered":"<p style=\"text-align: center;\">The Charles Hotel Prague<br \/>\nJosefsk\u00e1 1, 118 00 Prague 1 &#8211; Mal\u00e1 Strana<br \/>\nCzech Republic<\/p>\n","protected":false},"excerpt":{"rendered":"<p>The Charles Hotel Prague Josefsk\u00e1 1, 118 00 Prague 1 &#8211; Mal\u00e1 Strana Czech Republic<\/p>\n","protected":false},"author":7,"featured_media":0,"parent":0,"menu_order":35,"comment_status":"closed","ping_status":"closed","template":"template-default-4.php","meta":{"footnotes":""},"class_list":["post-230","page","type-page","status-publish","hentry"],"yoast_head":"<!-- This site is optimized with the Yoast SEO plugin v26.9 - https:\/\/yoast.com\/product\/yoast-seo-wordpress\/ -->\n<title>Kontakt\u00f3w &#8211; The Charles Hotel &#8211;<\/title>\n<meta name=\"description\" content=\"The Charles Hotel Prague Josefsk\u00e1 1, 118 00 Prague 1 - Mal\u00e1 Strana Czech Republic.\" \/>\n<meta name=\"robots\" content=\"index, follow, max-snippet:-1, max-image-preview:large, max-video-preview:-1\" \/>\n<link rel=\"canonical\" href=\"https:\/\/www.hotel-charles.eu\/pl\/kontaktow\/\" \/>\n<meta property=\"og:locale\" content=\"pl_PL\" \/>\n<meta property=\"og:type\" content=\"article\" \/>\n<meta property=\"og:title\" content=\"Kontakt\u00f3w &#8211; The Charles Hotel &#8211;\" \/>\n<meta property=\"og:description\" content=\"The Charles Hotel Prague Josefsk\u00e1 1, 118 00 Prague 1 - Mal\u00e1 Strana Czech Republic.\" \/>\n<meta property=\"og:url\" content=\"https:\/\/www.hotel-charles.eu\/pl\/kontaktow\/\" \/>\n<meta property=\"og:site_name\" content=\"The Charles Hotel\" \/>\n<meta property=\"article:modified_time\" content=\"2023-03-21T13:23:59+00:00\" \/>\n<meta name=\"twitter:card\" content=\"summary_large_image\" \/>\n<meta name=\"twitter:label1\" content=\"Szacowany czas czytania\" \/>\n\t<meta name=\"twitter:data1\" content=\"1 minuta\" \/>\n<script type=\"application\/ld+json\" class=\"yoast-schema-graph\">{\"@context\":\"https:\/\/schema.org\",\"@graph\":[{\"@type\":\"WebPage\",\"@id\":\"https:\/\/www.hotel-charles.eu\/pl\/kontaktow\/\",\"url\":\"https:\/\/www.hotel-charles.eu\/pl\/kontaktow\/\",\"name\":\"Kontakt\u00f3w &#8211; The Charles Hotel &#8211;\",\"isPartOf\":{\"@id\":\"https:\/\/www.hotel-charles.eu\/pl\/#website\"},\"datePublished\":\"2022-04-21T13:32:24+00:00\",\"dateModified\":\"2023-03-21T13:23:59+00:00\",\"description\":\"The Charles Hotel Prague Josefsk\u00e1 1, 118 00 Prague 1 - Mal\u00e1 Strana Czech Republic .\",\"breadcrumb\":{\"@id\":\"https:\/\/www.hotel-charles.eu\/pl\/kontaktow\/#breadcrumb\"},\"inLanguage\":\"pl-PL\",\"potentialAction\":[{\"@type\":\"ReadAction\",\"target\":[\"https:\/\/www.hotel-charles.eu\/pl\/kontaktow\/\"]}]},{\"@type\":\"BreadcrumbList\",\"@id\":\"https:\/\/www.hotel-charles.eu\/pl\/kontaktow\/#breadcrumb\",\"itemListElement\":[{\"@type\":\"ListItem\",\"position\":1,\"name\":\"Home\",\"item\":\"https:\/\/www.hotel-charles.eu\/pl\/\"},{\"@type\":\"ListItem\",\"position\":2,\"name\":\"Kontakt\u00f3w\"}]},{\"@type\":\"WebSite\",\"@id\":\"https:\/\/www.hotel-charles.eu\/pl\/#website\",\"url\":\"https:\/\/www.hotel-charles.eu\/pl\/\",\"name\":\"The Charles Hotel\",\"description\":\"Just another ms.decms.eu site\",\"potentialAction\":[{\"@type\":\"SearchAction\",\"target\":{\"@type\":\"EntryPoint\",\"urlTemplate\":\"https:\/\/www.hotel-charles.eu\/pl\/?s={search_term_string}\"},\"query-input\":{\"@type\":\"PropertyValueSpecification\",\"valueRequired\":true,\"valueName\":\"search_term_string\"}}],\"inLanguage\":\"pl-PL\"}]}<\/script>\n<!-- \/ Yoast SEO plugin. -->","yoast_head_json":{"title":"Kontakt\u00f3w &#8211; The Charles Hotel &#8211;","description":"The Charles Hotel Prague Josefsk\u00e1 1, 118 00 Prague 1 - Mal\u00e1 Strana Czech Republic.","robots":{"index":"index","follow":"follow","max-snippet":"max-snippet:-1","max-image-preview":"max-image-preview:large","max-video-preview":"max-video-preview:-1"},"canonical":"https:\/\/www.hotel-charles.eu\/pl\/kontaktow\/","og_locale":"pl_PL","og_type":"article","og_title":"Kontakt\u00f3w &#8211; The Charles Hotel &#8211;","og_description":"The Charles Hotel Prague Josefsk\u00e1 1, 118 00 Prague 1 - Mal\u00e1 Strana Czech Republic.","og_url":"https:\/\/www.hotel-charles.eu\/pl\/kontaktow\/","og_site_name":"The Charles Hotel","article_modified_time":"2023-03-21T13:23:59+00:00","twitter_card":"summary_large_image","twitter_misc":{"Szacowany czas czytania":"1 minuta"},"schema":{"@context":"https:\/\/schema.org","@graph":[{"@type":"WebPage","@id":"https:\/\/www.hotel-charles.eu\/pl\/kontaktow\/","url":"https:\/\/www.hotel-charles.eu\/pl\/kontaktow\/","name":"Kontakt\u00f3w &#8211; The Charles Hotel &#8211;","isPartOf":{"@id":"https:\/\/www.hotel-charles.eu\/pl\/#website"},"datePublished":"2022-04-21T13:32:24+00:00","dateModified":"2023-03-21T13:23:59+00:00","description":"The Charles Hotel Prague Josefsk\u00e1 1, 118 00 Prague 1 - Mal\u00e1 Strana Czech Republic .","breadcrumb":{"@id":"https:\/\/www.hotel-charles.eu\/pl\/kontaktow\/#breadcrumb"},"inLanguage":"pl-PL","potentialAction":[{"@type":"ReadAction","target":["https:\/\/www.hotel-charles.eu\/pl\/kontaktow\/"]}]},{"@type":"BreadcrumbList","@id":"https:\/\/www.hotel-charles.eu\/pl\/kontaktow\/#breadcrumb","itemListElement":[{"@type":"ListItem","position":1,"name":"Home","item":"https:\/\/www.hotel-charles.eu\/pl\/"},{"@type":"ListItem","position":2,"name":"Kontakt\u00f3w"}]},{"@type":"WebSite","@id":"https:\/\/www.hotel-charles.eu\/pl\/#website","url":"https:\/\/www.hotel-charles.eu\/pl\/","name":"The Charles Hotel","description":"Just another ms.decms.eu site","potentialAction":[{"@type":"SearchAction","target":{"@type":"EntryPoint","urlTemplate":"https:\/\/www.hotel-charles.eu\/pl\/?s={search_term_string}"},"query-input":{"@type":"PropertyValueSpecification","valueRequired":true,"valueName":"search_term_string"}}],"inLanguage":"pl-PL"}]}},"acf":[],"_links":{"self":[{"href":"https:\/\/www.hotel-charles.eu\/pl\/wp-json\/wp\/v2\/pages\/230","targetHints":{"allow":["GET"]}}],"collection":[{"href":"https:\/\/www.hotel-charles.eu\/pl\/wp-json\/wp\/v2\/pages"}],"about":[{"href":"https:\/\/www.hotel-charles.eu\/pl\/wp-json\/wp\/v2\/types\/page"}],"author":[{"embeddable":true,"href":"https:\/\/www.hotel-charles.eu\/pl\/wp-json\/wp\/v2\/users\/7"}],"replies":[{"embeddable":true,"href":"https:\/\/www.hotel-charles.eu\/pl\/wp-json\/wp\/v2\/comments?post=230"}],"version-history":[{"count":0,"href":"https:\/\/www.hotel-charles.eu\/pl\/wp-json\/wp\/v2\/pages\/230\/revisions"}],"wp:attachment":[{"href":"https:\/\/www.hotel-charles.eu\/pl\/wp-json\/wp\/v2\/media?parent=230"}],"curies":[{"name":"wp","href":"https:\/\/api.w.org\/{rel}","templated":true}]}}