{"id":192,"date":"2022-04-20T15:38:46","date_gmt":"2022-04-20T15:38:46","guid":{"rendered":"https:\/\/charles-hotel.ms.decms.eu\/sluzby\/"},"modified":"2023-11-21T13:49:20","modified_gmt":"2023-11-21T13:49:20","slug":"uslug","status":"publish","type":"page","link":"https:\/\/www.hotel-charles.eu\/pl\/uslug\/","title":{"rendered":"Us\u0142ug"},"content":{"rendered":"<p>Aby zapewni\u0107 naszym go\u015bciom w hotelu Charles Praga poczucie komfortu, do dyspozycji jest nieprzerwanie nasz profesjonalny personel, \u015bwiadcz\u0105cy nast\u0119puj\u0105ce us\u0142ugi:<\/p>\n","protected":false},"excerpt":{"rendered":"<p>Aby zapewni\u0107 naszym go\u015bciom w hotelu Charles Praga poczucie komfortu, do dyspozycji jest nieprzerwanie nasz profesjonalny personel, \u015bwiadcz\u0105cy nast\u0119puj\u0105ce us\u0142ugi:<\/p>\n","protected":false},"author":7,"featured_media":0,"parent":0,"menu_order":15,"comment_status":"closed","ping_status":"closed","template":"template-services.php","meta":{"footnotes":""},"class_list":["post-192","page","type-page","status-publish","hentry"],"yoast_head":"<!-- This site is optimized with the Yoast SEO plugin v26.9 - https:\/\/yoast.com\/product\/yoast-seo-wordpress\/ -->\n<title>Us\u0142ug &#8211; The Charles Hotel &#8211;<\/title>\n<meta name=\"description\" content=\"Aby zapewni\u0107 naszym go\u015bciom w hotelu Charles Praga poczucie komfortu, do dyspozycji jest nieprzerwanie nasz profesjonalny personel, \u015bwiadcz\u0105cy nast\u0119puj\u0105ce us\u0142ugi:.\" \/>\n<meta name=\"robots\" content=\"index, follow, max-snippet:-1, max-image-preview:large, max-video-preview:-1\" \/>\n<link rel=\"canonical\" href=\"https:\/\/www.hotel-charles.eu\/pl\/uslug\/\" \/>\n<meta property=\"og:locale\" content=\"pl_PL\" \/>\n<meta property=\"og:type\" content=\"article\" \/>\n<meta property=\"og:title\" content=\"Us\u0142ug &#8211; The Charles Hotel &#8211;\" \/>\n<meta property=\"og:description\" content=\"Aby zapewni\u0107 naszym go\u015bciom w hotelu Charles Praga poczucie komfortu, do dyspozycji jest nieprzerwanie nasz profesjonalny personel, \u015bwiadcz\u0105cy nast\u0119puj\u0105ce us\u0142ugi:.\" \/>\n<meta property=\"og:url\" content=\"https:\/\/www.hotel-charles.eu\/pl\/uslug\/\" \/>\n<meta property=\"og:site_name\" content=\"The Charles Hotel\" \/>\n<meta property=\"article:modified_time\" content=\"2023-11-21T13:49:20+00:00\" \/>\n<meta name=\"twitter:card\" content=\"summary_large_image\" \/>\n<script type=\"application\/ld+json\" class=\"yoast-schema-graph\">{\"@context\":\"https:\/\/schema.org\",\"@graph\":[{\"@type\":\"WebPage\",\"@id\":\"https:\/\/www.hotel-charles.eu\/pl\/uslug\/\",\"url\":\"https:\/\/www.hotel-charles.eu\/pl\/uslug\/\",\"name\":\"Us\u0142ug &#8211; The Charles Hotel &#8211;\",\"isPartOf\":{\"@id\":\"https:\/\/www.hotel-charles.eu\/pl\/#website\"},\"datePublished\":\"2022-04-20T15:38:46+00:00\",\"dateModified\":\"2023-11-21T13:49:20+00:00\",\"description\":\"Aby zapewni\u0107 naszym go\u015bciom w hotelu Charles Praga poczucie komfortu, do dyspozycji jest nieprzerwanie nasz profesjonalny personel, \u015bwiadcz\u0105cy nast\u0119puj\u0105ce us\u0142ugi:.\",\"breadcrumb\":{\"@id\":\"https:\/\/www.hotel-charles.eu\/pl\/uslug\/#breadcrumb\"},\"inLanguage\":\"pl-PL\",\"potentialAction\":[{\"@type\":\"ReadAction\",\"target\":[\"https:\/\/www.hotel-charles.eu\/pl\/uslug\/\"]}]},{\"@type\":\"BreadcrumbList\",\"@id\":\"https:\/\/www.hotel-charles.eu\/pl\/uslug\/#breadcrumb\",\"itemListElement\":[{\"@type\":\"ListItem\",\"position\":1,\"name\":\"Home\",\"item\":\"https:\/\/www.hotel-charles.eu\/pl\/\"},{\"@type\":\"ListItem\",\"position\":2,\"name\":\"Us\u0142ug\"}]},{\"@type\":\"WebSite\",\"@id\":\"https:\/\/www.hotel-charles.eu\/pl\/#website\",\"url\":\"https:\/\/www.hotel-charles.eu\/pl\/\",\"name\":\"The Charles Hotel\",\"description\":\"Just another ms.decms.eu site\",\"potentialAction\":[{\"@type\":\"SearchAction\",\"target\":{\"@type\":\"EntryPoint\",\"urlTemplate\":\"https:\/\/www.hotel-charles.eu\/pl\/?s={search_term_string}\"},\"query-input\":{\"@type\":\"PropertyValueSpecification\",\"valueRequired\":true,\"valueName\":\"search_term_string\"}}],\"inLanguage\":\"pl-PL\"}]}<\/script>\n<!-- \/ Yoast SEO plugin. -->","yoast_head_json":{"title":"Us\u0142ug &#8211; The Charles Hotel &#8211;","description":"Aby zapewni\u0107 naszym go\u015bciom w hotelu Charles Praga poczucie komfortu, do dyspozycji jest nieprzerwanie nasz profesjonalny personel, \u015bwiadcz\u0105cy nast\u0119puj\u0105ce us\u0142ugi:.","robots":{"index":"index","follow":"follow","max-snippet":"max-snippet:-1","max-image-preview":"max-image-preview:large","max-video-preview":"max-video-preview:-1"},"canonical":"https:\/\/www.hotel-charles.eu\/pl\/uslug\/","og_locale":"pl_PL","og_type":"article","og_title":"Us\u0142ug &#8211; The Charles Hotel &#8211;","og_description":"Aby zapewni\u0107 naszym go\u015bciom w hotelu Charles Praga poczucie komfortu, do dyspozycji jest nieprzerwanie nasz profesjonalny personel, \u015bwiadcz\u0105cy nast\u0119puj\u0105ce us\u0142ugi:.","og_url":"https:\/\/www.hotel-charles.eu\/pl\/uslug\/","og_site_name":"The Charles Hotel","article_modified_time":"2023-11-21T13:49:20+00:00","twitter_card":"summary_large_image","schema":{"@context":"https:\/\/schema.org","@graph":[{"@type":"WebPage","@id":"https:\/\/www.hotel-charles.eu\/pl\/uslug\/","url":"https:\/\/www.hotel-charles.eu\/pl\/uslug\/","name":"Us\u0142ug &#8211; The Charles Hotel &#8211;","isPartOf":{"@id":"https:\/\/www.hotel-charles.eu\/pl\/#website"},"datePublished":"2022-04-20T15:38:46+00:00","dateModified":"2023-11-21T13:49:20+00:00","description":"Aby zapewni\u0107 naszym go\u015bciom w hotelu Charles Praga poczucie komfortu, do dyspozycji jest nieprzerwanie nasz profesjonalny personel, \u015bwiadcz\u0105cy nast\u0119puj\u0105ce us\u0142ugi:.","breadcrumb":{"@id":"https:\/\/www.hotel-charles.eu\/pl\/uslug\/#breadcrumb"},"inLanguage":"pl-PL","potentialAction":[{"@type":"ReadAction","target":["https:\/\/www.hotel-charles.eu\/pl\/uslug\/"]}]},{"@type":"BreadcrumbList","@id":"https:\/\/www.hotel-charles.eu\/pl\/uslug\/#breadcrumb","itemListElement":[{"@type":"ListItem","position":1,"name":"Home","item":"https:\/\/www.hotel-charles.eu\/pl\/"},{"@type":"ListItem","position":2,"name":"Us\u0142ug"}]},{"@type":"WebSite","@id":"https:\/\/www.hotel-charles.eu\/pl\/#website","url":"https:\/\/www.hotel-charles.eu\/pl\/","name":"The Charles Hotel","description":"Just another ms.decms.eu site","potentialAction":[{"@type":"SearchAction","target":{"@type":"EntryPoint","urlTemplate":"https:\/\/www.hotel-charles.eu\/pl\/?s={search_term_string}"},"query-input":{"@type":"PropertyValueSpecification","valueRequired":true,"valueName":"search_term_string"}}],"inLanguage":"pl-PL"}]}},"acf":[],"_links":{"self":[{"href":"https:\/\/www.hotel-charles.eu\/pl\/wp-json\/wp\/v2\/pages\/192","targetHints":{"allow":["GET"]}}],"collection":[{"href":"https:\/\/www.hotel-charles.eu\/pl\/wp-json\/wp\/v2\/pages"}],"about":[{"href":"https:\/\/www.hotel-charles.eu\/pl\/wp-json\/wp\/v2\/types\/page"}],"author":[{"embeddable":true,"href":"https:\/\/www.hotel-charles.eu\/pl\/wp-json\/wp\/v2\/users\/7"}],"replies":[{"embeddable":true,"href":"https:\/\/www.hotel-charles.eu\/pl\/wp-json\/wp\/v2\/comments?post=192"}],"version-history":[{"count":0,"href":"https:\/\/www.hotel-charles.eu\/pl\/wp-json\/wp\/v2\/pages\/192\/revisions"}],"wp:attachment":[{"href":"https:\/\/www.hotel-charles.eu\/pl\/wp-json\/wp\/v2\/media?parent=192"}],"curies":[{"name":"wp","href":"https:\/\/api.w.org\/{rel}","templated":true}]}}