{"id":173,"date":"2022-04-20T13:08:24","date_gmt":"2022-04-20T13:08:24","guid":{"rendered":"https:\/\/charles-hotel.ms.decms.eu\/?page_id=173"},"modified":"2022-04-20T15:02:34","modified_gmt":"2022-04-20T15:02:34","slug":"pokoje","status":"publish","type":"page","link":"https:\/\/www.hotel-charles.eu\/pl\/pokoje\/","title":{"rendered":"Pokoje"},"content":{"rendered":"<p>Hotel Charles znajduje si\u0119 100 <strong>metr\u00f3w od Mosta Karola<\/strong>. Jest nowo zrekonstruowany, a ka\u017cdy z pokoi hotelowych odznacza si\u0119 w\u0142asnym osobistym charakterem. Hotel Charles Praga to ma\u0142y romantyczny hotel w historycznym budynku. Swoim go\u015bciom oferuje pe\u0142ny komfort, nie pozbawiaj\u0105c czaru tego historycznego i romantycznego budynku.<\/p>\n<p>Hotel Charles Praga oferuje noclegi w 31 pokojach, w tym 6 romantycznych apartamentach. Wszystkie pokoje s\u0105 wyposa\u017cone w meble w stylu barokowym. Ka\u017cdy posiada w\u0142asn\u0105 \u0142azienk\u0119 z wann\u0105 lub prysznicem, WC, suszark\u0119 do w\u0142os\u00f3w, telefon, telewizj\u0119 satelitarn\u0105, mini-bar i sejf.<\/p>\n<p>Pokoje <strong>hotelu Charles Praga<\/strong> s\u0105 wyposa\u017cone w odrestaurowane meble barokowe, znajduj\u0105 si\u0119 tu pierwotne malowid\u0142a i belki stropowe.<\/p>\n<p>Ka\u017cdy pok\u00f3j hotelu Charles Praga posiada unikalne zdobnictwo, klimatyzacj\u0119, w\u0142asn\u0105 \u0142azienk\u0119, telefon z bezpo\u015brednim po\u0142\u0105czeniem, telewizj\u0119 z odbiorem satelitarnym, sejf, mini-bar i bezp\u0142atne Wi-Fi.<\/p>\n<p>Pokoje hotelu Charles Praga s\u0105 <strong>wyposa\u017cone w odrestaurowane meble barokowe<\/strong>, znajduj\u0105 si\u0119 tu pierwotne malowid\u0142a i belki stropowe.<\/p>\n","protected":false},"excerpt":{"rendered":"<p>Hotel Charles znajduje si\u0119 100 metr\u00f3w od Mosta Karola. Jest nowo zrekonstruowany, a ka\u017cdy z pokoi hotelowych odznacza si\u0119 w\u0142asnym osobistym charakterem. Hotel Charles Praga to ma\u0142y romantyczny hotel w historycznym budynku. Swoim go\u015bciom oferuje pe\u0142ny komfort, nie pozbawiaj\u0105c czaru tego historycznego i romantycznego budynku. Hotel Charles Praga oferuje noclegi w 31 pokojach, w tym [&hellip;]<\/p>\n","protected":false},"author":7,"featured_media":0,"parent":0,"menu_order":10,"comment_status":"closed","ping_status":"closed","template":"template-rooms.php","meta":{"footnotes":""},"class_list":["post-173","page","type-page","status-publish","hentry"],"yoast_head":"<!-- This site is optimized with the Yoast SEO plugin v26.9 - https:\/\/yoast.com\/product\/yoast-seo-wordpress\/ -->\n<title>Pokoje &#8211; The Charles Hotel &#8211;<\/title>\n<meta name=\"description\" content=\"Hotel Charles znajduje si\u0119 100 metr\u00f3w od Mosta Karola. Jest nowo zrekonstruowany, a ka\u017cdy z pokoi hotelowych odznacza si\u0119 w\u0142asnym osobistym charakterem\" \/>\n<meta name=\"robots\" content=\"index, follow, max-snippet:-1, max-image-preview:large, max-video-preview:-1\" \/>\n<link rel=\"canonical\" href=\"https:\/\/www.hotel-charles.eu\/pl\/pokoje\/\" \/>\n<meta property=\"og:locale\" content=\"pl_PL\" \/>\n<meta property=\"og:type\" content=\"article\" \/>\n<meta property=\"og:title\" content=\"Pokoje &#8211; The Charles Hotel &#8211;\" \/>\n<meta property=\"og:description\" content=\"Hotel Charles znajduje si\u0119 100 metr\u00f3w od Mosta Karola. Jest nowo zrekonstruowany, a ka\u017cdy z pokoi hotelowych odznacza si\u0119 w\u0142asnym osobistym charakterem\" \/>\n<meta property=\"og:url\" content=\"https:\/\/www.hotel-charles.eu\/pl\/pokoje\/\" \/>\n<meta property=\"og:site_name\" content=\"The Charles Hotel\" \/>\n<meta property=\"article:modified_time\" content=\"2022-04-20T15:02:34+00:00\" \/>\n<meta name=\"twitter:card\" content=\"summary_large_image\" \/>\n<meta name=\"twitter:label1\" content=\"Szacowany czas czytania\" \/>\n\t<meta name=\"twitter:data1\" content=\"1 minuta\" \/>\n<script type=\"application\/ld+json\" class=\"yoast-schema-graph\">{\"@context\":\"https:\/\/schema.org\",\"@graph\":[{\"@type\":\"WebPage\",\"@id\":\"https:\/\/www.hotel-charles.eu\/pl\/pokoje\/\",\"url\":\"https:\/\/www.hotel-charles.eu\/pl\/pokoje\/\",\"name\":\"Pokoje &#8211; The Charles Hotel &#8211;\",\"isPartOf\":{\"@id\":\"https:\/\/www.hotel-charles.eu\/pl\/#website\"},\"datePublished\":\"2022-04-20T13:08:24+00:00\",\"dateModified\":\"2022-04-20T15:02:34+00:00\",\"description\":\"Hotel Charles znajduje si\u0119 100 metr\u00f3w od Mosta Karola. Jest nowo zrekonstruowany, a ka\u017cdy z pokoi hotelowych odznacza si\u0119 w\u0142asnym osobistym charakterem\",\"breadcrumb\":{\"@id\":\"https:\/\/www.hotel-charles.eu\/pl\/pokoje\/#breadcrumb\"},\"inLanguage\":\"pl-PL\",\"potentialAction\":[{\"@type\":\"ReadAction\",\"target\":[\"https:\/\/www.hotel-charles.eu\/pl\/pokoje\/\"]}]},{\"@type\":\"BreadcrumbList\",\"@id\":\"https:\/\/www.hotel-charles.eu\/pl\/pokoje\/#breadcrumb\",\"itemListElement\":[{\"@type\":\"ListItem\",\"position\":1,\"name\":\"Home\",\"item\":\"https:\/\/www.hotel-charles.eu\/pl\/\"},{\"@type\":\"ListItem\",\"position\":2,\"name\":\"Pokoje\"}]},{\"@type\":\"WebSite\",\"@id\":\"https:\/\/www.hotel-charles.eu\/pl\/#website\",\"url\":\"https:\/\/www.hotel-charles.eu\/pl\/\",\"name\":\"The Charles Hotel\",\"description\":\"Just another ms.decms.eu site\",\"potentialAction\":[{\"@type\":\"SearchAction\",\"target\":{\"@type\":\"EntryPoint\",\"urlTemplate\":\"https:\/\/www.hotel-charles.eu\/pl\/?s={search_term_string}\"},\"query-input\":{\"@type\":\"PropertyValueSpecification\",\"valueRequired\":true,\"valueName\":\"search_term_string\"}}],\"inLanguage\":\"pl-PL\"}]}<\/script>\n<!-- \/ Yoast SEO plugin. -->","yoast_head_json":{"title":"Pokoje &#8211; The Charles Hotel &#8211;","description":"Hotel Charles znajduje si\u0119 100 metr\u00f3w od Mosta Karola. Jest nowo zrekonstruowany, a ka\u017cdy z pokoi hotelowych odznacza si\u0119 w\u0142asnym osobistym charakterem","robots":{"index":"index","follow":"follow","max-snippet":"max-snippet:-1","max-image-preview":"max-image-preview:large","max-video-preview":"max-video-preview:-1"},"canonical":"https:\/\/www.hotel-charles.eu\/pl\/pokoje\/","og_locale":"pl_PL","og_type":"article","og_title":"Pokoje &#8211; The Charles Hotel &#8211;","og_description":"Hotel Charles znajduje si\u0119 100 metr\u00f3w od Mosta Karola. Jest nowo zrekonstruowany, a ka\u017cdy z pokoi hotelowych odznacza si\u0119 w\u0142asnym osobistym charakterem","og_url":"https:\/\/www.hotel-charles.eu\/pl\/pokoje\/","og_site_name":"The Charles Hotel","article_modified_time":"2022-04-20T15:02:34+00:00","twitter_card":"summary_large_image","twitter_misc":{"Szacowany czas czytania":"1 minuta"},"schema":{"@context":"https:\/\/schema.org","@graph":[{"@type":"WebPage","@id":"https:\/\/www.hotel-charles.eu\/pl\/pokoje\/","url":"https:\/\/www.hotel-charles.eu\/pl\/pokoje\/","name":"Pokoje &#8211; The Charles Hotel &#8211;","isPartOf":{"@id":"https:\/\/www.hotel-charles.eu\/pl\/#website"},"datePublished":"2022-04-20T13:08:24+00:00","dateModified":"2022-04-20T15:02:34+00:00","description":"Hotel Charles znajduje si\u0119 100 metr\u00f3w od Mosta Karola. Jest nowo zrekonstruowany, a ka\u017cdy z pokoi hotelowych odznacza si\u0119 w\u0142asnym osobistym charakterem","breadcrumb":{"@id":"https:\/\/www.hotel-charles.eu\/pl\/pokoje\/#breadcrumb"},"inLanguage":"pl-PL","potentialAction":[{"@type":"ReadAction","target":["https:\/\/www.hotel-charles.eu\/pl\/pokoje\/"]}]},{"@type":"BreadcrumbList","@id":"https:\/\/www.hotel-charles.eu\/pl\/pokoje\/#breadcrumb","itemListElement":[{"@type":"ListItem","position":1,"name":"Home","item":"https:\/\/www.hotel-charles.eu\/pl\/"},{"@type":"ListItem","position":2,"name":"Pokoje"}]},{"@type":"WebSite","@id":"https:\/\/www.hotel-charles.eu\/pl\/#website","url":"https:\/\/www.hotel-charles.eu\/pl\/","name":"The Charles Hotel","description":"Just another ms.decms.eu site","potentialAction":[{"@type":"SearchAction","target":{"@type":"EntryPoint","urlTemplate":"https:\/\/www.hotel-charles.eu\/pl\/?s={search_term_string}"},"query-input":{"@type":"PropertyValueSpecification","valueRequired":true,"valueName":"search_term_string"}}],"inLanguage":"pl-PL"}]}},"acf":[],"_links":{"self":[{"href":"https:\/\/www.hotel-charles.eu\/pl\/wp-json\/wp\/v2\/pages\/173","targetHints":{"allow":["GET"]}}],"collection":[{"href":"https:\/\/www.hotel-charles.eu\/pl\/wp-json\/wp\/v2\/pages"}],"about":[{"href":"https:\/\/www.hotel-charles.eu\/pl\/wp-json\/wp\/v2\/types\/page"}],"author":[{"embeddable":true,"href":"https:\/\/www.hotel-charles.eu\/pl\/wp-json\/wp\/v2\/users\/7"}],"replies":[{"embeddable":true,"href":"https:\/\/www.hotel-charles.eu\/pl\/wp-json\/wp\/v2\/comments?post=173"}],"version-history":[{"count":0,"href":"https:\/\/www.hotel-charles.eu\/pl\/wp-json\/wp\/v2\/pages\/173\/revisions"}],"wp:attachment":[{"href":"https:\/\/www.hotel-charles.eu\/pl\/wp-json\/wp\/v2\/media?parent=173"}],"curies":[{"name":"wp","href":"https:\/\/api.w.org\/{rel}","templated":true}]}}