{"id":129,"date":"2022-04-19T12:15:44","date_gmt":"2022-04-19T12:15:44","guid":{"rendered":"https:\/\/charles-hotel.ms.decms.eu\/historie-hotelu\/"},"modified":"2022-04-20T09:49:57","modified_gmt":"2022-04-20T09:49:57","slug":"historia-hotelu","status":"publish","type":"page","link":"https:\/\/www.hotel-charles.eu\/pl\/historia-hotelu\/","title":{"rendered":"Historia hotelu"},"content":{"rendered":"<p>Historyczna nazwa domu przy ul. Josefsk\u00e1 1\/42 na Ma\u0142ej Stranie to dom U Z\u0142otego Or\u0142a (naro\u017cna cz\u0119\u015b\u0107 budynku) lub znany tak\u017ce pod pierwotn\u0105 nazw\u0105 starszego domu z wej\u015bciem od ulicy Josefska, jako dom U 3 Barank\u00f3w.<\/p>\n<p>Dom przebudowany na hotel ma wysok\u0105 warto\u015b\u0107 urbanistyczn\u0105, znajduje si\u0119 pod nadzorem Urz\u0119du Ochrony Zabytk\u00f3w i stanowi cz\u0119\u015b\u0107 Czech National Heritage.<\/p>\n<p>Pierwsze pisemne wzmianki dotycz\u0105ce lokalizacji budynku pochodz\u0105 z XII wieku, kiedy to pierwotny wa\u0142 obronny z fos\u0105 zosta\u0142 zast\u0105piony komunikacj\u0105 i domem w stylu gotyckim. Resztki wa\u0142u zachowa\u0142y si\u0119 w piwnicy w \u015brodkowej cz\u0119\u015bci domu na g\u0142\u0119boko\u015bci ok. 4m.<\/p>\n<p>Pierwsza wzmianka dotycz\u0105ca kupna domu pochodzi z roku 1408, kiedy to szewc Veleslav zwany \u0160temberk kupi\u0142 dom szewca V\u00e1clava Jikrn\u00e1\u010de za nieznan\u0105 cen\u0119.<\/p>\n<p>Pocz\u0105tkowo w miejscu obecnego domu sta\u0142y dwa samodzielne obiekty. Naro\u017cny dom U Z\u0142otego Or\u0142a i dom z wej\u015bciem od ulicy Josefska, kt\u00f3ry nazwano U 3 Barank\u00f3w.<\/p>\n<p>Po\u0142\u0105czenie obu dom\u00f3w nast\u0105pi\u0142o podczas du\u017cej przebudowy w 1685 roku, kiedy dom pozostawi\u0142 sobie nazw\u0119 U Z\u0142otego Or\u0142a.<\/p>\n","protected":false},"excerpt":{"rendered":"<p>Historyczna nazwa domu przy ul. Josefsk\u00e1 1\/42 na Ma\u0142ej Stranie to dom U Z\u0142otego Or\u0142a (naro\u017cna cz\u0119\u015b\u0107 budynku) lub znany tak\u017ce pod pierwotn\u0105 nazw\u0105 starszego domu z wej\u015bciem od ulicy Josefska, jako dom U 3 Barank\u00f3w. Dom przebudowany na hotel ma wysok\u0105 warto\u015b\u0107 urbanistyczn\u0105, znajduje si\u0119 pod nadzorem Urz\u0119du Ochrony Zabytk\u00f3w i stanowi cz\u0119\u015b\u0107 Czech [&hellip;]<\/p>\n","protected":false},"author":7,"featured_media":0,"parent":0,"menu_order":5,"comment_status":"closed","ping_status":"closed","template":"template-default-2.php","meta":{"footnotes":""},"class_list":["post-129","page","type-page","status-publish","hentry"],"yoast_head":"<!-- This site is optimized with the Yoast SEO plugin v26.9 - https:\/\/yoast.com\/product\/yoast-seo-wordpress\/ -->\n<title>Historia hotelu &#8211; The Charles Hotel &#8211;<\/title>\n<meta name=\"description\" content=\"Historyczna nazwa domu przy ul. Josefsk\u00e1 1\/42 na Ma\u0142ej Stranie to dom U Z\u0142otego Or\u0142a (naro\u017cna cz\u0119\u015b\u0107 budynku) lub znany tak\u017ce pod pierwotn\u0105 nazw\u0105 starszego domu z wej\u015bciem od ulicy Josefska, jako dom U 3 Barank\u00f3w.  Dom przebudowany na hotel ma wysok\u0105 warto\u015b\u0107 urbanistyczn\u0105, znajduje si\u0119 pod nadzorem Urz\u0119du Ochrony Zabytk\u00f3w i stanowi cz\u0119\u015b\u0107 Czech National Heritage.  Pierwsze pisemne wzmianki dotycz\u0105ce lokalizacji budynku pochodz\u0105 z XII wieku, kiedy to pierwotny wa\u0142 obronny z fos\u0105 zosta\u0142 zast\u0105piony komunikacj\u0105 i domem w stylu gotyckim\" \/>\n<meta name=\"robots\" content=\"index, follow, max-snippet:-1, max-image-preview:large, max-video-preview:-1\" \/>\n<link rel=\"canonical\" href=\"https:\/\/www.hotel-charles.eu\/pl\/historia-hotelu\/\" \/>\n<meta property=\"og:locale\" content=\"pl_PL\" \/>\n<meta property=\"og:type\" content=\"article\" \/>\n<meta property=\"og:title\" content=\"Historia hotelu &#8211; The Charles Hotel &#8211;\" \/>\n<meta property=\"og:description\" content=\"Historyczna nazwa domu przy ul. Josefsk\u00e1 1\/42 na Ma\u0142ej Stranie to dom U Z\u0142otego Or\u0142a (naro\u017cna cz\u0119\u015b\u0107 budynku) lub znany tak\u017ce pod pierwotn\u0105 nazw\u0105 starszego domu z wej\u015bciem od ulicy Josefska, jako dom U 3 Barank\u00f3w.  Dom przebudowany na hotel ma wysok\u0105 warto\u015b\u0107 urbanistyczn\u0105, znajduje si\u0119 pod nadzorem Urz\u0119du Ochrony Zabytk\u00f3w i stanowi cz\u0119\u015b\u0107 Czech National Heritage.  Pierwsze pisemne wzmianki dotycz\u0105ce lokalizacji budynku pochodz\u0105 z XII wieku, kiedy to pierwotny wa\u0142 obronny z fos\u0105 zosta\u0142 zast\u0105piony komunikacj\u0105 i domem w stylu gotyckim\" \/>\n<meta property=\"og:url\" content=\"https:\/\/www.hotel-charles.eu\/pl\/historia-hotelu\/\" \/>\n<meta property=\"og:site_name\" content=\"The Charles Hotel\" \/>\n<meta property=\"article:modified_time\" content=\"2022-04-20T09:49:57+00:00\" \/>\n<meta name=\"twitter:card\" content=\"summary_large_image\" \/>\n<meta name=\"twitter:label1\" content=\"Szacowany czas czytania\" \/>\n\t<meta name=\"twitter:data1\" content=\"1 minuta\" \/>\n<script type=\"application\/ld+json\" class=\"yoast-schema-graph\">{\"@context\":\"https:\/\/schema.org\",\"@graph\":[{\"@type\":\"WebPage\",\"@id\":\"https:\/\/www.hotel-charles.eu\/pl\/historia-hotelu\/\",\"url\":\"https:\/\/www.hotel-charles.eu\/pl\/historia-hotelu\/\",\"name\":\"Historia hotelu &#8211; The Charles Hotel &#8211;\",\"isPartOf\":{\"@id\":\"https:\/\/www.hotel-charles.eu\/pl\/#website\"},\"datePublished\":\"2022-04-19T12:15:44+00:00\",\"dateModified\":\"2022-04-20T09:49:57+00:00\",\"description\":\"Historyczna nazwa domu przy ul. Josefsk\u00e1 1\/42 na Ma\u0142ej Stranie to dom U Z\u0142otego Or\u0142a (naro\u017cna cz\u0119\u015b\u0107 budynku) lub znany tak\u017ce pod pierwotn\u0105 nazw\u0105 starszego domu z wej\u015bciem od ulicy Josefska, jako dom U 3 Barank\u00f3w. Dom przebudowany na hotel ma wysok\u0105 warto\u015b\u0107 urbanistyczn\u0105, znajduje si\u0119 pod nadzorem Urz\u0119du Ochrony Zabytk\u00f3w i stanowi cz\u0119\u015b\u0107 Czech National Heritage. Pierwsze pisemne wzmianki dotycz\u0105ce lokalizacji budynku pochodz\u0105 z XII wieku, kiedy to pierwotny wa\u0142 obronny z fos\u0105 zosta\u0142 zast\u0105piony komunikacj\u0105 i domem w stylu gotyckim\",\"breadcrumb\":{\"@id\":\"https:\/\/www.hotel-charles.eu\/pl\/historia-hotelu\/#breadcrumb\"},\"inLanguage\":\"pl-PL\",\"potentialAction\":[{\"@type\":\"ReadAction\",\"target\":[\"https:\/\/www.hotel-charles.eu\/pl\/historia-hotelu\/\"]}]},{\"@type\":\"BreadcrumbList\",\"@id\":\"https:\/\/www.hotel-charles.eu\/pl\/historia-hotelu\/#breadcrumb\",\"itemListElement\":[{\"@type\":\"ListItem\",\"position\":1,\"name\":\"Home\",\"item\":\"https:\/\/www.hotel-charles.eu\/pl\/\"},{\"@type\":\"ListItem\",\"position\":2,\"name\":\"Historia hotelu\"}]},{\"@type\":\"WebSite\",\"@id\":\"https:\/\/www.hotel-charles.eu\/pl\/#website\",\"url\":\"https:\/\/www.hotel-charles.eu\/pl\/\",\"name\":\"The Charles Hotel\",\"description\":\"Just another ms.decms.eu site\",\"potentialAction\":[{\"@type\":\"SearchAction\",\"target\":{\"@type\":\"EntryPoint\",\"urlTemplate\":\"https:\/\/www.hotel-charles.eu\/pl\/?s={search_term_string}\"},\"query-input\":{\"@type\":\"PropertyValueSpecification\",\"valueRequired\":true,\"valueName\":\"search_term_string\"}}],\"inLanguage\":\"pl-PL\"}]}<\/script>\n<!-- \/ Yoast SEO plugin. -->","yoast_head_json":{"title":"Historia hotelu &#8211; The Charles Hotel &#8211;","description":"Historyczna nazwa domu przy ul. Josefsk\u00e1 1\/42 na Ma\u0142ej Stranie to dom U Z\u0142otego Or\u0142a (naro\u017cna cz\u0119\u015b\u0107 budynku) lub znany tak\u017ce pod pierwotn\u0105 nazw\u0105 starszego domu z wej\u015bciem od ulicy Josefska, jako dom U 3 Barank\u00f3w.  Dom przebudowany na hotel ma wysok\u0105 warto\u015b\u0107 urbanistyczn\u0105, znajduje si\u0119 pod nadzorem Urz\u0119du Ochrony Zabytk\u00f3w i stanowi cz\u0119\u015b\u0107 Czech National Heritage.  Pierwsze pisemne wzmianki dotycz\u0105ce lokalizacji budynku pochodz\u0105 z XII wieku, kiedy to pierwotny wa\u0142 obronny z fos\u0105 zosta\u0142 zast\u0105piony komunikacj\u0105 i domem w stylu gotyckim","robots":{"index":"index","follow":"follow","max-snippet":"max-snippet:-1","max-image-preview":"max-image-preview:large","max-video-preview":"max-video-preview:-1"},"canonical":"https:\/\/www.hotel-charles.eu\/pl\/historia-hotelu\/","og_locale":"pl_PL","og_type":"article","og_title":"Historia hotelu &#8211; The Charles Hotel &#8211;","og_description":"Historyczna nazwa domu przy ul. Josefsk\u00e1 1\/42 na Ma\u0142ej Stranie to dom U Z\u0142otego Or\u0142a (naro\u017cna cz\u0119\u015b\u0107 budynku) lub znany tak\u017ce pod pierwotn\u0105 nazw\u0105 starszego domu z wej\u015bciem od ulicy Josefska, jako dom U 3 Barank\u00f3w.  Dom przebudowany na hotel ma wysok\u0105 warto\u015b\u0107 urbanistyczn\u0105, znajduje si\u0119 pod nadzorem Urz\u0119du Ochrony Zabytk\u00f3w i stanowi cz\u0119\u015b\u0107 Czech National Heritage.  Pierwsze pisemne wzmianki dotycz\u0105ce lokalizacji budynku pochodz\u0105 z XII wieku, kiedy to pierwotny wa\u0142 obronny z fos\u0105 zosta\u0142 zast\u0105piony komunikacj\u0105 i domem w stylu gotyckim","og_url":"https:\/\/www.hotel-charles.eu\/pl\/historia-hotelu\/","og_site_name":"The Charles Hotel","article_modified_time":"2022-04-20T09:49:57+00:00","twitter_card":"summary_large_image","twitter_misc":{"Szacowany czas czytania":"1 minuta"},"schema":{"@context":"https:\/\/schema.org","@graph":[{"@type":"WebPage","@id":"https:\/\/www.hotel-charles.eu\/pl\/historia-hotelu\/","url":"https:\/\/www.hotel-charles.eu\/pl\/historia-hotelu\/","name":"Historia hotelu &#8211; The Charles Hotel &#8211;","isPartOf":{"@id":"https:\/\/www.hotel-charles.eu\/pl\/#website"},"datePublished":"2022-04-19T12:15:44+00:00","dateModified":"2022-04-20T09:49:57+00:00","description":"Historyczna nazwa domu przy ul. Josefsk\u00e1 1\/42 na Ma\u0142ej Stranie to dom U Z\u0142otego Or\u0142a (naro\u017cna cz\u0119\u015b\u0107 budynku) lub znany tak\u017ce pod pierwotn\u0105 nazw\u0105 starszego domu z wej\u015bciem od ulicy Josefska, jako dom U 3 Barank\u00f3w. Dom przebudowany na hotel ma wysok\u0105 warto\u015b\u0107 urbanistyczn\u0105, znajduje si\u0119 pod nadzorem Urz\u0119du Ochrony Zabytk\u00f3w i stanowi cz\u0119\u015b\u0107 Czech National Heritage. Pierwsze pisemne wzmianki dotycz\u0105ce lokalizacji budynku pochodz\u0105 z XII wieku, kiedy to pierwotny wa\u0142 obronny z fos\u0105 zosta\u0142 zast\u0105piony komunikacj\u0105 i domem w stylu gotyckim","breadcrumb":{"@id":"https:\/\/www.hotel-charles.eu\/pl\/historia-hotelu\/#breadcrumb"},"inLanguage":"pl-PL","potentialAction":[{"@type":"ReadAction","target":["https:\/\/www.hotel-charles.eu\/pl\/historia-hotelu\/"]}]},{"@type":"BreadcrumbList","@id":"https:\/\/www.hotel-charles.eu\/pl\/historia-hotelu\/#breadcrumb","itemListElement":[{"@type":"ListItem","position":1,"name":"Home","item":"https:\/\/www.hotel-charles.eu\/pl\/"},{"@type":"ListItem","position":2,"name":"Historia hotelu"}]},{"@type":"WebSite","@id":"https:\/\/www.hotel-charles.eu\/pl\/#website","url":"https:\/\/www.hotel-charles.eu\/pl\/","name":"The Charles Hotel","description":"Just another ms.decms.eu site","potentialAction":[{"@type":"SearchAction","target":{"@type":"EntryPoint","urlTemplate":"https:\/\/www.hotel-charles.eu\/pl\/?s={search_term_string}"},"query-input":{"@type":"PropertyValueSpecification","valueRequired":true,"valueName":"search_term_string"}}],"inLanguage":"pl-PL"}]}},"acf":[],"_links":{"self":[{"href":"https:\/\/www.hotel-charles.eu\/pl\/wp-json\/wp\/v2\/pages\/129","targetHints":{"allow":["GET"]}}],"collection":[{"href":"https:\/\/www.hotel-charles.eu\/pl\/wp-json\/wp\/v2\/pages"}],"about":[{"href":"https:\/\/www.hotel-charles.eu\/pl\/wp-json\/wp\/v2\/types\/page"}],"author":[{"embeddable":true,"href":"https:\/\/www.hotel-charles.eu\/pl\/wp-json\/wp\/v2\/users\/7"}],"replies":[{"embeddable":true,"href":"https:\/\/www.hotel-charles.eu\/pl\/wp-json\/wp\/v2\/comments?post=129"}],"version-history":[{"count":0,"href":"https:\/\/www.hotel-charles.eu\/pl\/wp-json\/wp\/v2\/pages\/129\/revisions"}],"wp:attachment":[{"href":"https:\/\/www.hotel-charles.eu\/pl\/wp-json\/wp\/v2\/media?parent=129"}],"curies":[{"name":"wp","href":"https:\/\/api.w.org\/{rel}","templated":true}]}}