{"id":128,"date":"2022-04-19T12:15:44","date_gmt":"2022-04-19T12:15:44","guid":{"rendered":"https:\/\/charles-hotel.ms.decms.eu\/historie-hotelu\/"},"modified":"2022-04-20T09:45:06","modified_gmt":"2022-04-20T09:45:06","slug":"storia-dellhotel","status":"publish","type":"page","link":"https:\/\/www.hotel-charles.eu\/it\/storia-dellhotel\/","title":{"rendered":"Storia dell&#8217;hotel"},"content":{"rendered":"<p>Il nome storico dell&#8217;edificio in via Josefsk\u00e1 1\/42 nella Citt\u00e0 Piccola \u00e8 casa All&#8217;Aquila d&#8217;oro (la parte angolare dell&#8217;edificio). La casa \u00e8 anche conosciuta sotto il nome originario dell&#8217;edificio pi\u00f9 antico con l&#8217;ingresso in via Josefsk\u00e1, ovvero casa Ai 3 Agnelli.<\/p>\n<p>La casa, che \u00e8 stata trasformata in un albergo, ha un alto valore urbanistico, \u00e8 tutelata dalla sovrintendenza ai beni culturali e fa parte del Czech National Heritage.<\/p>\n<p>Le prime notizie scritte sulla localit\u00e0 dove \u00e8 stata edificata la casa risalgono al XII secolo, quando il bastione di difesa originario con il fossato fu sostituito da una strada e una casa gotica. I resti del bastione sono conservati nei sotterranei della casa (nella parte centrale), ad una profondit\u00e0 di circa 4 metri.<\/p>\n<p>Le prime notizie sull&#8217;acquisto della casa risalgono al 1408, quando il calzolaio Veleslav, chiamato \u0160temberk, acquist\u00f2 la casa del calzolaio V\u00e1clav Jikrn\u00e1\u010d ad un prezzo sconosciuto.<\/p>\n<p>In origine, al posto della casa attuale c&#8217;erano due edifici indipendenti: la casa angolare All&#8217;Aquila d&#8217;oro e la casa con l&#8217;ingresso in via Josefsk\u00e1, che fu chiamata Ai 3 Agnelli.<\/p>\n<p>Le case vennero unificate durante la grande ricostruzione del 1685 e mantennero il nome All&#8217;Aquila d&#8217;oro.<\/p>\n","protected":false},"excerpt":{"rendered":"<p>Il nome storico dell&#8217;edificio in via Josefsk\u00e1 1\/42 nella Citt\u00e0 Piccola \u00e8 casa All&#8217;Aquila d&#8217;oro (la parte angolare dell&#8217;edificio). La casa \u00e8 anche conosciuta sotto il nome originario dell&#8217;edificio pi\u00f9 antico con l&#8217;ingresso in via Josefsk\u00e1, ovvero casa Ai 3 Agnelli. La casa, che \u00e8 stata trasformata in un albergo, ha un alto valore urbanistico, [&hellip;]<\/p>\n","protected":false},"author":7,"featured_media":0,"parent":0,"menu_order":5,"comment_status":"closed","ping_status":"closed","template":"template-default-2.php","meta":{"footnotes":""},"class_list":["post-128","page","type-page","status-publish","hentry"],"yoast_head":"<!-- This site is optimized with the Yoast SEO plugin v26.9 - https:\/\/yoast.com\/product\/yoast-seo-wordpress\/ -->\n<title>Storia dell&#039;hotel &#8211; The Charles Hotel &#8211;<\/title>\n<meta name=\"description\" content=\"Il nome storico dell&#039;edificio in via Josefsk\u00e1 1\/42 nella Citt\u00e0 Piccola \u00e8 casa All&#039;Aquila d&#039;oro (la parte angolare dell&#039;edificio). La casa \u00e8 anche conosciuta sotto il nome originario dell&#039;edificio pi\u00f9 antico con l&#039;ingresso in via Josefsk\u00e1, ovvero casa Ai 3 Agnelli.  La casa, che \u00e8 stata trasformata in un albergo, ha un alto valore urbanistico, \u00e8 tutelata dalla sovrintendenza ai beni culturali e fa parte del Czech National Heritage.  Le prime notizie scritte sulla localit\u00e0 dove \u00e8 stata edificata la casa risalgono al XII secolo, quando il bastione di difesa originario con il fossato fu sostituito da una strada e una casa gotica\" \/>\n<meta name=\"robots\" content=\"index, follow, max-snippet:-1, max-image-preview:large, max-video-preview:-1\" \/>\n<link rel=\"canonical\" href=\"https:\/\/www.hotel-charles.eu\/it\/storia-dellhotel\/\" \/>\n<meta property=\"og:locale\" content=\"it_IT\" \/>\n<meta property=\"og:type\" content=\"article\" \/>\n<meta property=\"og:title\" content=\"Storia dell&#039;hotel &#8211; The Charles Hotel &#8211;\" \/>\n<meta property=\"og:description\" content=\"Il nome storico dell&#039;edificio in via Josefsk\u00e1 1\/42 nella Citt\u00e0 Piccola \u00e8 casa All&#039;Aquila d&#039;oro (la parte angolare dell&#039;edificio). La casa \u00e8 anche conosciuta sotto il nome originario dell&#039;edificio pi\u00f9 antico con l&#039;ingresso in via Josefsk\u00e1, ovvero casa Ai 3 Agnelli.  La casa, che \u00e8 stata trasformata in un albergo, ha un alto valore urbanistico, \u00e8 tutelata dalla sovrintendenza ai beni culturali e fa parte del Czech National Heritage.  Le prime notizie scritte sulla localit\u00e0 dove \u00e8 stata edificata la casa risalgono al XII secolo, quando il bastione di difesa originario con il fossato fu sostituito da una strada e una casa gotica\" \/>\n<meta property=\"og:url\" content=\"https:\/\/www.hotel-charles.eu\/it\/storia-dellhotel\/\" \/>\n<meta property=\"og:site_name\" content=\"The Charles Hotel\" \/>\n<meta property=\"article:modified_time\" content=\"2022-04-20T09:45:06+00:00\" \/>\n<meta name=\"twitter:card\" content=\"summary_large_image\" \/>\n<meta name=\"twitter:label1\" content=\"Tempo di lettura stimato\" \/>\n\t<meta name=\"twitter:data1\" content=\"1 minuto\" \/>\n<script type=\"application\/ld+json\" class=\"yoast-schema-graph\">{\"@context\":\"https:\/\/schema.org\",\"@graph\":[{\"@type\":\"WebPage\",\"@id\":\"https:\/\/www.hotel-charles.eu\/it\/storia-dellhotel\/\",\"url\":\"https:\/\/www.hotel-charles.eu\/it\/storia-dellhotel\/\",\"name\":\"Storia dell'hotel &#8211; The Charles Hotel &#8211;\",\"isPartOf\":{\"@id\":\"https:\/\/www.hotel-charles.eu\/it\/#website\"},\"datePublished\":\"2022-04-19T12:15:44+00:00\",\"dateModified\":\"2022-04-20T09:45:06+00:00\",\"description\":\"Il nome storico dell'edificio in via Josefsk\u00e1 1\/42 nella Citt\u00e0 Piccola \u00e8 casa All'Aquila d'oro (la parte angolare dell'edificio). La casa \u00e8 anche conosciuta sotto il nome originario dell'edificio pi\u00f9 antico con l'ingresso in via Josefsk\u00e1, ovvero casa Ai 3 Agnelli. La casa, che \u00e8 stata trasformata in un albergo, ha un alto valore urbanistico, \u00e8 tutelata dalla sovrintendenza ai beni culturali e fa parte del Czech National Heritage. Le prime notizie scritte sulla localit\u00e0 dove \u00e8 stata edificata la casa risalgono al XII secolo, quando il bastione di difesa originario con il fossato fu sostituito da una strada e una casa gotica\",\"breadcrumb\":{\"@id\":\"https:\/\/www.hotel-charles.eu\/it\/storia-dellhotel\/#breadcrumb\"},\"inLanguage\":\"it-IT\",\"potentialAction\":[{\"@type\":\"ReadAction\",\"target\":[\"https:\/\/www.hotel-charles.eu\/it\/storia-dellhotel\/\"]}]},{\"@type\":\"BreadcrumbList\",\"@id\":\"https:\/\/www.hotel-charles.eu\/it\/storia-dellhotel\/#breadcrumb\",\"itemListElement\":[{\"@type\":\"ListItem\",\"position\":1,\"name\":\"Home\",\"item\":\"https:\/\/www.hotel-charles.eu\/it\/\"},{\"@type\":\"ListItem\",\"position\":2,\"name\":\"Storia dell&#8217;hotel\"}]},{\"@type\":\"WebSite\",\"@id\":\"https:\/\/www.hotel-charles.eu\/it\/#website\",\"url\":\"https:\/\/www.hotel-charles.eu\/it\/\",\"name\":\"The Charles Hotel\",\"description\":\"Just another ms.decms.eu site\",\"potentialAction\":[{\"@type\":\"SearchAction\",\"target\":{\"@type\":\"EntryPoint\",\"urlTemplate\":\"https:\/\/www.hotel-charles.eu\/it\/?s={search_term_string}\"},\"query-input\":{\"@type\":\"PropertyValueSpecification\",\"valueRequired\":true,\"valueName\":\"search_term_string\"}}],\"inLanguage\":\"it-IT\"}]}<\/script>\n<!-- \/ Yoast SEO plugin. -->","yoast_head_json":{"title":"Storia dell'hotel &#8211; The Charles Hotel &#8211;","description":"Il nome storico dell'edificio in via Josefsk\u00e1 1\/42 nella Citt\u00e0 Piccola \u00e8 casa All'Aquila d'oro (la parte angolare dell'edificio). La casa \u00e8 anche conosciuta sotto il nome originario dell'edificio pi\u00f9 antico con l'ingresso in via Josefsk\u00e1, ovvero casa Ai 3 Agnelli.  La casa, che \u00e8 stata trasformata in un albergo, ha un alto valore urbanistico, \u00e8 tutelata dalla sovrintendenza ai beni culturali e fa parte del Czech National Heritage.  Le prime notizie scritte sulla localit\u00e0 dove \u00e8 stata edificata la casa risalgono al XII secolo, quando il bastione di difesa originario con il fossato fu sostituito da una strada e una casa gotica","robots":{"index":"index","follow":"follow","max-snippet":"max-snippet:-1","max-image-preview":"max-image-preview:large","max-video-preview":"max-video-preview:-1"},"canonical":"https:\/\/www.hotel-charles.eu\/it\/storia-dellhotel\/","og_locale":"it_IT","og_type":"article","og_title":"Storia dell'hotel &#8211; The Charles Hotel &#8211;","og_description":"Il nome storico dell'edificio in via Josefsk\u00e1 1\/42 nella Citt\u00e0 Piccola \u00e8 casa All'Aquila d'oro (la parte angolare dell'edificio). La casa \u00e8 anche conosciuta sotto il nome originario dell'edificio pi\u00f9 antico con l'ingresso in via Josefsk\u00e1, ovvero casa Ai 3 Agnelli.  La casa, che \u00e8 stata trasformata in un albergo, ha un alto valore urbanistico, \u00e8 tutelata dalla sovrintendenza ai beni culturali e fa parte del Czech National Heritage.  Le prime notizie scritte sulla localit\u00e0 dove \u00e8 stata edificata la casa risalgono al XII secolo, quando il bastione di difesa originario con il fossato fu sostituito da una strada e una casa gotica","og_url":"https:\/\/www.hotel-charles.eu\/it\/storia-dellhotel\/","og_site_name":"The Charles Hotel","article_modified_time":"2022-04-20T09:45:06+00:00","twitter_card":"summary_large_image","twitter_misc":{"Tempo di lettura stimato":"1 minuto"},"schema":{"@context":"https:\/\/schema.org","@graph":[{"@type":"WebPage","@id":"https:\/\/www.hotel-charles.eu\/it\/storia-dellhotel\/","url":"https:\/\/www.hotel-charles.eu\/it\/storia-dellhotel\/","name":"Storia dell'hotel &#8211; The Charles Hotel &#8211;","isPartOf":{"@id":"https:\/\/www.hotel-charles.eu\/it\/#website"},"datePublished":"2022-04-19T12:15:44+00:00","dateModified":"2022-04-20T09:45:06+00:00","description":"Il nome storico dell'edificio in via Josefsk\u00e1 1\/42 nella Citt\u00e0 Piccola \u00e8 casa All'Aquila d'oro (la parte angolare dell'edificio). La casa \u00e8 anche conosciuta sotto il nome originario dell'edificio pi\u00f9 antico con l'ingresso in via Josefsk\u00e1, ovvero casa Ai 3 Agnelli. La casa, che \u00e8 stata trasformata in un albergo, ha un alto valore urbanistico, \u00e8 tutelata dalla sovrintendenza ai beni culturali e fa parte del Czech National Heritage. Le prime notizie scritte sulla localit\u00e0 dove \u00e8 stata edificata la casa risalgono al XII secolo, quando il bastione di difesa originario con il fossato fu sostituito da una strada e una casa gotica","breadcrumb":{"@id":"https:\/\/www.hotel-charles.eu\/it\/storia-dellhotel\/#breadcrumb"},"inLanguage":"it-IT","potentialAction":[{"@type":"ReadAction","target":["https:\/\/www.hotel-charles.eu\/it\/storia-dellhotel\/"]}]},{"@type":"BreadcrumbList","@id":"https:\/\/www.hotel-charles.eu\/it\/storia-dellhotel\/#breadcrumb","itemListElement":[{"@type":"ListItem","position":1,"name":"Home","item":"https:\/\/www.hotel-charles.eu\/it\/"},{"@type":"ListItem","position":2,"name":"Storia dell&#8217;hotel"}]},{"@type":"WebSite","@id":"https:\/\/www.hotel-charles.eu\/it\/#website","url":"https:\/\/www.hotel-charles.eu\/it\/","name":"The Charles Hotel","description":"Just another ms.decms.eu site","potentialAction":[{"@type":"SearchAction","target":{"@type":"EntryPoint","urlTemplate":"https:\/\/www.hotel-charles.eu\/it\/?s={search_term_string}"},"query-input":{"@type":"PropertyValueSpecification","valueRequired":true,"valueName":"search_term_string"}}],"inLanguage":"it-IT"}]}},"acf":[],"_links":{"self":[{"href":"https:\/\/www.hotel-charles.eu\/it\/wp-json\/wp\/v2\/pages\/128","targetHints":{"allow":["GET"]}}],"collection":[{"href":"https:\/\/www.hotel-charles.eu\/it\/wp-json\/wp\/v2\/pages"}],"about":[{"href":"https:\/\/www.hotel-charles.eu\/it\/wp-json\/wp\/v2\/types\/page"}],"author":[{"embeddable":true,"href":"https:\/\/www.hotel-charles.eu\/it\/wp-json\/wp\/v2\/users\/7"}],"replies":[{"embeddable":true,"href":"https:\/\/www.hotel-charles.eu\/it\/wp-json\/wp\/v2\/comments?post=128"}],"version-history":[{"count":0,"href":"https:\/\/www.hotel-charles.eu\/it\/wp-json\/wp\/v2\/pages\/128\/revisions"}],"wp:attachment":[{"href":"https:\/\/www.hotel-charles.eu\/it\/wp-json\/wp\/v2\/media?parent=128"}],"curies":[{"name":"wp","href":"https:\/\/api.w.org\/{rel}","templated":true}]}}