{"id":5,"date":"2022-04-15T14:33:51","date_gmt":"2022-04-15T14:33:51","guid":{"rendered":"https:\/\/charles-hotel.ms.decms.eu\/?page_id=5"},"modified":"2024-05-24T08:36:42","modified_gmt":"2024-05-24T08:36:42","slug":"the-charles-hotel-prague","status":"publish","type":"page","link":"https:\/\/www.hotel-charles.eu\/fr\/","title":{"rendered":"The Charles Hotel Prague"},"content":{"rendered":"<p>L\u00b4hotel The Charles est un h\u00f4tel romantique qui b\u00e9n\u00e9ficie <strong>d&rsquo;un des meilleurs endroits de la ville de Prague &#8211; au coeur de Lesser Town<\/strong> (Mala Strana). L\u00b4hotel The Charles-Prague offre un choix superbe de romantique h\u00e9bergements \u00e0 Prague, avec 25 chambres et 6 suites toutes refl\u00e9tant la construction du riche patrimoine et d&rsquo;offrir \u00e0 nos clients avec des chambres confortables, un service exceptionnel et des installations modernes.<\/p>\n<p>L&rsquo;hotel The Charles, notre romantique hotel de Prague est id\u00e9alement situ\u00e9 <strong>dans la Petite Ville, \u00e9galement appel\u00e9 Le Petit Quartier de Prague, entre le c\u00e9l\u00e8bre pont Charles<\/strong> et la place Malostranske. L&rsquo;H\u00f4tel The Charles fait partie de la Royal Rue qui commence dans Norimberk (Allemagne) et entra\u00eene tout le chemin du Ch\u00e2teau de Prague \u00e0 travers la Tour Poudriere, de la place Wenceslas et au-del\u00e0 du pont Charles.<\/p>\n<p>Nous sommes \u00e0 une courte distance de marche de certains vues de Prague les plus impressionnant pour les yeux, le ch\u00e2teau de Prague, le Royal Gardens, la cath\u00e9drale Saint-Nicolas, Old Town Square, Jewish Town et la colline de Petrin. Merci pour notre petit nombre de chambres, nous promettons une <strong>v\u00e9ritable d\u00e9marche personnelle a chaque client<\/strong>,pour ses besoins et desires.<\/p>\n","protected":false},"excerpt":{"rendered":"<p>L\u00b4hotel The Charles est un h\u00f4tel romantique qui b\u00e9n\u00e9ficie d&rsquo;un des meilleurs endroits de la ville de Prague &#8211; au coeur de Lesser Town (Mala Strana). L\u00b4hotel The Charles-Prague offre un choix superbe de romantique h\u00e9bergements \u00e0 Prague, avec 25 chambres et 6 suites toutes refl\u00e9tant la construction du riche patrimoine et d&rsquo;offrir \u00e0 nos [&hellip;]<\/p>\n","protected":false},"author":7,"featured_media":0,"parent":0,"menu_order":0,"comment_status":"closed","ping_status":"closed","template":"","meta":{"footnotes":""},"class_list":["post-5","page","type-page","status-publish","hentry"],"yoast_head":"<!-- This site is optimized with the Yoast SEO plugin v26.9 - https:\/\/yoast.com\/product\/yoast-seo-wordpress\/ -->\n<title>The Charles Hotel Prague &#8211; The Charles Hotel &#8211;<\/title>\n<meta name=\"description\" content=\"L\u00b4hotel The Charles est un h\u00f4tel romantique qui b\u00e9n\u00e9ficie d&#039;un des meilleurs endroits de la ville de Prague - au coeur de Lesser Town (Mala Strana). L\u00b4hotel The Charles-Prague offre un choix superbe de romantique h\u00e9bergements \u00e0 Prague, avec 25 chambres et 6 suites toutes refl\u00e9tant la construction du riche patrimoine et d&#039;offrir \u00e0 nos clients avec des chambres confortables, un service exceptionnel et des installations modernes.  L&#039;hotel The Charles, notre romantique hotel de Prague est id\u00e9alement situ\u00e9 dans la Petite Ville, \u00e9galement appel\u00e9 Le Petit Quartier de Prague, entre le c\u00e9l\u00e8bre pont Charles et la place Malostranske\" \/>\n<meta name=\"robots\" content=\"index, follow, max-snippet:-1, max-image-preview:large, max-video-preview:-1\" \/>\n<link rel=\"canonical\" href=\"https:\/\/www.hotel-charles.eu\/fr\/\" \/>\n<meta property=\"og:locale\" content=\"fr_FR\" \/>\n<meta property=\"og:type\" content=\"article\" \/>\n<meta property=\"og:title\" content=\"The Charles Hotel Prague &#8211; The Charles Hotel &#8211;\" \/>\n<meta property=\"og:description\" content=\"L\u00b4hotel The Charles est un h\u00f4tel romantique qui b\u00e9n\u00e9ficie d&#039;un des meilleurs endroits de la ville de Prague - au coeur de Lesser Town (Mala Strana). L\u00b4hotel The Charles-Prague offre un choix superbe de romantique h\u00e9bergements \u00e0 Prague, avec 25 chambres et 6 suites toutes refl\u00e9tant la construction du riche patrimoine et d&#039;offrir \u00e0 nos clients avec des chambres confortables, un service exceptionnel et des installations modernes.  L&#039;hotel The Charles, notre romantique hotel de Prague est id\u00e9alement situ\u00e9 dans la Petite Ville, \u00e9galement appel\u00e9 Le Petit Quartier de Prague, entre le c\u00e9l\u00e8bre pont Charles et la place Malostranske\" \/>\n<meta property=\"og:url\" content=\"https:\/\/www.hotel-charles.eu\/fr\/\" \/>\n<meta property=\"og:site_name\" content=\"The Charles Hotel\" \/>\n<meta property=\"article:modified_time\" content=\"2024-05-24T08:36:42+00:00\" \/>\n<meta name=\"twitter:card\" content=\"summary_large_image\" \/>\n<meta name=\"twitter:label1\" content=\"Dur\u00e9e de lecture estim\u00e9e\" \/>\n\t<meta name=\"twitter:data1\" content=\"2 minutes\" \/>\n<script type=\"application\/ld+json\" class=\"yoast-schema-graph\">{\"@context\":\"https:\/\/schema.org\",\"@graph\":[{\"@type\":\"WebPage\",\"@id\":\"https:\/\/www.hotel-charles.eu\/fr\/\",\"url\":\"https:\/\/www.hotel-charles.eu\/fr\/\",\"name\":\"The Charles Hotel Prague &#8211; The Charles Hotel &#8211;\",\"isPartOf\":{\"@id\":\"https:\/\/www.hotel-charles.eu\/fr\/#website\"},\"datePublished\":\"2022-04-15T14:33:51+00:00\",\"dateModified\":\"2024-05-24T08:36:42+00:00\",\"description\":\"L\u00b4hotel The Charles est un h\u00f4tel romantique qui b\u00e9n\u00e9ficie d'un des meilleurs endroits de la ville de Prague - au coeur de Lesser Town (Mala Strana). L\u00b4hotel The Charles-Prague offre un choix superbe de romantique h\u00e9bergements \u00e0 Prague, avec 25 chambres et 6 suites toutes refl\u00e9tant la construction du riche patrimoine et d'offrir \u00e0 nos clients avec des chambres confortables, un service exceptionnel et des installations modernes. L'hotel The Charles, notre romantique hotel de Prague est id\u00e9alement situ\u00e9 dans la Petite Ville, \u00e9galement appel\u00e9 Le Petit Quartier de Prague, entre le c\u00e9l\u00e8bre pont Charles et la place Malostranske\",\"breadcrumb\":{\"@id\":\"https:\/\/www.hotel-charles.eu\/fr\/#breadcrumb\"},\"inLanguage\":\"fr-FR\",\"potentialAction\":[{\"@type\":\"ReadAction\",\"target\":[\"https:\/\/www.hotel-charles.eu\/fr\/\"]}]},{\"@type\":\"BreadcrumbList\",\"@id\":\"https:\/\/www.hotel-charles.eu\/fr\/#breadcrumb\",\"itemListElement\":[{\"@type\":\"ListItem\",\"position\":1,\"name\":\"Home\",\"item\":\"https:\/\/www.hotel-charles.eu\/fr\/\"},{\"@type\":\"ListItem\",\"position\":2,\"name\":\"The Charles Hotel Prague\"}]},{\"@type\":\"WebSite\",\"@id\":\"https:\/\/www.hotel-charles.eu\/fr\/#website\",\"url\":\"https:\/\/www.hotel-charles.eu\/fr\/\",\"name\":\"The Charles Hotel\",\"description\":\"Just another ms.decms.eu site\",\"potentialAction\":[{\"@type\":\"SearchAction\",\"target\":{\"@type\":\"EntryPoint\",\"urlTemplate\":\"https:\/\/www.hotel-charles.eu\/fr\/?s={search_term_string}\"},\"query-input\":{\"@type\":\"PropertyValueSpecification\",\"valueRequired\":true,\"valueName\":\"search_term_string\"}}],\"inLanguage\":\"fr-FR\"}]}<\/script>\n<!-- \/ Yoast SEO plugin. -->","yoast_head_json":{"title":"The Charles Hotel Prague &#8211; The Charles Hotel &#8211;","description":"L\u00b4hotel The Charles est un h\u00f4tel romantique qui b\u00e9n\u00e9ficie d'un des meilleurs endroits de la ville de Prague - au coeur de Lesser Town (Mala Strana). L\u00b4hotel The Charles-Prague offre un choix superbe de romantique h\u00e9bergements \u00e0 Prague, avec 25 chambres et 6 suites toutes refl\u00e9tant la construction du riche patrimoine et d'offrir \u00e0 nos clients avec des chambres confortables, un service exceptionnel et des installations modernes.  L'hotel The Charles, notre romantique hotel de Prague est id\u00e9alement situ\u00e9 dans la Petite Ville, \u00e9galement appel\u00e9 Le Petit Quartier de Prague, entre le c\u00e9l\u00e8bre pont Charles et la place Malostranske","robots":{"index":"index","follow":"follow","max-snippet":"max-snippet:-1","max-image-preview":"max-image-preview:large","max-video-preview":"max-video-preview:-1"},"canonical":"https:\/\/www.hotel-charles.eu\/fr\/","og_locale":"fr_FR","og_type":"article","og_title":"The Charles Hotel Prague &#8211; The Charles Hotel &#8211;","og_description":"L\u00b4hotel The Charles est un h\u00f4tel romantique qui b\u00e9n\u00e9ficie d'un des meilleurs endroits de la ville de Prague - au coeur de Lesser Town (Mala Strana). L\u00b4hotel The Charles-Prague offre un choix superbe de romantique h\u00e9bergements \u00e0 Prague, avec 25 chambres et 6 suites toutes refl\u00e9tant la construction du riche patrimoine et d'offrir \u00e0 nos clients avec des chambres confortables, un service exceptionnel et des installations modernes.  L'hotel The Charles, notre romantique hotel de Prague est id\u00e9alement situ\u00e9 dans la Petite Ville, \u00e9galement appel\u00e9 Le Petit Quartier de Prague, entre le c\u00e9l\u00e8bre pont Charles et la place Malostranske","og_url":"https:\/\/www.hotel-charles.eu\/fr\/","og_site_name":"The Charles Hotel","article_modified_time":"2024-05-24T08:36:42+00:00","twitter_card":"summary_large_image","twitter_misc":{"Dur\u00e9e de lecture estim\u00e9e":"2 minutes"},"schema":{"@context":"https:\/\/schema.org","@graph":[{"@type":"WebPage","@id":"https:\/\/www.hotel-charles.eu\/fr\/","url":"https:\/\/www.hotel-charles.eu\/fr\/","name":"The Charles Hotel Prague &#8211; The Charles Hotel &#8211;","isPartOf":{"@id":"https:\/\/www.hotel-charles.eu\/fr\/#website"},"datePublished":"2022-04-15T14:33:51+00:00","dateModified":"2024-05-24T08:36:42+00:00","description":"L\u00b4hotel The Charles est un h\u00f4tel romantique qui b\u00e9n\u00e9ficie d'un des meilleurs endroits de la ville de Prague - au coeur de Lesser Town (Mala Strana). L\u00b4hotel The Charles-Prague offre un choix superbe de romantique h\u00e9bergements \u00e0 Prague, avec 25 chambres et 6 suites toutes refl\u00e9tant la construction du riche patrimoine et d'offrir \u00e0 nos clients avec des chambres confortables, un service exceptionnel et des installations modernes. L'hotel The Charles, notre romantique hotel de Prague est id\u00e9alement situ\u00e9 dans la Petite Ville, \u00e9galement appel\u00e9 Le Petit Quartier de Prague, entre le c\u00e9l\u00e8bre pont Charles et la place Malostranske","breadcrumb":{"@id":"https:\/\/www.hotel-charles.eu\/fr\/#breadcrumb"},"inLanguage":"fr-FR","potentialAction":[{"@type":"ReadAction","target":["https:\/\/www.hotel-charles.eu\/fr\/"]}]},{"@type":"BreadcrumbList","@id":"https:\/\/www.hotel-charles.eu\/fr\/#breadcrumb","itemListElement":[{"@type":"ListItem","position":1,"name":"Home","item":"https:\/\/www.hotel-charles.eu\/fr\/"},{"@type":"ListItem","position":2,"name":"The Charles Hotel Prague"}]},{"@type":"WebSite","@id":"https:\/\/www.hotel-charles.eu\/fr\/#website","url":"https:\/\/www.hotel-charles.eu\/fr\/","name":"The Charles Hotel","description":"Just another ms.decms.eu site","potentialAction":[{"@type":"SearchAction","target":{"@type":"EntryPoint","urlTemplate":"https:\/\/www.hotel-charles.eu\/fr\/?s={search_term_string}"},"query-input":{"@type":"PropertyValueSpecification","valueRequired":true,"valueName":"search_term_string"}}],"inLanguage":"fr-FR"}]}},"acf":[],"_links":{"self":[{"href":"https:\/\/www.hotel-charles.eu\/fr\/wp-json\/wp\/v2\/pages\/5","targetHints":{"allow":["GET"]}}],"collection":[{"href":"https:\/\/www.hotel-charles.eu\/fr\/wp-json\/wp\/v2\/pages"}],"about":[{"href":"https:\/\/www.hotel-charles.eu\/fr\/wp-json\/wp\/v2\/types\/page"}],"author":[{"embeddable":true,"href":"https:\/\/www.hotel-charles.eu\/fr\/wp-json\/wp\/v2\/users\/7"}],"replies":[{"embeddable":true,"href":"https:\/\/www.hotel-charles.eu\/fr\/wp-json\/wp\/v2\/comments?post=5"}],"version-history":[{"count":0,"href":"https:\/\/www.hotel-charles.eu\/fr\/wp-json\/wp\/v2\/pages\/5\/revisions"}],"wp:attachment":[{"href":"https:\/\/www.hotel-charles.eu\/fr\/wp-json\/wp\/v2\/media?parent=5"}],"curies":[{"name":"wp","href":"https:\/\/api.w.org\/{rel}","templated":true}]}}