{"id":189,"date":"2022-04-20T15:38:46","date_gmt":"2022-04-20T15:38:46","guid":{"rendered":"https:\/\/charles-hotel.ms.decms.eu\/sluzby\/"},"modified":"2023-11-21T13:48:14","modified_gmt":"2023-11-21T13:48:14","slug":"services","status":"publish","type":"page","link":"https:\/\/www.hotel-charles.eu\/fr\/services\/","title":{"rendered":"Services"},"content":{"rendered":"<p>Pour rendre votre s\u00e9jour \u00e0 l&rsquo;H\u00f4tel Charles Prague encore plus agr\u00e9able et relaxant, notre professionnel et efficace du personnel sera toujours \u00e0 votre disposition et vous servir avec les services suivants:<\/p>\n","protected":false},"excerpt":{"rendered":"<p>Pour rendre votre s\u00e9jour \u00e0 l&rsquo;H\u00f4tel Charles Prague encore plus agr\u00e9able et relaxant, notre professionnel et efficace du personnel sera toujours \u00e0 votre disposition et vous servir avec les services suivants:<\/p>\n","protected":false},"author":7,"featured_media":0,"parent":0,"menu_order":15,"comment_status":"closed","ping_status":"closed","template":"template-services.php","meta":{"footnotes":""},"class_list":["post-189","page","type-page","status-publish","hentry"],"yoast_head":"<!-- This site is optimized with the Yoast SEO plugin v26.9 - https:\/\/yoast.com\/product\/yoast-seo-wordpress\/ -->\n<title>Services &#8211; The Charles Hotel &#8211;<\/title>\n<meta name=\"description\" content=\"Pour rendre votre s\u00e9jour \u00e0 l&#039;H\u00f4tel Charles Prague encore plus agr\u00e9able et relaxant, notre professionnel et efficace du personnel sera toujours \u00e0 votre disposition et vous servir avec les services suivants:.\" \/>\n<meta name=\"robots\" content=\"index, follow, max-snippet:-1, max-image-preview:large, max-video-preview:-1\" \/>\n<link rel=\"canonical\" href=\"https:\/\/www.hotel-charles.eu\/fr\/services\/\" \/>\n<meta property=\"og:locale\" content=\"fr_FR\" \/>\n<meta property=\"og:type\" content=\"article\" \/>\n<meta property=\"og:title\" content=\"Services &#8211; The Charles Hotel &#8211;\" \/>\n<meta property=\"og:description\" content=\"Pour rendre votre s\u00e9jour \u00e0 l&#039;H\u00f4tel Charles Prague encore plus agr\u00e9able et relaxant, notre professionnel et efficace du personnel sera toujours \u00e0 votre disposition et vous servir avec les services suivants:.\" \/>\n<meta property=\"og:url\" content=\"https:\/\/www.hotel-charles.eu\/fr\/services\/\" \/>\n<meta property=\"og:site_name\" content=\"The Charles Hotel\" \/>\n<meta property=\"article:modified_time\" content=\"2023-11-21T13:48:14+00:00\" \/>\n<meta name=\"twitter:card\" content=\"summary_large_image\" \/>\n<script type=\"application\/ld+json\" class=\"yoast-schema-graph\">{\"@context\":\"https:\/\/schema.org\",\"@graph\":[{\"@type\":\"WebPage\",\"@id\":\"https:\/\/www.hotel-charles.eu\/fr\/services\/\",\"url\":\"https:\/\/www.hotel-charles.eu\/fr\/services\/\",\"name\":\"Services &#8211; The Charles Hotel &#8211;\",\"isPartOf\":{\"@id\":\"https:\/\/www.hotel-charles.eu\/fr\/#website\"},\"datePublished\":\"2022-04-20T15:38:46+00:00\",\"dateModified\":\"2023-11-21T13:48:14+00:00\",\"description\":\"Pour rendre votre s\u00e9jour \u00e0 l'H\u00f4tel Charles Prague encore plus agr\u00e9able et relaxant, notre professionnel et efficace du personnel sera toujours \u00e0 votre disposition et vous servir avec les services suivants:.\",\"breadcrumb\":{\"@id\":\"https:\/\/www.hotel-charles.eu\/fr\/services\/#breadcrumb\"},\"inLanguage\":\"fr-FR\",\"potentialAction\":[{\"@type\":\"ReadAction\",\"target\":[\"https:\/\/www.hotel-charles.eu\/fr\/services\/\"]}]},{\"@type\":\"BreadcrumbList\",\"@id\":\"https:\/\/www.hotel-charles.eu\/fr\/services\/#breadcrumb\",\"itemListElement\":[{\"@type\":\"ListItem\",\"position\":1,\"name\":\"Home\",\"item\":\"https:\/\/www.hotel-charles.eu\/fr\/\"},{\"@type\":\"ListItem\",\"position\":2,\"name\":\"Services\"}]},{\"@type\":\"WebSite\",\"@id\":\"https:\/\/www.hotel-charles.eu\/fr\/#website\",\"url\":\"https:\/\/www.hotel-charles.eu\/fr\/\",\"name\":\"The Charles Hotel\",\"description\":\"Just another ms.decms.eu site\",\"potentialAction\":[{\"@type\":\"SearchAction\",\"target\":{\"@type\":\"EntryPoint\",\"urlTemplate\":\"https:\/\/www.hotel-charles.eu\/fr\/?s={search_term_string}\"},\"query-input\":{\"@type\":\"PropertyValueSpecification\",\"valueRequired\":true,\"valueName\":\"search_term_string\"}}],\"inLanguage\":\"fr-FR\"}]}<\/script>\n<!-- \/ Yoast SEO plugin. -->","yoast_head_json":{"title":"Services &#8211; The Charles Hotel &#8211;","description":"Pour rendre votre s\u00e9jour \u00e0 l'H\u00f4tel Charles Prague encore plus agr\u00e9able et relaxant, notre professionnel et efficace du personnel sera toujours \u00e0 votre disposition et vous servir avec les services suivants:.","robots":{"index":"index","follow":"follow","max-snippet":"max-snippet:-1","max-image-preview":"max-image-preview:large","max-video-preview":"max-video-preview:-1"},"canonical":"https:\/\/www.hotel-charles.eu\/fr\/services\/","og_locale":"fr_FR","og_type":"article","og_title":"Services &#8211; The Charles Hotel &#8211;","og_description":"Pour rendre votre s\u00e9jour \u00e0 l'H\u00f4tel Charles Prague encore plus agr\u00e9able et relaxant, notre professionnel et efficace du personnel sera toujours \u00e0 votre disposition et vous servir avec les services suivants:.","og_url":"https:\/\/www.hotel-charles.eu\/fr\/services\/","og_site_name":"The Charles Hotel","article_modified_time":"2023-11-21T13:48:14+00:00","twitter_card":"summary_large_image","schema":{"@context":"https:\/\/schema.org","@graph":[{"@type":"WebPage","@id":"https:\/\/www.hotel-charles.eu\/fr\/services\/","url":"https:\/\/www.hotel-charles.eu\/fr\/services\/","name":"Services &#8211; The Charles Hotel &#8211;","isPartOf":{"@id":"https:\/\/www.hotel-charles.eu\/fr\/#website"},"datePublished":"2022-04-20T15:38:46+00:00","dateModified":"2023-11-21T13:48:14+00:00","description":"Pour rendre votre s\u00e9jour \u00e0 l'H\u00f4tel Charles Prague encore plus agr\u00e9able et relaxant, notre professionnel et efficace du personnel sera toujours \u00e0 votre disposition et vous servir avec les services suivants:.","breadcrumb":{"@id":"https:\/\/www.hotel-charles.eu\/fr\/services\/#breadcrumb"},"inLanguage":"fr-FR","potentialAction":[{"@type":"ReadAction","target":["https:\/\/www.hotel-charles.eu\/fr\/services\/"]}]},{"@type":"BreadcrumbList","@id":"https:\/\/www.hotel-charles.eu\/fr\/services\/#breadcrumb","itemListElement":[{"@type":"ListItem","position":1,"name":"Home","item":"https:\/\/www.hotel-charles.eu\/fr\/"},{"@type":"ListItem","position":2,"name":"Services"}]},{"@type":"WebSite","@id":"https:\/\/www.hotel-charles.eu\/fr\/#website","url":"https:\/\/www.hotel-charles.eu\/fr\/","name":"The Charles Hotel","description":"Just another ms.decms.eu site","potentialAction":[{"@type":"SearchAction","target":{"@type":"EntryPoint","urlTemplate":"https:\/\/www.hotel-charles.eu\/fr\/?s={search_term_string}"},"query-input":{"@type":"PropertyValueSpecification","valueRequired":true,"valueName":"search_term_string"}}],"inLanguage":"fr-FR"}]}},"acf":[],"_links":{"self":[{"href":"https:\/\/www.hotel-charles.eu\/fr\/wp-json\/wp\/v2\/pages\/189","targetHints":{"allow":["GET"]}}],"collection":[{"href":"https:\/\/www.hotel-charles.eu\/fr\/wp-json\/wp\/v2\/pages"}],"about":[{"href":"https:\/\/www.hotel-charles.eu\/fr\/wp-json\/wp\/v2\/types\/page"}],"author":[{"embeddable":true,"href":"https:\/\/www.hotel-charles.eu\/fr\/wp-json\/wp\/v2\/users\/7"}],"replies":[{"embeddable":true,"href":"https:\/\/www.hotel-charles.eu\/fr\/wp-json\/wp\/v2\/comments?post=189"}],"version-history":[{"count":0,"href":"https:\/\/www.hotel-charles.eu\/fr\/wp-json\/wp\/v2\/pages\/189\/revisions"}],"wp:attachment":[{"href":"https:\/\/www.hotel-charles.eu\/fr\/wp-json\/wp\/v2\/media?parent=189"}],"curies":[{"name":"wp","href":"https:\/\/api.w.org\/{rel}","templated":true}]}}