{"id":169,"date":"2022-04-20T12:49:37","date_gmt":"2022-04-20T12:49:37","guid":{"rendered":"https:\/\/charles-hotel.ms.decms.eu\/?page_id=169"},"modified":"2022-04-20T15:18:56","modified_gmt":"2022-04-20T15:18:56","slug":"chambres","status":"publish","type":"page","link":"https:\/\/www.hotel-charles.eu\/fr\/chambres\/","title":{"rendered":"Chambres"},"content":{"rendered":"<p>L&rsquo;hotel The Charles, situ\u00e9 \u00e0 seulement 100 m\u00e8tres du <strong>Pont Charles<\/strong>, c\u00b4est un batiment magnifiquement restaur\u00e9, chambres d&rsquo;h\u00f4tes avec beaucoup de caract\u00e8res. L&rsquo;hotel The Charles est un petit h\u00f4tel romantique situ\u00e9 dans un batiment historique qui offre un confort moderne, sans pour autant sacrifier le charme de son historique et son romantisme.<\/p>\n<p>L&rsquo;hotel The Charles de Prague poss\u00e9de 31 chambres,dont 6 appartements romantiques. <strong>Toutes les chambres<\/strong> sont meubl\u00e9es avec des meubles de style baroque, elles sont \u00e9quip\u00e9es de toilettes et une salle de bains avec douche ou baignoire, s\u00e8che-cheveux, t\u00e9l\u00e9phone, t\u00e9l\u00e9vision satellite, minibar et coffre-fort.<\/p>\n<p>Les chambres d&rsquo;h\u00f4tes \u00e0 l&rsquo;H\u00f4tel The Charles de Prague sont meubl\u00e9es avec style baroque de mobilier et de panneaux de toiture restaur\u00e9e poutres. Entre les poutres, le plafond a \u00e9t\u00e9 finement peints avec des sc\u00e8nes de feuillage en regardant les clients comme ils reposent dans leurs lits luxueux.<\/p>\n<p><strong>Toutes les chambres<\/strong> d\u00e9cor\u00e9es avec go\u00fbt unique de l&rsquo;H\u00f4tel Charles de Prague sont climatis\u00e9es, \u00e9quip\u00e9es d&rsquo;une salle de bains priv\u00e9e, t\u00e9l\u00e9phone IDD, TV, satellite, gratuit Wi-Fi \u00e0 l&rsquo;Internet d&rsquo;acc\u00e8s, coffre-fort et un minibar.<\/p>\n<p>Les chambres d&rsquo;h\u00f4tes \u00e0 l&rsquo;<strong>H\u00f4tel The Charles de Prague<\/strong> sont meubl\u00e9es avec style baroque de mobilier et de panneaux de toiture restaur\u00e9e poutres. Entre les poutres, le plafond a \u00e9t\u00e9 finement peints avec des sc\u00e8nes de feuillage, \u00e0 la recherche sur les clients comme ils reposent dans leur lit.<\/p>\n","protected":false},"excerpt":{"rendered":"<p>L&rsquo;hotel The Charles, situ\u00e9 \u00e0 seulement 100 m\u00e8tres du Pont Charles, c\u00b4est un batiment magnifiquement restaur\u00e9, chambres d&rsquo;h\u00f4tes avec beaucoup de caract\u00e8res. L&rsquo;hotel The Charles est un petit h\u00f4tel romantique situ\u00e9 dans un batiment historique qui offre un confort moderne, sans pour autant sacrifier le charme de son historique et son romantisme. L&rsquo;hotel The Charles [&hellip;]<\/p>\n","protected":false},"author":7,"featured_media":0,"parent":0,"menu_order":10,"comment_status":"closed","ping_status":"closed","template":"template-rooms.php","meta":{"footnotes":""},"class_list":["post-169","page","type-page","status-publish","hentry"],"yoast_head":"<!-- This site is optimized with the Yoast SEO plugin v26.9 - https:\/\/yoast.com\/product\/yoast-seo-wordpress\/ -->\n<title>Chambres &#8211; The Charles Hotel &#8211;<\/title>\n<meta name=\"description\" content=\"L&#039;hotel The Charles, situ\u00e9 \u00e0 seulement 100 m\u00e8tres du Pont Charles, c\u00b4est un batiment magnifiquement restaur\u00e9, chambres d&#039;h\u00f4tes avec beaucoup de caract\u00e8res. L&#039;hotel The Charles est un petit h\u00f4tel romantique situ\u00e9 dans un batiment historique qui offre un confort moderne, sans pour autant sacrifier le charme de son historique et son romantisme.  L&#039;hotel The Charles de Prague poss\u00e9de 31 chambres,dont 6 appartements romantiques\" \/>\n<meta name=\"robots\" content=\"index, follow, max-snippet:-1, max-image-preview:large, max-video-preview:-1\" \/>\n<link rel=\"canonical\" href=\"https:\/\/www.hotel-charles.eu\/fr\/chambres\/\" \/>\n<meta property=\"og:locale\" content=\"fr_FR\" \/>\n<meta property=\"og:type\" content=\"article\" \/>\n<meta property=\"og:title\" content=\"Chambres &#8211; The Charles Hotel &#8211;\" \/>\n<meta property=\"og:description\" content=\"L&#039;hotel The Charles, situ\u00e9 \u00e0 seulement 100 m\u00e8tres du Pont Charles, c\u00b4est un batiment magnifiquement restaur\u00e9, chambres d&#039;h\u00f4tes avec beaucoup de caract\u00e8res. L&#039;hotel The Charles est un petit h\u00f4tel romantique situ\u00e9 dans un batiment historique qui offre un confort moderne, sans pour autant sacrifier le charme de son historique et son romantisme.  L&#039;hotel The Charles de Prague poss\u00e9de 31 chambres,dont 6 appartements romantiques\" \/>\n<meta property=\"og:url\" content=\"https:\/\/www.hotel-charles.eu\/fr\/chambres\/\" \/>\n<meta property=\"og:site_name\" content=\"The Charles Hotel\" \/>\n<meta property=\"article:modified_time\" content=\"2022-04-20T15:18:56+00:00\" \/>\n<meta name=\"twitter:card\" content=\"summary_large_image\" \/>\n<meta name=\"twitter:label1\" content=\"Dur\u00e9e de lecture estim\u00e9e\" \/>\n\t<meta name=\"twitter:data1\" content=\"1 minute\" \/>\n<script type=\"application\/ld+json\" class=\"yoast-schema-graph\">{\"@context\":\"https:\/\/schema.org\",\"@graph\":[{\"@type\":\"WebPage\",\"@id\":\"https:\/\/www.hotel-charles.eu\/fr\/chambres\/\",\"url\":\"https:\/\/www.hotel-charles.eu\/fr\/chambres\/\",\"name\":\"Chambres &#8211; The Charles Hotel &#8211;\",\"isPartOf\":{\"@id\":\"https:\/\/www.hotel-charles.eu\/fr\/#website\"},\"datePublished\":\"2022-04-20T12:49:37+00:00\",\"dateModified\":\"2022-04-20T15:18:56+00:00\",\"description\":\"L'hotel The Charles, situ\u00e9 \u00e0 seulement 100 m\u00e8tres du Pont Charles, c\u00b4est un batiment magnifiquement restaur\u00e9, chambres d'h\u00f4tes avec beaucoup de caract\u00e8res. L'hotel The Charles est un petit h\u00f4tel romantique situ\u00e9 dans un batiment historique qui offre un confort moderne, sans pour autant sacrifier le charme de son historique et son romantisme. L'hotel The Charles de Prague poss\u00e9de 31 chambres,dont 6 appartements romantiques\",\"breadcrumb\":{\"@id\":\"https:\/\/www.hotel-charles.eu\/fr\/chambres\/#breadcrumb\"},\"inLanguage\":\"fr-FR\",\"potentialAction\":[{\"@type\":\"ReadAction\",\"target\":[\"https:\/\/www.hotel-charles.eu\/fr\/chambres\/\"]}]},{\"@type\":\"BreadcrumbList\",\"@id\":\"https:\/\/www.hotel-charles.eu\/fr\/chambres\/#breadcrumb\",\"itemListElement\":[{\"@type\":\"ListItem\",\"position\":1,\"name\":\"Home\",\"item\":\"https:\/\/www.hotel-charles.eu\/fr\/\"},{\"@type\":\"ListItem\",\"position\":2,\"name\":\"Chambres\"}]},{\"@type\":\"WebSite\",\"@id\":\"https:\/\/www.hotel-charles.eu\/fr\/#website\",\"url\":\"https:\/\/www.hotel-charles.eu\/fr\/\",\"name\":\"The Charles Hotel\",\"description\":\"Just another ms.decms.eu site\",\"potentialAction\":[{\"@type\":\"SearchAction\",\"target\":{\"@type\":\"EntryPoint\",\"urlTemplate\":\"https:\/\/www.hotel-charles.eu\/fr\/?s={search_term_string}\"},\"query-input\":{\"@type\":\"PropertyValueSpecification\",\"valueRequired\":true,\"valueName\":\"search_term_string\"}}],\"inLanguage\":\"fr-FR\"}]}<\/script>\n<!-- \/ Yoast SEO plugin. -->","yoast_head_json":{"title":"Chambres &#8211; The Charles Hotel &#8211;","description":"L'hotel The Charles, situ\u00e9 \u00e0 seulement 100 m\u00e8tres du Pont Charles, c\u00b4est un batiment magnifiquement restaur\u00e9, chambres d'h\u00f4tes avec beaucoup de caract\u00e8res. L'hotel The Charles est un petit h\u00f4tel romantique situ\u00e9 dans un batiment historique qui offre un confort moderne, sans pour autant sacrifier le charme de son historique et son romantisme.  L'hotel The Charles de Prague poss\u00e9de 31 chambres,dont 6 appartements romantiques","robots":{"index":"index","follow":"follow","max-snippet":"max-snippet:-1","max-image-preview":"max-image-preview:large","max-video-preview":"max-video-preview:-1"},"canonical":"https:\/\/www.hotel-charles.eu\/fr\/chambres\/","og_locale":"fr_FR","og_type":"article","og_title":"Chambres &#8211; The Charles Hotel &#8211;","og_description":"L'hotel The Charles, situ\u00e9 \u00e0 seulement 100 m\u00e8tres du Pont Charles, c\u00b4est un batiment magnifiquement restaur\u00e9, chambres d'h\u00f4tes avec beaucoup de caract\u00e8res. L'hotel The Charles est un petit h\u00f4tel romantique situ\u00e9 dans un batiment historique qui offre un confort moderne, sans pour autant sacrifier le charme de son historique et son romantisme.  L'hotel The Charles de Prague poss\u00e9de 31 chambres,dont 6 appartements romantiques","og_url":"https:\/\/www.hotel-charles.eu\/fr\/chambres\/","og_site_name":"The Charles Hotel","article_modified_time":"2022-04-20T15:18:56+00:00","twitter_card":"summary_large_image","twitter_misc":{"Dur\u00e9e de lecture estim\u00e9e":"1 minute"},"schema":{"@context":"https:\/\/schema.org","@graph":[{"@type":"WebPage","@id":"https:\/\/www.hotel-charles.eu\/fr\/chambres\/","url":"https:\/\/www.hotel-charles.eu\/fr\/chambres\/","name":"Chambres &#8211; The Charles Hotel &#8211;","isPartOf":{"@id":"https:\/\/www.hotel-charles.eu\/fr\/#website"},"datePublished":"2022-04-20T12:49:37+00:00","dateModified":"2022-04-20T15:18:56+00:00","description":"L'hotel The Charles, situ\u00e9 \u00e0 seulement 100 m\u00e8tres du Pont Charles, c\u00b4est un batiment magnifiquement restaur\u00e9, chambres d'h\u00f4tes avec beaucoup de caract\u00e8res. L'hotel The Charles est un petit h\u00f4tel romantique situ\u00e9 dans un batiment historique qui offre un confort moderne, sans pour autant sacrifier le charme de son historique et son romantisme. L'hotel The Charles de Prague poss\u00e9de 31 chambres,dont 6 appartements romantiques","breadcrumb":{"@id":"https:\/\/www.hotel-charles.eu\/fr\/chambres\/#breadcrumb"},"inLanguage":"fr-FR","potentialAction":[{"@type":"ReadAction","target":["https:\/\/www.hotel-charles.eu\/fr\/chambres\/"]}]},{"@type":"BreadcrumbList","@id":"https:\/\/www.hotel-charles.eu\/fr\/chambres\/#breadcrumb","itemListElement":[{"@type":"ListItem","position":1,"name":"Home","item":"https:\/\/www.hotel-charles.eu\/fr\/"},{"@type":"ListItem","position":2,"name":"Chambres"}]},{"@type":"WebSite","@id":"https:\/\/www.hotel-charles.eu\/fr\/#website","url":"https:\/\/www.hotel-charles.eu\/fr\/","name":"The Charles Hotel","description":"Just another ms.decms.eu site","potentialAction":[{"@type":"SearchAction","target":{"@type":"EntryPoint","urlTemplate":"https:\/\/www.hotel-charles.eu\/fr\/?s={search_term_string}"},"query-input":{"@type":"PropertyValueSpecification","valueRequired":true,"valueName":"search_term_string"}}],"inLanguage":"fr-FR"}]}},"acf":[],"_links":{"self":[{"href":"https:\/\/www.hotel-charles.eu\/fr\/wp-json\/wp\/v2\/pages\/169","targetHints":{"allow":["GET"]}}],"collection":[{"href":"https:\/\/www.hotel-charles.eu\/fr\/wp-json\/wp\/v2\/pages"}],"about":[{"href":"https:\/\/www.hotel-charles.eu\/fr\/wp-json\/wp\/v2\/types\/page"}],"author":[{"embeddable":true,"href":"https:\/\/www.hotel-charles.eu\/fr\/wp-json\/wp\/v2\/users\/7"}],"replies":[{"embeddable":true,"href":"https:\/\/www.hotel-charles.eu\/fr\/wp-json\/wp\/v2\/comments?post=169"}],"version-history":[{"count":0,"href":"https:\/\/www.hotel-charles.eu\/fr\/wp-json\/wp\/v2\/pages\/169\/revisions"}],"wp:attachment":[{"href":"https:\/\/www.hotel-charles.eu\/fr\/wp-json\/wp\/v2\/media?parent=169"}],"curies":[{"name":"wp","href":"https:\/\/api.w.org\/{rel}","templated":true}]}}