{"id":126,"date":"2022-04-19T12:15:44","date_gmt":"2022-04-19T12:15:44","guid":{"rendered":"https:\/\/charles-hotel.ms.decms.eu\/historie-hotelu\/"},"modified":"2022-04-20T09:24:39","modified_gmt":"2022-04-20T09:24:39","slug":"histoire-de-lhotel","status":"publish","type":"page","link":"https:\/\/www.hotel-charles.eu\/fr\/histoire-de-lhotel\/","title":{"rendered":"Histoire de l&rsquo;h\u00f4tel"},"content":{"rendered":"<p>Un nom historique du b\u00e2timent sur Josefska 1 \/ 42 rue de la Petite Ville (Mala Strana) est la Maison de l\u00b4aigle d\u00b4or qui fait l&rsquo;angle. Le b\u00e2timent est \u00e9galement connu sous son nom d&rsquo;origine \u00ab\u00a0la maison au 3 agneaux\u00a0\u00bb.<\/p>\n<p>La maison a \u00e9t\u00e9 reconstruite en h\u00f4tel avec une haute qualit\u00e9 urbaine. Le b\u00e2timent est en cours de la vue du monument de bureau, ainsi que d&rsquo;autres sites historiques, et fait partie du patrimoine national tch\u00e8que.<\/p>\n<p>La premi\u00e8re mention \u00e9crite sur la localit\u00e9 o\u00f9 la maison a \u00e9t\u00e9 construite provient du 12e si\u00e8cle, lorsque foss\u00e9 d\u00e9fensif et rempart ont \u00e9t\u00e9 remplac\u00e9s par des batiments gothiques et des routes.Le Reste de remparts pr\u00e9c\u00e9dents sont encore conserv\u00e9s dans le sous-sol dans la partie centrale, \u00e0 environ 4 m\u00e8tres de profondeur.<\/p>\n<p>La premi\u00e8re mention sur l&rsquo;achat de la maison est de 1408, lorsque Veleslav cordonnier, appel\u00e9 Stemberk, a achet\u00e9 la maison du cordonnier Vaclav Jikrnac pour un prix inconnu.<\/p>\n<p>Au d\u00e9part, il y avait deux b\u00e2timents de l&rsquo;h\u00f4tel Charles est aujourd&rsquo;hui. The Corner House \u00ab\u00a0au Golden Eagle\u00a0\u00bb et la maison avec l&rsquo;entr\u00e9e sur la rue Josefska \u00ab\u00a0La maison dans les trois agneaux\u00a0\u00bb.<\/p>\n<p>Ces deux maisons ont \u00e9t\u00e9 annexees au cours de la reconstruction en 1685, la maison conserve toujour le nom \u00ab\u00a0A la Golden Eagle\u00a0\u00bb<\/p>\n","protected":false},"excerpt":{"rendered":"<p>Un nom historique du b\u00e2timent sur Josefska 1 \/ 42 rue de la Petite Ville (Mala Strana) est la Maison de l\u00b4aigle d\u00b4or qui fait l&rsquo;angle. Le b\u00e2timent est \u00e9galement connu sous son nom d&rsquo;origine \u00ab\u00a0la maison au 3 agneaux\u00a0\u00bb. La maison a \u00e9t\u00e9 reconstruite en h\u00f4tel avec une haute qualit\u00e9 urbaine. Le b\u00e2timent est [&hellip;]<\/p>\n","protected":false},"author":7,"featured_media":0,"parent":0,"menu_order":5,"comment_status":"closed","ping_status":"closed","template":"template-default-2.php","meta":{"footnotes":""},"class_list":["post-126","page","type-page","status-publish","hentry"],"yoast_head":"<!-- This site is optimized with the Yoast SEO plugin v26.9 - https:\/\/yoast.com\/product\/yoast-seo-wordpress\/ -->\n<title>Histoire de l&#039;h\u00f4tel &#8211; The Charles Hotel &#8211;<\/title>\n<meta name=\"description\" content=\"Un nom historique du b\u00e2timent sur Josefska 1 \/ 42 rue de la Petite Ville (Mala Strana) est la Maison de l\u00b4aigle d\u00b4or qui fait l&#039;angle. Le b\u00e2timent est \u00e9galement connu sous son nom d&#039;origine &quot;la maison au 3 agneaux&quot;.  La maison a \u00e9t\u00e9 reconstruite en h\u00f4tel avec une haute qualit\u00e9 urbaine\" \/>\n<meta name=\"robots\" content=\"index, follow, max-snippet:-1, max-image-preview:large, max-video-preview:-1\" \/>\n<link rel=\"canonical\" href=\"https:\/\/www.hotel-charles.eu\/fr\/histoire-de-lhotel\/\" \/>\n<meta property=\"og:locale\" content=\"fr_FR\" \/>\n<meta property=\"og:type\" content=\"article\" \/>\n<meta property=\"og:title\" content=\"Histoire de l&#039;h\u00f4tel &#8211; The Charles Hotel &#8211;\" \/>\n<meta property=\"og:description\" content=\"Un nom historique du b\u00e2timent sur Josefska 1 \/ 42 rue de la Petite Ville (Mala Strana) est la Maison de l\u00b4aigle d\u00b4or qui fait l&#039;angle. Le b\u00e2timent est \u00e9galement connu sous son nom d&#039;origine &quot;la maison au 3 agneaux&quot;.  La maison a \u00e9t\u00e9 reconstruite en h\u00f4tel avec une haute qualit\u00e9 urbaine\" \/>\n<meta property=\"og:url\" content=\"https:\/\/www.hotel-charles.eu\/fr\/histoire-de-lhotel\/\" \/>\n<meta property=\"og:site_name\" content=\"The Charles Hotel\" \/>\n<meta property=\"article:modified_time\" content=\"2022-04-20T09:24:39+00:00\" \/>\n<meta name=\"twitter:card\" content=\"summary_large_image\" \/>\n<meta name=\"twitter:label1\" content=\"Dur\u00e9e de lecture estim\u00e9e\" \/>\n\t<meta name=\"twitter:data1\" content=\"1 minute\" \/>\n<script type=\"application\/ld+json\" class=\"yoast-schema-graph\">{\"@context\":\"https:\/\/schema.org\",\"@graph\":[{\"@type\":\"WebPage\",\"@id\":\"https:\/\/www.hotel-charles.eu\/fr\/histoire-de-lhotel\/\",\"url\":\"https:\/\/www.hotel-charles.eu\/fr\/histoire-de-lhotel\/\",\"name\":\"Histoire de l'h\u00f4tel &#8211; The Charles Hotel &#8211;\",\"isPartOf\":{\"@id\":\"https:\/\/www.hotel-charles.eu\/fr\/#website\"},\"datePublished\":\"2022-04-19T12:15:44+00:00\",\"dateModified\":\"2022-04-20T09:24:39+00:00\",\"description\":\"Un nom historique du b\u00e2timent sur Josefska 1 \/ 42 rue de la Petite Ville (Mala Strana) est la Maison de l\u00b4aigle d\u00b4or qui fait l'angle. Le b\u00e2timent est \u00e9galement connu sous son nom d'origine \\\"la maison au 3 agneaux\\\". La maison a \u00e9t\u00e9 reconstruite en h\u00f4tel avec une haute qualit\u00e9 urbaine\",\"breadcrumb\":{\"@id\":\"https:\/\/www.hotel-charles.eu\/fr\/histoire-de-lhotel\/#breadcrumb\"},\"inLanguage\":\"fr-FR\",\"potentialAction\":[{\"@type\":\"ReadAction\",\"target\":[\"https:\/\/www.hotel-charles.eu\/fr\/histoire-de-lhotel\/\"]}]},{\"@type\":\"BreadcrumbList\",\"@id\":\"https:\/\/www.hotel-charles.eu\/fr\/histoire-de-lhotel\/#breadcrumb\",\"itemListElement\":[{\"@type\":\"ListItem\",\"position\":1,\"name\":\"Home\",\"item\":\"https:\/\/www.hotel-charles.eu\/fr\/\"},{\"@type\":\"ListItem\",\"position\":2,\"name\":\"Histoire de l&rsquo;h\u00f4tel\"}]},{\"@type\":\"WebSite\",\"@id\":\"https:\/\/www.hotel-charles.eu\/fr\/#website\",\"url\":\"https:\/\/www.hotel-charles.eu\/fr\/\",\"name\":\"The Charles Hotel\",\"description\":\"Just another ms.decms.eu site\",\"potentialAction\":[{\"@type\":\"SearchAction\",\"target\":{\"@type\":\"EntryPoint\",\"urlTemplate\":\"https:\/\/www.hotel-charles.eu\/fr\/?s={search_term_string}\"},\"query-input\":{\"@type\":\"PropertyValueSpecification\",\"valueRequired\":true,\"valueName\":\"search_term_string\"}}],\"inLanguage\":\"fr-FR\"}]}<\/script>\n<!-- \/ Yoast SEO plugin. -->","yoast_head_json":{"title":"Histoire de l'h\u00f4tel &#8211; The Charles Hotel &#8211;","description":"Un nom historique du b\u00e2timent sur Josefska 1 \/ 42 rue de la Petite Ville (Mala Strana) est la Maison de l\u00b4aigle d\u00b4or qui fait l'angle. Le b\u00e2timent est \u00e9galement connu sous son nom d'origine \"la maison au 3 agneaux\".  La maison a \u00e9t\u00e9 reconstruite en h\u00f4tel avec une haute qualit\u00e9 urbaine","robots":{"index":"index","follow":"follow","max-snippet":"max-snippet:-1","max-image-preview":"max-image-preview:large","max-video-preview":"max-video-preview:-1"},"canonical":"https:\/\/www.hotel-charles.eu\/fr\/histoire-de-lhotel\/","og_locale":"fr_FR","og_type":"article","og_title":"Histoire de l'h\u00f4tel &#8211; The Charles Hotel &#8211;","og_description":"Un nom historique du b\u00e2timent sur Josefska 1 \/ 42 rue de la Petite Ville (Mala Strana) est la Maison de l\u00b4aigle d\u00b4or qui fait l'angle. Le b\u00e2timent est \u00e9galement connu sous son nom d'origine \"la maison au 3 agneaux\".  La maison a \u00e9t\u00e9 reconstruite en h\u00f4tel avec une haute qualit\u00e9 urbaine","og_url":"https:\/\/www.hotel-charles.eu\/fr\/histoire-de-lhotel\/","og_site_name":"The Charles Hotel","article_modified_time":"2022-04-20T09:24:39+00:00","twitter_card":"summary_large_image","twitter_misc":{"Dur\u00e9e de lecture estim\u00e9e":"1 minute"},"schema":{"@context":"https:\/\/schema.org","@graph":[{"@type":"WebPage","@id":"https:\/\/www.hotel-charles.eu\/fr\/histoire-de-lhotel\/","url":"https:\/\/www.hotel-charles.eu\/fr\/histoire-de-lhotel\/","name":"Histoire de l'h\u00f4tel &#8211; The Charles Hotel &#8211;","isPartOf":{"@id":"https:\/\/www.hotel-charles.eu\/fr\/#website"},"datePublished":"2022-04-19T12:15:44+00:00","dateModified":"2022-04-20T09:24:39+00:00","description":"Un nom historique du b\u00e2timent sur Josefska 1 \/ 42 rue de la Petite Ville (Mala Strana) est la Maison de l\u00b4aigle d\u00b4or qui fait l'angle. Le b\u00e2timent est \u00e9galement connu sous son nom d'origine \"la maison au 3 agneaux\". La maison a \u00e9t\u00e9 reconstruite en h\u00f4tel avec une haute qualit\u00e9 urbaine","breadcrumb":{"@id":"https:\/\/www.hotel-charles.eu\/fr\/histoire-de-lhotel\/#breadcrumb"},"inLanguage":"fr-FR","potentialAction":[{"@type":"ReadAction","target":["https:\/\/www.hotel-charles.eu\/fr\/histoire-de-lhotel\/"]}]},{"@type":"BreadcrumbList","@id":"https:\/\/www.hotel-charles.eu\/fr\/histoire-de-lhotel\/#breadcrumb","itemListElement":[{"@type":"ListItem","position":1,"name":"Home","item":"https:\/\/www.hotel-charles.eu\/fr\/"},{"@type":"ListItem","position":2,"name":"Histoire de l&rsquo;h\u00f4tel"}]},{"@type":"WebSite","@id":"https:\/\/www.hotel-charles.eu\/fr\/#website","url":"https:\/\/www.hotel-charles.eu\/fr\/","name":"The Charles Hotel","description":"Just another ms.decms.eu site","potentialAction":[{"@type":"SearchAction","target":{"@type":"EntryPoint","urlTemplate":"https:\/\/www.hotel-charles.eu\/fr\/?s={search_term_string}"},"query-input":{"@type":"PropertyValueSpecification","valueRequired":true,"valueName":"search_term_string"}}],"inLanguage":"fr-FR"}]}},"acf":[],"_links":{"self":[{"href":"https:\/\/www.hotel-charles.eu\/fr\/wp-json\/wp\/v2\/pages\/126","targetHints":{"allow":["GET"]}}],"collection":[{"href":"https:\/\/www.hotel-charles.eu\/fr\/wp-json\/wp\/v2\/pages"}],"about":[{"href":"https:\/\/www.hotel-charles.eu\/fr\/wp-json\/wp\/v2\/types\/page"}],"author":[{"embeddable":true,"href":"https:\/\/www.hotel-charles.eu\/fr\/wp-json\/wp\/v2\/users\/7"}],"replies":[{"embeddable":true,"href":"https:\/\/www.hotel-charles.eu\/fr\/wp-json\/wp\/v2\/comments?post=126"}],"version-history":[{"count":0,"href":"https:\/\/www.hotel-charles.eu\/fr\/wp-json\/wp\/v2\/pages\/126\/revisions"}],"wp:attachment":[{"href":"https:\/\/www.hotel-charles.eu\/fr\/wp-json\/wp\/v2\/media?parent=126"}],"curies":[{"name":"wp","href":"https:\/\/api.w.org\/{rel}","templated":true}]}}