{"id":175,"date":"2022-04-20T14:08:17","date_gmt":"2022-04-20T14:08:17","guid":{"rendered":"https:\/\/charles-hotel.ms.decms.eu\/?page_id=175"},"modified":"2022-04-20T14:14:27","modified_gmt":"2022-04-20T14:14:27","slug":"habitaciones","status":"publish","type":"page","link":"https:\/\/www.hotel-charles.eu\/es\/habitaciones\/","title":{"rendered":"Habitaciones"},"content":{"rendered":"<p>El Hotel Charles, ubicado a s\u00f3lo 100 metros <strong>del Puente de Carlos<\/strong>, es un hermoso edificio restaurado que ofrece habitaciones con gran car\u00e1cter. El Hotel Charles es un hotel peque\u00f1o y rom\u00e1ntico en un edificio hist\u00f3rico que ofrece moderno confort sin sacrificar el encanto de su hist\u00f3rico y rom\u00e1ntico entorno.<\/p>\n<p>El Hotel Charles Prague ofrece alojamiento en 31 habitaciones, incluyendo 6 rom\u00e1nticos apartamentos. <strong>Todas las habitaciones<\/strong> han sido amuebladas al estilo Barroco y est\u00e1n equipadas con un cuarto de ba\u00f1o con ducha o ba\u00f1era y servicio, secadora de pelo, tel\u00e9fono, SAT TV, minibar y caja fuerte.<\/p>\n<p>Las habitaciones en el <strong>Hotel Charles Prague<\/strong> est\u00e1n equipadas con muebles del per\u00edodo Barroco y trav\u00e9ses con paneles dise\u00f1ados y restaurados. Entre los trav\u00e9ses, el techo ha sido minuciosamente pintado con escenas de follaje que ven hacia abajo a los hu\u00e9spedes mientras estos descansan en sus lujosas camas.<\/p>\n<p>Cada habitacion del Hotel Charles Prague ha sido singularmente decorada, cuenta con aire acondicionado y est\u00e1 equipada con cuarto de ba\u00f1o, tel\u00e9fono IDD, TV, cable, conexi\u00f3n Wi-Fi gratuita, caja fuerte y un minibar.<\/p>\n<p>Las habitaciones en el Hotel Charles Prague est\u00e1n equipadas con muebles del per\u00edodo Barroco y trav\u00e9ses con paneles dise\u00f1ados y restaurados. Entre los trav\u00e9ses, el techo ha sido minuciosamente pintado con escenas de follaje que ven hacia abajo a los hu\u00e9spedes mientras estos descansan en sus camas.<\/p>\n","protected":false},"excerpt":{"rendered":"<p>El Hotel Charles, ubicado a s\u00f3lo 100 metros del Puente de Carlos, es un hermoso edificio restaurado que ofrece habitaciones con gran car\u00e1cter. El Hotel Charles es un hotel peque\u00f1o y rom\u00e1ntico en un edificio hist\u00f3rico que ofrece moderno confort sin sacrificar el encanto de su hist\u00f3rico y rom\u00e1ntico entorno. El Hotel Charles Prague ofrece [&hellip;]<\/p>\n","protected":false},"author":7,"featured_media":0,"parent":0,"menu_order":10,"comment_status":"closed","ping_status":"closed","template":"template-rooms.php","meta":{"footnotes":""},"class_list":["post-175","page","type-page","status-publish","hentry"],"yoast_head":"<!-- This site is optimized with the Yoast SEO plugin v26.9 - https:\/\/yoast.com\/product\/yoast-seo-wordpress\/ -->\n<title>Habitaciones &#8211; The Charles Hotel &#8211;<\/title>\n<meta name=\"description\" content=\"El Hotel Charles, ubicado a s\u00f3lo 100 metros del Puente de Carlos, es un hermoso edificio restaurado que ofrece habitaciones con gran car\u00e1cter. El Hotel Charles es un hotel peque\u00f1o y rom\u00e1ntico en un edificio hist\u00f3rico que ofrece moderno confort sin sacrificar el encanto de su hist\u00f3rico y rom\u00e1ntico entorno.  El Hotel Charles Prague ofrece alojamiento en 31 habitaciones, incluyendo 6 rom\u00e1nticos apartamentos\" \/>\n<meta name=\"robots\" content=\"index, follow, max-snippet:-1, max-image-preview:large, max-video-preview:-1\" \/>\n<link rel=\"canonical\" href=\"https:\/\/www.hotel-charles.eu\/es\/habitaciones\/\" \/>\n<meta property=\"og:locale\" content=\"es_ES\" \/>\n<meta property=\"og:type\" content=\"article\" \/>\n<meta property=\"og:title\" content=\"Habitaciones &#8211; The Charles Hotel &#8211;\" \/>\n<meta property=\"og:description\" content=\"El Hotel Charles, ubicado a s\u00f3lo 100 metros del Puente de Carlos, es un hermoso edificio restaurado que ofrece habitaciones con gran car\u00e1cter. El Hotel Charles es un hotel peque\u00f1o y rom\u00e1ntico en un edificio hist\u00f3rico que ofrece moderno confort sin sacrificar el encanto de su hist\u00f3rico y rom\u00e1ntico entorno.  El Hotel Charles Prague ofrece alojamiento en 31 habitaciones, incluyendo 6 rom\u00e1nticos apartamentos\" \/>\n<meta property=\"og:url\" content=\"https:\/\/www.hotel-charles.eu\/es\/habitaciones\/\" \/>\n<meta property=\"og:site_name\" content=\"The Charles Hotel\" \/>\n<meta property=\"article:modified_time\" content=\"2022-04-20T14:14:27+00:00\" \/>\n<meta name=\"twitter:card\" content=\"summary_large_image\" \/>\n<meta name=\"twitter:label1\" content=\"Tiempo de lectura\" \/>\n\t<meta name=\"twitter:data1\" content=\"1 minuto\" \/>\n<script type=\"application\/ld+json\" class=\"yoast-schema-graph\">{\"@context\":\"https:\/\/schema.org\",\"@graph\":[{\"@type\":\"WebPage\",\"@id\":\"https:\/\/www.hotel-charles.eu\/es\/habitaciones\/\",\"url\":\"https:\/\/www.hotel-charles.eu\/es\/habitaciones\/\",\"name\":\"Habitaciones &#8211; The Charles Hotel &#8211;\",\"isPartOf\":{\"@id\":\"https:\/\/www.hotel-charles.eu\/es\/#website\"},\"datePublished\":\"2022-04-20T14:08:17+00:00\",\"dateModified\":\"2022-04-20T14:14:27+00:00\",\"description\":\"El Hotel Charles, ubicado a s\u00f3lo 100 metros del Puente de Carlos, es un hermoso edificio restaurado que ofrece habitaciones con gran car\u00e1cter. El Hotel Charles es un hotel peque\u00f1o y rom\u00e1ntico en un edificio hist\u00f3rico que ofrece moderno confort sin sacrificar el encanto de su hist\u00f3rico y rom\u00e1ntico entorno. El Hotel Charles Prague ofrece alojamiento en 31 habitaciones, incluyendo 6 rom\u00e1nticos apartamentos\",\"breadcrumb\":{\"@id\":\"https:\/\/www.hotel-charles.eu\/es\/habitaciones\/#breadcrumb\"},\"inLanguage\":\"es\",\"potentialAction\":[{\"@type\":\"ReadAction\",\"target\":[\"https:\/\/www.hotel-charles.eu\/es\/habitaciones\/\"]}]},{\"@type\":\"BreadcrumbList\",\"@id\":\"https:\/\/www.hotel-charles.eu\/es\/habitaciones\/#breadcrumb\",\"itemListElement\":[{\"@type\":\"ListItem\",\"position\":1,\"name\":\"Home\",\"item\":\"https:\/\/www.hotel-charles.eu\/es\/\"},{\"@type\":\"ListItem\",\"position\":2,\"name\":\"Habitaciones\"}]},{\"@type\":\"WebSite\",\"@id\":\"https:\/\/www.hotel-charles.eu\/es\/#website\",\"url\":\"https:\/\/www.hotel-charles.eu\/es\/\",\"name\":\"The Charles Hotel\",\"description\":\"Just another ms.decms.eu site\",\"potentialAction\":[{\"@type\":\"SearchAction\",\"target\":{\"@type\":\"EntryPoint\",\"urlTemplate\":\"https:\/\/www.hotel-charles.eu\/es\/?s={search_term_string}\"},\"query-input\":{\"@type\":\"PropertyValueSpecification\",\"valueRequired\":true,\"valueName\":\"search_term_string\"}}],\"inLanguage\":\"es\"}]}<\/script>\n<!-- \/ Yoast SEO plugin. -->","yoast_head_json":{"title":"Habitaciones &#8211; The Charles Hotel &#8211;","description":"El Hotel Charles, ubicado a s\u00f3lo 100 metros del Puente de Carlos, es un hermoso edificio restaurado que ofrece habitaciones con gran car\u00e1cter. El Hotel Charles es un hotel peque\u00f1o y rom\u00e1ntico en un edificio hist\u00f3rico que ofrece moderno confort sin sacrificar el encanto de su hist\u00f3rico y rom\u00e1ntico entorno.  El Hotel Charles Prague ofrece alojamiento en 31 habitaciones, incluyendo 6 rom\u00e1nticos apartamentos","robots":{"index":"index","follow":"follow","max-snippet":"max-snippet:-1","max-image-preview":"max-image-preview:large","max-video-preview":"max-video-preview:-1"},"canonical":"https:\/\/www.hotel-charles.eu\/es\/habitaciones\/","og_locale":"es_ES","og_type":"article","og_title":"Habitaciones &#8211; The Charles Hotel &#8211;","og_description":"El Hotel Charles, ubicado a s\u00f3lo 100 metros del Puente de Carlos, es un hermoso edificio restaurado que ofrece habitaciones con gran car\u00e1cter. El Hotel Charles es un hotel peque\u00f1o y rom\u00e1ntico en un edificio hist\u00f3rico que ofrece moderno confort sin sacrificar el encanto de su hist\u00f3rico y rom\u00e1ntico entorno.  El Hotel Charles Prague ofrece alojamiento en 31 habitaciones, incluyendo 6 rom\u00e1nticos apartamentos","og_url":"https:\/\/www.hotel-charles.eu\/es\/habitaciones\/","og_site_name":"The Charles Hotel","article_modified_time":"2022-04-20T14:14:27+00:00","twitter_card":"summary_large_image","twitter_misc":{"Tiempo de lectura":"1 minuto"},"schema":{"@context":"https:\/\/schema.org","@graph":[{"@type":"WebPage","@id":"https:\/\/www.hotel-charles.eu\/es\/habitaciones\/","url":"https:\/\/www.hotel-charles.eu\/es\/habitaciones\/","name":"Habitaciones &#8211; The Charles Hotel &#8211;","isPartOf":{"@id":"https:\/\/www.hotel-charles.eu\/es\/#website"},"datePublished":"2022-04-20T14:08:17+00:00","dateModified":"2022-04-20T14:14:27+00:00","description":"El Hotel Charles, ubicado a s\u00f3lo 100 metros del Puente de Carlos, es un hermoso edificio restaurado que ofrece habitaciones con gran car\u00e1cter. El Hotel Charles es un hotel peque\u00f1o y rom\u00e1ntico en un edificio hist\u00f3rico que ofrece moderno confort sin sacrificar el encanto de su hist\u00f3rico y rom\u00e1ntico entorno. El Hotel Charles Prague ofrece alojamiento en 31 habitaciones, incluyendo 6 rom\u00e1nticos apartamentos","breadcrumb":{"@id":"https:\/\/www.hotel-charles.eu\/es\/habitaciones\/#breadcrumb"},"inLanguage":"es","potentialAction":[{"@type":"ReadAction","target":["https:\/\/www.hotel-charles.eu\/es\/habitaciones\/"]}]},{"@type":"BreadcrumbList","@id":"https:\/\/www.hotel-charles.eu\/es\/habitaciones\/#breadcrumb","itemListElement":[{"@type":"ListItem","position":1,"name":"Home","item":"https:\/\/www.hotel-charles.eu\/es\/"},{"@type":"ListItem","position":2,"name":"Habitaciones"}]},{"@type":"WebSite","@id":"https:\/\/www.hotel-charles.eu\/es\/#website","url":"https:\/\/www.hotel-charles.eu\/es\/","name":"The Charles Hotel","description":"Just another ms.decms.eu site","potentialAction":[{"@type":"SearchAction","target":{"@type":"EntryPoint","urlTemplate":"https:\/\/www.hotel-charles.eu\/es\/?s={search_term_string}"},"query-input":{"@type":"PropertyValueSpecification","valueRequired":true,"valueName":"search_term_string"}}],"inLanguage":"es"}]}},"acf":[],"_links":{"self":[{"href":"https:\/\/www.hotel-charles.eu\/es\/wp-json\/wp\/v2\/pages\/175","targetHints":{"allow":["GET"]}}],"collection":[{"href":"https:\/\/www.hotel-charles.eu\/es\/wp-json\/wp\/v2\/pages"}],"about":[{"href":"https:\/\/www.hotel-charles.eu\/es\/wp-json\/wp\/v2\/types\/page"}],"author":[{"embeddable":true,"href":"https:\/\/www.hotel-charles.eu\/es\/wp-json\/wp\/v2\/users\/7"}],"replies":[{"embeddable":true,"href":"https:\/\/www.hotel-charles.eu\/es\/wp-json\/wp\/v2\/comments?post=175"}],"version-history":[{"count":0,"href":"https:\/\/www.hotel-charles.eu\/es\/wp-json\/wp\/v2\/pages\/175\/revisions"}],"wp:attachment":[{"href":"https:\/\/www.hotel-charles.eu\/es\/wp-json\/wp\/v2\/media?parent=175"}],"curies":[{"name":"wp","href":"https:\/\/api.w.org\/{rel}","templated":true}]}}