{"id":131,"date":"2022-04-19T12:15:44","date_gmt":"2022-04-19T12:15:44","guid":{"rendered":"https:\/\/charles-hotel.ms.decms.eu\/historie-hotelu\/"},"modified":"2022-04-20T09:57:31","modified_gmt":"2022-04-20T09:57:31","slug":"historia-del-hotel","status":"publish","type":"page","link":"https:\/\/www.hotel-charles.eu\/es\/historia-del-hotel\/","title":{"rendered":"Historia del hotel"},"content":{"rendered":"<p>El nombre hist\u00f3rico del edificio en la calle Josefska 1\/42 en la Ciudad Peque\u00f1a es \u00abCasa a donde el \u00c1guila Dorada\u00bb (esquina). El edificio es tambi\u00e9n conocido por su nombre original \u00abLa Casa a donde los 3 Corderos\u00bb.<\/p>\n<p>La casa fue reconstruida como un hotel con una alta calidad urbana. El edificio se encuentra bajo el cuidado de la oficina conmemorativa junto con otros edificios famosos y forma parte del Patrimonio Nacional Checo.<\/p>\n<p>Las primeras menciones escritas sobre la localidad en donde fue construida la casa datan del siglo XII, cuando fosos y muros fueron remplazados por edificios g\u00f3ticos y calles. Algunos restos de muro son a\u00fan preservados en el s\u00f3tano en la parte central, a aproximadamente 4 metros de profundidad.<\/p>\n<p>Las primeras menciones sobre la compra de la casa provienen del a\u00f1o 1408, cuando el zapatero Veleslav, llamado Stemberk, compr\u00f3 la casa del zapatero Vaclav Jikrnac a un precio desconocido.<\/p>\n<p>Originalmente hab\u00eda dos edificios en el lugar donde hoy se encuentra el Hotel Charles. La casa de la esquina &#8211; A donde el \u00c1guila Dorada y la casa con la entrada en la calle Josefska llamada \u00abLa Casa a donde los Tres Corderos\u00bb.<\/p>\n<p>Estas casas fueron unidas durante la reconstrucci\u00f3n en 1685 y mantuvo el nombre de \u00abA donde el \u00c1guila Dorada\u00bb.<\/p>\n","protected":false},"excerpt":{"rendered":"<p>El nombre hist\u00f3rico del edificio en la calle Josefska 1\/42 en la Ciudad Peque\u00f1a es \u00abCasa a donde el \u00c1guila Dorada\u00bb (esquina). El edificio es tambi\u00e9n conocido por su nombre original \u00abLa Casa a donde los 3 Corderos\u00bb. La casa fue reconstruida como un hotel con una alta calidad urbana. El edificio se encuentra bajo [&hellip;]<\/p>\n","protected":false},"author":7,"featured_media":0,"parent":0,"menu_order":5,"comment_status":"closed","ping_status":"closed","template":"template-default-2.php","meta":{"footnotes":""},"class_list":["post-131","page","type-page","status-publish","hentry"],"yoast_head":"<!-- This site is optimized with the Yoast SEO plugin v26.9 - https:\/\/yoast.com\/product\/yoast-seo-wordpress\/ -->\n<title>Historia del hotel &#8211; The Charles Hotel &#8211;<\/title>\n<meta name=\"description\" content=\"El nombre hist\u00f3rico del edificio en la calle Josefska 1\/42 en la Ciudad Peque\u00f1a es &quot;Casa a donde el \u00c1guila Dorada&quot; (esquina). El edificio es tambi\u00e9n conocido por su nombre original &quot;La Casa a donde los 3 Corderos&quot;.  La casa fue reconstruida como un hotel con una alta calidad urbana\" \/>\n<meta name=\"robots\" content=\"index, follow, max-snippet:-1, max-image-preview:large, max-video-preview:-1\" \/>\n<link rel=\"canonical\" href=\"https:\/\/www.hotel-charles.eu\/es\/historia-del-hotel\/\" \/>\n<meta property=\"og:locale\" content=\"es_ES\" \/>\n<meta property=\"og:type\" content=\"article\" \/>\n<meta property=\"og:title\" content=\"Historia del hotel &#8211; The Charles Hotel &#8211;\" \/>\n<meta property=\"og:description\" content=\"El nombre hist\u00f3rico del edificio en la calle Josefska 1\/42 en la Ciudad Peque\u00f1a es &quot;Casa a donde el \u00c1guila Dorada&quot; (esquina). El edificio es tambi\u00e9n conocido por su nombre original &quot;La Casa a donde los 3 Corderos&quot;.  La casa fue reconstruida como un hotel con una alta calidad urbana\" \/>\n<meta property=\"og:url\" content=\"https:\/\/www.hotel-charles.eu\/es\/historia-del-hotel\/\" \/>\n<meta property=\"og:site_name\" content=\"The Charles Hotel\" \/>\n<meta property=\"article:modified_time\" content=\"2022-04-20T09:57:31+00:00\" \/>\n<meta name=\"twitter:card\" content=\"summary_large_image\" \/>\n<meta name=\"twitter:label1\" content=\"Tiempo de lectura\" \/>\n\t<meta name=\"twitter:data1\" content=\"1 minuto\" \/>\n<script type=\"application\/ld+json\" class=\"yoast-schema-graph\">{\"@context\":\"https:\/\/schema.org\",\"@graph\":[{\"@type\":\"WebPage\",\"@id\":\"https:\/\/www.hotel-charles.eu\/es\/historia-del-hotel\/\",\"url\":\"https:\/\/www.hotel-charles.eu\/es\/historia-del-hotel\/\",\"name\":\"Historia del hotel &#8211; The Charles Hotel &#8211;\",\"isPartOf\":{\"@id\":\"https:\/\/www.hotel-charles.eu\/es\/#website\"},\"datePublished\":\"2022-04-19T12:15:44+00:00\",\"dateModified\":\"2022-04-20T09:57:31+00:00\",\"description\":\"El nombre hist\u00f3rico del edificio en la calle Josefska 1\/42 en la Ciudad Peque\u00f1a es \\\"Casa a donde el \u00c1guila Dorada\\\" (esquina). El edificio es tambi\u00e9n conocido por su nombre original \\\"La Casa a donde los 3 Corderos\\\". La casa fue reconstruida como un hotel con una alta calidad urbana\",\"breadcrumb\":{\"@id\":\"https:\/\/www.hotel-charles.eu\/es\/historia-del-hotel\/#breadcrumb\"},\"inLanguage\":\"es\",\"potentialAction\":[{\"@type\":\"ReadAction\",\"target\":[\"https:\/\/www.hotel-charles.eu\/es\/historia-del-hotel\/\"]}]},{\"@type\":\"BreadcrumbList\",\"@id\":\"https:\/\/www.hotel-charles.eu\/es\/historia-del-hotel\/#breadcrumb\",\"itemListElement\":[{\"@type\":\"ListItem\",\"position\":1,\"name\":\"Home\",\"item\":\"https:\/\/www.hotel-charles.eu\/es\/\"},{\"@type\":\"ListItem\",\"position\":2,\"name\":\"Historia del hotel\"}]},{\"@type\":\"WebSite\",\"@id\":\"https:\/\/www.hotel-charles.eu\/es\/#website\",\"url\":\"https:\/\/www.hotel-charles.eu\/es\/\",\"name\":\"The Charles Hotel\",\"description\":\"Just another ms.decms.eu site\",\"potentialAction\":[{\"@type\":\"SearchAction\",\"target\":{\"@type\":\"EntryPoint\",\"urlTemplate\":\"https:\/\/www.hotel-charles.eu\/es\/?s={search_term_string}\"},\"query-input\":{\"@type\":\"PropertyValueSpecification\",\"valueRequired\":true,\"valueName\":\"search_term_string\"}}],\"inLanguage\":\"es\"}]}<\/script>\n<!-- \/ Yoast SEO plugin. -->","yoast_head_json":{"title":"Historia del hotel &#8211; The Charles Hotel &#8211;","description":"El nombre hist\u00f3rico del edificio en la calle Josefska 1\/42 en la Ciudad Peque\u00f1a es \"Casa a donde el \u00c1guila Dorada\" (esquina). El edificio es tambi\u00e9n conocido por su nombre original \"La Casa a donde los 3 Corderos\".  La casa fue reconstruida como un hotel con una alta calidad urbana","robots":{"index":"index","follow":"follow","max-snippet":"max-snippet:-1","max-image-preview":"max-image-preview:large","max-video-preview":"max-video-preview:-1"},"canonical":"https:\/\/www.hotel-charles.eu\/es\/historia-del-hotel\/","og_locale":"es_ES","og_type":"article","og_title":"Historia del hotel &#8211; The Charles Hotel &#8211;","og_description":"El nombre hist\u00f3rico del edificio en la calle Josefska 1\/42 en la Ciudad Peque\u00f1a es \"Casa a donde el \u00c1guila Dorada\" (esquina). El edificio es tambi\u00e9n conocido por su nombre original \"La Casa a donde los 3 Corderos\".  La casa fue reconstruida como un hotel con una alta calidad urbana","og_url":"https:\/\/www.hotel-charles.eu\/es\/historia-del-hotel\/","og_site_name":"The Charles Hotel","article_modified_time":"2022-04-20T09:57:31+00:00","twitter_card":"summary_large_image","twitter_misc":{"Tiempo de lectura":"1 minuto"},"schema":{"@context":"https:\/\/schema.org","@graph":[{"@type":"WebPage","@id":"https:\/\/www.hotel-charles.eu\/es\/historia-del-hotel\/","url":"https:\/\/www.hotel-charles.eu\/es\/historia-del-hotel\/","name":"Historia del hotel &#8211; The Charles Hotel &#8211;","isPartOf":{"@id":"https:\/\/www.hotel-charles.eu\/es\/#website"},"datePublished":"2022-04-19T12:15:44+00:00","dateModified":"2022-04-20T09:57:31+00:00","description":"El nombre hist\u00f3rico del edificio en la calle Josefska 1\/42 en la Ciudad Peque\u00f1a es \"Casa a donde el \u00c1guila Dorada\" (esquina). El edificio es tambi\u00e9n conocido por su nombre original \"La Casa a donde los 3 Corderos\". La casa fue reconstruida como un hotel con una alta calidad urbana","breadcrumb":{"@id":"https:\/\/www.hotel-charles.eu\/es\/historia-del-hotel\/#breadcrumb"},"inLanguage":"es","potentialAction":[{"@type":"ReadAction","target":["https:\/\/www.hotel-charles.eu\/es\/historia-del-hotel\/"]}]},{"@type":"BreadcrumbList","@id":"https:\/\/www.hotel-charles.eu\/es\/historia-del-hotel\/#breadcrumb","itemListElement":[{"@type":"ListItem","position":1,"name":"Home","item":"https:\/\/www.hotel-charles.eu\/es\/"},{"@type":"ListItem","position":2,"name":"Historia del hotel"}]},{"@type":"WebSite","@id":"https:\/\/www.hotel-charles.eu\/es\/#website","url":"https:\/\/www.hotel-charles.eu\/es\/","name":"The Charles Hotel","description":"Just another ms.decms.eu site","potentialAction":[{"@type":"SearchAction","target":{"@type":"EntryPoint","urlTemplate":"https:\/\/www.hotel-charles.eu\/es\/?s={search_term_string}"},"query-input":{"@type":"PropertyValueSpecification","valueRequired":true,"valueName":"search_term_string"}}],"inLanguage":"es"}]}},"acf":[],"_links":{"self":[{"href":"https:\/\/www.hotel-charles.eu\/es\/wp-json\/wp\/v2\/pages\/131","targetHints":{"allow":["GET"]}}],"collection":[{"href":"https:\/\/www.hotel-charles.eu\/es\/wp-json\/wp\/v2\/pages"}],"about":[{"href":"https:\/\/www.hotel-charles.eu\/es\/wp-json\/wp\/v2\/types\/page"}],"author":[{"embeddable":true,"href":"https:\/\/www.hotel-charles.eu\/es\/wp-json\/wp\/v2\/users\/7"}],"replies":[{"embeddable":true,"href":"https:\/\/www.hotel-charles.eu\/es\/wp-json\/wp\/v2\/comments?post=131"}],"version-history":[{"count":0,"href":"https:\/\/www.hotel-charles.eu\/es\/wp-json\/wp\/v2\/pages\/131\/revisions"}],"wp:attachment":[{"href":"https:\/\/www.hotel-charles.eu\/es\/wp-json\/wp\/v2\/media?parent=131"}],"curies":[{"name":"wp","href":"https:\/\/api.w.org\/{rel}","templated":true}]}}