{"id":10,"date":"2022-04-15T14:34:11","date_gmt":"2022-04-15T14:34:11","guid":{"rendered":"https:\/\/charles-hotel.ms.decms.eu\/?page_id=10"},"modified":"2024-05-24T08:41:09","modified_gmt":"2024-05-24T08:41:09","slug":"the-charles-hotel-prague","status":"publish","type":"page","link":"https:\/\/www.hotel-charles.eu\/es\/","title":{"rendered":"The Charles Hotel Prague"},"content":{"rendered":"<p>El Hotel Charles Prague es un rom\u00e1ntico hotel que goza de una de las mejores ubicaciones en la ciudad de Praga &#8211; <strong>en el coraz\u00f3n la Ciudad Peque\u00f1a<\/strong> (Mala Strana). El Hotel Charles Prague ofrece una magn\u00edfica selecci\u00f3n de alojamiento rom\u00e1ntico en Praga con 25 habitaciones y 6 suites, las cuales reflejan el rico patrimonio del edificio y proveen a los hu\u00e9spedes de un c\u00f3modo alojamiento, un servicio excepcional y modernas instalaciones.<\/p>\n<p>El Hotel Charles, nuestro rom\u00e1ntico hotel de Praga est\u00e1 idealmente <strong>ubicado en la Ciudad Peque\u00f1a, tambi\u00e9n llamada Barrio Menor, entre el famoso Puente de Carlos<\/strong> y la Plaza de la Ciudad Peque\u00f1a. El Hotel Charles forma parte del Camino Real que comienza en Norimberk (Alemania) y se dirige hacia el Castillo de Praga a trav\u00e9s de la Torre de P\u00f3lvora, la Plaza de Wenceslao y cruza el Puente de Carlos. Estamos a pocos pasos de todos los lugares de inter\u00e9s m\u00e1s impresionantes de Praga, incluyendo el Castillo de Praga, los Jardines Reales, la Catedral de San Nicol\u00e1s, la Plaza de la Ciudad Vieja, el Barrio Jud\u00edo y la Colina de Petr\u00edn.<\/p>\n<p>Gracias a nuestro peque\u00f1o n\u00famero de habitaciones, podemos prometerle <strong>un trato muy personal a cada hu\u00e9sped<\/strong>, a sus necesidades y deseos.<\/p>\n","protected":false},"excerpt":{"rendered":"<p>El Hotel Charles Prague es un rom\u00e1ntico hotel que goza de una de las mejores ubicaciones en la ciudad de Praga &#8211; en el coraz\u00f3n la Ciudad Peque\u00f1a (Mala Strana). El Hotel Charles Prague ofrece una magn\u00edfica selecci\u00f3n de alojamiento rom\u00e1ntico en Praga con 25 habitaciones y 6 suites, las cuales reflejan el rico patrimonio [&hellip;]<\/p>\n","protected":false},"author":7,"featured_media":0,"parent":0,"menu_order":0,"comment_status":"closed","ping_status":"closed","template":"","meta":{"footnotes":""},"class_list":["post-10","page","type-page","status-publish","hentry"],"yoast_head":"<!-- This site is optimized with the Yoast SEO plugin v26.9 - https:\/\/yoast.com\/product\/yoast-seo-wordpress\/ -->\n<title>The Charles Hotel Prague &#8211; The Charles Hotel &#8211;<\/title>\n<meta name=\"description\" content=\"El Hotel Charles Prague es un rom\u00e1ntico hotel que goza de una de las mejores ubicaciones en la ciudad de Praga - en el coraz\u00f3n la Ciudad Peque\u00f1a (Mala Strana). El Hotel Charles Prague ofrece una magn\u00edfica selecci\u00f3n de alojamiento rom\u00e1ntico en Praga con 25 habitaciones y 6 suites, las cuales reflejan el rico patrimonio del edificio y proveen a los hu\u00e9spedes de un c\u00f3modo alojamiento, un servicio excepcional y modernas instalaciones.  El Hotel Charles, nuestro rom\u00e1ntico hotel de Praga est\u00e1 idealmente ubicado en la Ciudad Peque\u00f1a, tambi\u00e9n llamada Barrio Menor, entre el famoso Puente de Carlos y la Plaza de la Ciudad Peque\u00f1a\" \/>\n<meta name=\"robots\" content=\"index, follow, max-snippet:-1, max-image-preview:large, max-video-preview:-1\" \/>\n<link rel=\"canonical\" href=\"https:\/\/www.hotel-charles.eu\/es\/\" \/>\n<meta property=\"og:locale\" content=\"es_ES\" \/>\n<meta property=\"og:type\" content=\"article\" \/>\n<meta property=\"og:title\" content=\"The Charles Hotel Prague &#8211; The Charles Hotel &#8211;\" \/>\n<meta property=\"og:description\" content=\"El Hotel Charles Prague es un rom\u00e1ntico hotel que goza de una de las mejores ubicaciones en la ciudad de Praga - en el coraz\u00f3n la Ciudad Peque\u00f1a (Mala Strana). El Hotel Charles Prague ofrece una magn\u00edfica selecci\u00f3n de alojamiento rom\u00e1ntico en Praga con 25 habitaciones y 6 suites, las cuales reflejan el rico patrimonio del edificio y proveen a los hu\u00e9spedes de un c\u00f3modo alojamiento, un servicio excepcional y modernas instalaciones.  El Hotel Charles, nuestro rom\u00e1ntico hotel de Praga est\u00e1 idealmente ubicado en la Ciudad Peque\u00f1a, tambi\u00e9n llamada Barrio Menor, entre el famoso Puente de Carlos y la Plaza de la Ciudad Peque\u00f1a\" \/>\n<meta property=\"og:url\" content=\"https:\/\/www.hotel-charles.eu\/es\/\" \/>\n<meta property=\"og:site_name\" content=\"The Charles Hotel\" \/>\n<meta property=\"article:modified_time\" content=\"2024-05-24T08:41:09+00:00\" \/>\n<meta name=\"twitter:card\" content=\"summary_large_image\" \/>\n<meta name=\"twitter:label1\" content=\"Tiempo de lectura\" \/>\n\t<meta name=\"twitter:data1\" content=\"2 minutos\" \/>\n<script type=\"application\/ld+json\" class=\"yoast-schema-graph\">{\"@context\":\"https:\/\/schema.org\",\"@graph\":[{\"@type\":\"WebPage\",\"@id\":\"https:\/\/www.hotel-charles.eu\/es\/\",\"url\":\"https:\/\/www.hotel-charles.eu\/es\/\",\"name\":\"The Charles Hotel Prague &#8211; The Charles Hotel &#8211;\",\"isPartOf\":{\"@id\":\"https:\/\/www.hotel-charles.eu\/es\/#website\"},\"datePublished\":\"2022-04-15T14:34:11+00:00\",\"dateModified\":\"2024-05-24T08:41:09+00:00\",\"description\":\"El Hotel Charles Prague es un rom\u00e1ntico hotel que goza de una de las mejores ubicaciones en la ciudad de Praga - en el coraz\u00f3n la Ciudad Peque\u00f1a (Mala Strana). El Hotel Charles Prague ofrece una magn\u00edfica selecci\u00f3n de alojamiento rom\u00e1ntico en Praga con 25 habitaciones y 6 suites, las cuales reflejan el rico patrimonio del edificio y proveen a los hu\u00e9spedes de un c\u00f3modo alojamiento, un servicio excepcional y modernas instalaciones. El Hotel Charles, nuestro rom\u00e1ntico hotel de Praga est\u00e1 idealmente ubicado en la Ciudad Peque\u00f1a, tambi\u00e9n llamada Barrio Menor, entre el famoso Puente de Carlos y la Plaza de la Ciudad Peque\u00f1a\",\"breadcrumb\":{\"@id\":\"https:\/\/www.hotel-charles.eu\/es\/#breadcrumb\"},\"inLanguage\":\"es\",\"potentialAction\":[{\"@type\":\"ReadAction\",\"target\":[\"https:\/\/www.hotel-charles.eu\/es\/\"]}]},{\"@type\":\"BreadcrumbList\",\"@id\":\"https:\/\/www.hotel-charles.eu\/es\/#breadcrumb\",\"itemListElement\":[{\"@type\":\"ListItem\",\"position\":1,\"name\":\"Home\",\"item\":\"https:\/\/www.hotel-charles.eu\/es\/\"},{\"@type\":\"ListItem\",\"position\":2,\"name\":\"The Charles Hotel Prague\"}]},{\"@type\":\"WebSite\",\"@id\":\"https:\/\/www.hotel-charles.eu\/es\/#website\",\"url\":\"https:\/\/www.hotel-charles.eu\/es\/\",\"name\":\"The Charles Hotel\",\"description\":\"Just another ms.decms.eu site\",\"potentialAction\":[{\"@type\":\"SearchAction\",\"target\":{\"@type\":\"EntryPoint\",\"urlTemplate\":\"https:\/\/www.hotel-charles.eu\/es\/?s={search_term_string}\"},\"query-input\":{\"@type\":\"PropertyValueSpecification\",\"valueRequired\":true,\"valueName\":\"search_term_string\"}}],\"inLanguage\":\"es\"}]}<\/script>\n<!-- \/ Yoast SEO plugin. -->","yoast_head_json":{"title":"The Charles Hotel Prague &#8211; The Charles Hotel &#8211;","description":"El Hotel Charles Prague es un rom\u00e1ntico hotel que goza de una de las mejores ubicaciones en la ciudad de Praga - en el coraz\u00f3n la Ciudad Peque\u00f1a (Mala Strana). El Hotel Charles Prague ofrece una magn\u00edfica selecci\u00f3n de alojamiento rom\u00e1ntico en Praga con 25 habitaciones y 6 suites, las cuales reflejan el rico patrimonio del edificio y proveen a los hu\u00e9spedes de un c\u00f3modo alojamiento, un servicio excepcional y modernas instalaciones.  El Hotel Charles, nuestro rom\u00e1ntico hotel de Praga est\u00e1 idealmente ubicado en la Ciudad Peque\u00f1a, tambi\u00e9n llamada Barrio Menor, entre el famoso Puente de Carlos y la Plaza de la Ciudad Peque\u00f1a","robots":{"index":"index","follow":"follow","max-snippet":"max-snippet:-1","max-image-preview":"max-image-preview:large","max-video-preview":"max-video-preview:-1"},"canonical":"https:\/\/www.hotel-charles.eu\/es\/","og_locale":"es_ES","og_type":"article","og_title":"The Charles Hotel Prague &#8211; The Charles Hotel &#8211;","og_description":"El Hotel Charles Prague es un rom\u00e1ntico hotel que goza de una de las mejores ubicaciones en la ciudad de Praga - en el coraz\u00f3n la Ciudad Peque\u00f1a (Mala Strana). El Hotel Charles Prague ofrece una magn\u00edfica selecci\u00f3n de alojamiento rom\u00e1ntico en Praga con 25 habitaciones y 6 suites, las cuales reflejan el rico patrimonio del edificio y proveen a los hu\u00e9spedes de un c\u00f3modo alojamiento, un servicio excepcional y modernas instalaciones.  El Hotel Charles, nuestro rom\u00e1ntico hotel de Praga est\u00e1 idealmente ubicado en la Ciudad Peque\u00f1a, tambi\u00e9n llamada Barrio Menor, entre el famoso Puente de Carlos y la Plaza de la Ciudad Peque\u00f1a","og_url":"https:\/\/www.hotel-charles.eu\/es\/","og_site_name":"The Charles Hotel","article_modified_time":"2024-05-24T08:41:09+00:00","twitter_card":"summary_large_image","twitter_misc":{"Tiempo de lectura":"2 minutos"},"schema":{"@context":"https:\/\/schema.org","@graph":[{"@type":"WebPage","@id":"https:\/\/www.hotel-charles.eu\/es\/","url":"https:\/\/www.hotel-charles.eu\/es\/","name":"The Charles Hotel Prague &#8211; The Charles Hotel &#8211;","isPartOf":{"@id":"https:\/\/www.hotel-charles.eu\/es\/#website"},"datePublished":"2022-04-15T14:34:11+00:00","dateModified":"2024-05-24T08:41:09+00:00","description":"El Hotel Charles Prague es un rom\u00e1ntico hotel que goza de una de las mejores ubicaciones en la ciudad de Praga - en el coraz\u00f3n la Ciudad Peque\u00f1a (Mala Strana). El Hotel Charles Prague ofrece una magn\u00edfica selecci\u00f3n de alojamiento rom\u00e1ntico en Praga con 25 habitaciones y 6 suites, las cuales reflejan el rico patrimonio del edificio y proveen a los hu\u00e9spedes de un c\u00f3modo alojamiento, un servicio excepcional y modernas instalaciones. El Hotel Charles, nuestro rom\u00e1ntico hotel de Praga est\u00e1 idealmente ubicado en la Ciudad Peque\u00f1a, tambi\u00e9n llamada Barrio Menor, entre el famoso Puente de Carlos y la Plaza de la Ciudad Peque\u00f1a","breadcrumb":{"@id":"https:\/\/www.hotel-charles.eu\/es\/#breadcrumb"},"inLanguage":"es","potentialAction":[{"@type":"ReadAction","target":["https:\/\/www.hotel-charles.eu\/es\/"]}]},{"@type":"BreadcrumbList","@id":"https:\/\/www.hotel-charles.eu\/es\/#breadcrumb","itemListElement":[{"@type":"ListItem","position":1,"name":"Home","item":"https:\/\/www.hotel-charles.eu\/es\/"},{"@type":"ListItem","position":2,"name":"The Charles Hotel Prague"}]},{"@type":"WebSite","@id":"https:\/\/www.hotel-charles.eu\/es\/#website","url":"https:\/\/www.hotel-charles.eu\/es\/","name":"The Charles Hotel","description":"Just another ms.decms.eu site","potentialAction":[{"@type":"SearchAction","target":{"@type":"EntryPoint","urlTemplate":"https:\/\/www.hotel-charles.eu\/es\/?s={search_term_string}"},"query-input":{"@type":"PropertyValueSpecification","valueRequired":true,"valueName":"search_term_string"}}],"inLanguage":"es"}]}},"acf":[],"_links":{"self":[{"href":"https:\/\/www.hotel-charles.eu\/es\/wp-json\/wp\/v2\/pages\/10","targetHints":{"allow":["GET"]}}],"collection":[{"href":"https:\/\/www.hotel-charles.eu\/es\/wp-json\/wp\/v2\/pages"}],"about":[{"href":"https:\/\/www.hotel-charles.eu\/es\/wp-json\/wp\/v2\/types\/page"}],"author":[{"embeddable":true,"href":"https:\/\/www.hotel-charles.eu\/es\/wp-json\/wp\/v2\/users\/7"}],"replies":[{"embeddable":true,"href":"https:\/\/www.hotel-charles.eu\/es\/wp-json\/wp\/v2\/comments?post=10"}],"version-history":[{"count":0,"href":"https:\/\/www.hotel-charles.eu\/es\/wp-json\/wp\/v2\/pages\/10\/revisions"}],"wp:attachment":[{"href":"https:\/\/www.hotel-charles.eu\/es\/wp-json\/wp\/v2\/media?parent=10"}],"curies":[{"name":"wp","href":"https:\/\/api.w.org\/{rel}","templated":true}]}}