{"id":6,"date":"2022-04-15T14:33:54","date_gmt":"2022-04-15T14:33:54","guid":{"rendered":"https:\/\/charles-hotel.ms.decms.eu\/?page_id=6"},"modified":"2024-05-24T08:37:22","modified_gmt":"2024-05-24T08:37:22","slug":"the-charles-hotel-prague","status":"publish","type":"page","link":"https:\/\/www.hotel-charles.eu\/de\/","title":{"rendered":"The Charles Hotel Prague"},"content":{"rendered":"<p>Das Hotel Charles Prag ist ein romantisches Hotel in vorteilhafter Lage &#8211; <strong>im eigentlichen Herzen der Kleinseite<\/strong>. Das Hotel Charles Prag bietet romantische Unterk\u00fcnfte in 25 Zimmern und 6 Appartements, in denen sich die reichhaltige Geschichte des Geb\u00e4udes mit der Tradition vereint. Das Hotel bietet seinen Klienten angenehme Unterk\u00fcnfte mit moderner Einrichtung und Dienstleistungen auf h\u00f6chstem Niveau.<\/p>\n<p>Das romantische Hotel Charles liegt ideal auf der Kleinseite zwischen <strong>der Karlsbr\u00fccke und dem Kleinseitner Platz, in der N\u00e4he der Prager Burg<\/strong> und dem Sitz des Parlaments der Tschechischen Republik. Weitere interessante Pl\u00e4tze der Stadt Prag einschlie\u00dflich des Gebietes des Hradschin, der St. Niklas Kirche, dem Altstadtplatz, der J\u00fcdischen Stadt und dem Laurenziberg sind unweit, nur wenige Gehminuten entfernt.<\/p>\n<p>Dank der geringen Anzahl an Zimmern k\u00f6nnen wir einen pers\u00f6nlichen Zugang zu jedem Klienten und zu seinen Anforderungen und W\u00fcnschen garantieren.<\/p>\n","protected":false},"excerpt":{"rendered":"<p>Das Hotel Charles Prag ist ein romantisches Hotel in vorteilhafter Lage &#8211; im eigentlichen Herzen der Kleinseite. Das Hotel Charles Prag bietet romantische Unterk\u00fcnfte in 25 Zimmern und 6 Appartements, in denen sich die reichhaltige Geschichte des Geb\u00e4udes mit der Tradition vereint. Das Hotel bietet seinen Klienten angenehme Unterk\u00fcnfte mit moderner Einrichtung und Dienstleistungen auf [&hellip;]<\/p>\n","protected":false},"author":7,"featured_media":0,"parent":0,"menu_order":0,"comment_status":"closed","ping_status":"closed","template":"","meta":{"footnotes":""},"class_list":["post-6","page","type-page","status-publish","hentry"],"yoast_head":"<!-- This site is optimized with the Yoast SEO plugin v26.9 - https:\/\/yoast.com\/product\/yoast-seo-wordpress\/ -->\n<title>The Charles Hotel Prague &#8211; The Charles Hotel &#8211;<\/title>\n<meta name=\"description\" content=\"Das Hotel Charles Prag ist ein romantisches Hotel in vorteilhafter Lage - im eigentlichen Herzen der Kleinseite. Das Hotel Charles Prag bietet romantische Unterk\u00fcnfte in 25 Zimmern und 6 Appartements, in denen sich die reichhaltige Geschichte des Geb\u00e4udes mit der Tradition vereint\" \/>\n<meta name=\"robots\" content=\"index, follow, max-snippet:-1, max-image-preview:large, max-video-preview:-1\" \/>\n<link rel=\"canonical\" href=\"https:\/\/www.hotel-charles.eu\/de\/\" \/>\n<meta property=\"og:locale\" content=\"de_DE\" \/>\n<meta property=\"og:type\" content=\"article\" \/>\n<meta property=\"og:title\" content=\"The Charles Hotel Prague &#8211; The Charles Hotel &#8211;\" \/>\n<meta property=\"og:description\" content=\"Das Hotel Charles Prag ist ein romantisches Hotel in vorteilhafter Lage - im eigentlichen Herzen der Kleinseite. Das Hotel Charles Prag bietet romantische Unterk\u00fcnfte in 25 Zimmern und 6 Appartements, in denen sich die reichhaltige Geschichte des Geb\u00e4udes mit der Tradition vereint\" \/>\n<meta property=\"og:url\" content=\"https:\/\/www.hotel-charles.eu\/de\/\" \/>\n<meta property=\"og:site_name\" content=\"The Charles Hotel\" \/>\n<meta property=\"article:modified_time\" content=\"2024-05-24T08:37:22+00:00\" \/>\n<meta name=\"twitter:card\" content=\"summary_large_image\" \/>\n<meta name=\"twitter:label1\" content=\"Gesch\u00e4tzte Lesezeit\" \/>\n\t<meta name=\"twitter:data1\" content=\"1 Minute\" \/>\n<script type=\"application\/ld+json\" class=\"yoast-schema-graph\">{\"@context\":\"https:\/\/schema.org\",\"@graph\":[{\"@type\":\"WebPage\",\"@id\":\"https:\/\/www.hotel-charles.eu\/de\/\",\"url\":\"https:\/\/www.hotel-charles.eu\/de\/\",\"name\":\"The Charles Hotel Prague &#8211; The Charles Hotel &#8211;\",\"isPartOf\":{\"@id\":\"https:\/\/www.hotel-charles.eu\/de\/#website\"},\"datePublished\":\"2022-04-15T14:33:54+00:00\",\"dateModified\":\"2024-05-24T08:37:22+00:00\",\"description\":\"Das Hotel Charles Prag ist ein romantisches Hotel in vorteilhafter Lage - im eigentlichen Herzen der Kleinseite. Das Hotel Charles Prag bietet romantische Unterk\u00fcnfte in 25 Zimmern und 6 Appartements, in denen sich die reichhaltige Geschichte des Geb\u00e4udes mit der Tradition vereint\",\"breadcrumb\":{\"@id\":\"https:\/\/www.hotel-charles.eu\/de\/#breadcrumb\"},\"inLanguage\":\"de-DE\",\"potentialAction\":[{\"@type\":\"ReadAction\",\"target\":[\"https:\/\/www.hotel-charles.eu\/de\/\"]}]},{\"@type\":\"BreadcrumbList\",\"@id\":\"https:\/\/www.hotel-charles.eu\/de\/#breadcrumb\",\"itemListElement\":[{\"@type\":\"ListItem\",\"position\":1,\"name\":\"Home\",\"item\":\"https:\/\/www.hotel-charles.eu\/de\/\"},{\"@type\":\"ListItem\",\"position\":2,\"name\":\"The Charles Hotel Prague\"}]},{\"@type\":\"WebSite\",\"@id\":\"https:\/\/www.hotel-charles.eu\/de\/#website\",\"url\":\"https:\/\/www.hotel-charles.eu\/de\/\",\"name\":\"The Charles Hotel\",\"description\":\"Just another ms.decms.eu site\",\"potentialAction\":[{\"@type\":\"SearchAction\",\"target\":{\"@type\":\"EntryPoint\",\"urlTemplate\":\"https:\/\/www.hotel-charles.eu\/de\/?s={search_term_string}\"},\"query-input\":{\"@type\":\"PropertyValueSpecification\",\"valueRequired\":true,\"valueName\":\"search_term_string\"}}],\"inLanguage\":\"de-DE\"}]}<\/script>\n<!-- \/ Yoast SEO plugin. -->","yoast_head_json":{"title":"The Charles Hotel Prague &#8211; The Charles Hotel &#8211;","description":"Das Hotel Charles Prag ist ein romantisches Hotel in vorteilhafter Lage - im eigentlichen Herzen der Kleinseite. Das Hotel Charles Prag bietet romantische Unterk\u00fcnfte in 25 Zimmern und 6 Appartements, in denen sich die reichhaltige Geschichte des Geb\u00e4udes mit der Tradition vereint","robots":{"index":"index","follow":"follow","max-snippet":"max-snippet:-1","max-image-preview":"max-image-preview:large","max-video-preview":"max-video-preview:-1"},"canonical":"https:\/\/www.hotel-charles.eu\/de\/","og_locale":"de_DE","og_type":"article","og_title":"The Charles Hotel Prague &#8211; The Charles Hotel &#8211;","og_description":"Das Hotel Charles Prag ist ein romantisches Hotel in vorteilhafter Lage - im eigentlichen Herzen der Kleinseite. Das Hotel Charles Prag bietet romantische Unterk\u00fcnfte in 25 Zimmern und 6 Appartements, in denen sich die reichhaltige Geschichte des Geb\u00e4udes mit der Tradition vereint","og_url":"https:\/\/www.hotel-charles.eu\/de\/","og_site_name":"The Charles Hotel","article_modified_time":"2024-05-24T08:37:22+00:00","twitter_card":"summary_large_image","twitter_misc":{"Gesch\u00e4tzte Lesezeit":"1 Minute"},"schema":{"@context":"https:\/\/schema.org","@graph":[{"@type":"WebPage","@id":"https:\/\/www.hotel-charles.eu\/de\/","url":"https:\/\/www.hotel-charles.eu\/de\/","name":"The Charles Hotel Prague &#8211; The Charles Hotel &#8211;","isPartOf":{"@id":"https:\/\/www.hotel-charles.eu\/de\/#website"},"datePublished":"2022-04-15T14:33:54+00:00","dateModified":"2024-05-24T08:37:22+00:00","description":"Das Hotel Charles Prag ist ein romantisches Hotel in vorteilhafter Lage - im eigentlichen Herzen der Kleinseite. Das Hotel Charles Prag bietet romantische Unterk\u00fcnfte in 25 Zimmern und 6 Appartements, in denen sich die reichhaltige Geschichte des Geb\u00e4udes mit der Tradition vereint","breadcrumb":{"@id":"https:\/\/www.hotel-charles.eu\/de\/#breadcrumb"},"inLanguage":"de-DE","potentialAction":[{"@type":"ReadAction","target":["https:\/\/www.hotel-charles.eu\/de\/"]}]},{"@type":"BreadcrumbList","@id":"https:\/\/www.hotel-charles.eu\/de\/#breadcrumb","itemListElement":[{"@type":"ListItem","position":1,"name":"Home","item":"https:\/\/www.hotel-charles.eu\/de\/"},{"@type":"ListItem","position":2,"name":"The Charles Hotel Prague"}]},{"@type":"WebSite","@id":"https:\/\/www.hotel-charles.eu\/de\/#website","url":"https:\/\/www.hotel-charles.eu\/de\/","name":"The Charles Hotel","description":"Just another ms.decms.eu site","potentialAction":[{"@type":"SearchAction","target":{"@type":"EntryPoint","urlTemplate":"https:\/\/www.hotel-charles.eu\/de\/?s={search_term_string}"},"query-input":{"@type":"PropertyValueSpecification","valueRequired":true,"valueName":"search_term_string"}}],"inLanguage":"de-DE"}]}},"acf":[],"_links":{"self":[{"href":"https:\/\/www.hotel-charles.eu\/de\/wp-json\/wp\/v2\/pages\/6","targetHints":{"allow":["GET"]}}],"collection":[{"href":"https:\/\/www.hotel-charles.eu\/de\/wp-json\/wp\/v2\/pages"}],"about":[{"href":"https:\/\/www.hotel-charles.eu\/de\/wp-json\/wp\/v2\/types\/page"}],"author":[{"embeddable":true,"href":"https:\/\/www.hotel-charles.eu\/de\/wp-json\/wp\/v2\/users\/7"}],"replies":[{"embeddable":true,"href":"https:\/\/www.hotel-charles.eu\/de\/wp-json\/wp\/v2\/comments?post=6"}],"version-history":[{"count":0,"href":"https:\/\/www.hotel-charles.eu\/de\/wp-json\/wp\/v2\/pages\/6\/revisions"}],"wp:attachment":[{"href":"https:\/\/www.hotel-charles.eu\/de\/wp-json\/wp\/v2\/media?parent=6"}],"curies":[{"name":"wp","href":"https:\/\/api.w.org\/{rel}","templated":true}]}}