{"id":167,"date":"2022-04-20T12:43:45","date_gmt":"2022-04-20T12:43:45","guid":{"rendered":"https:\/\/charles-hotel.ms.decms.eu\/?page_id=167"},"modified":"2022-04-20T14:56:20","modified_gmt":"2022-04-20T14:56:20","slug":"zimmer","status":"publish","type":"page","link":"https:\/\/www.hotel-charles.eu\/de\/zimmer\/","title":{"rendered":"Zimmer"},"content":{"rendered":"<p>Das Hotel Charles liegt in einer Fu\u00dfg\u00fcngerzone 100 Meter <strong>von der Karlsbr\u00fccke entfernt<\/strong>. Es wurde neu rekonstruiert und jedes der Hotelzimmer hat seinen eigenen pers\u00f6nlichen Charakter. Das Hotel Charles Prag ist ein kleines romantisches Hotel in einem historischen Geb\u00e4ude und bietet seinen Klienten gr\u00f6\u00dften Komfort ohne das dieses historisches und romantisches Geb\u00e4ude seinen Zauber verliert.<\/p>\n<p>Das Hotel Charles Prag bietet Unterk\u00fcnfte in 31 Zimmern einschlie\u00dflich 6 romantische Appartements. <strong>Alle Zimmer sind mit M\u00f6beln<\/strong> im Barockstil ausgestattet. Jedes Zimmer hat ein eigenes Bad mit Wanne oder Dusche, WC, Haartrockner, Telefon, Fernseher mit Satellitenempfang, Minibar und Tresor.<\/p>\n<p>Die Zimmer des <strong>Hotels Charles Prag<\/strong> sind mit restaurierten Barockm\u00f6beln ausgestattet, sie sind mit den urspr\u00fcnglichen Deckenmalereien und Balken versehen.<\/p>\n<p>Jedes der Zimmer des Hotel Charles Prag <strong>hat sein einzigartiges Dekor<\/strong>, Klimaanlage, ein eigenes Bad, Direktwahltelefon, Fernseher mit Satellitenempfang, Tresor, Minibar und gratis Wi-Fi.<\/p>\n<p>Die Zimmer des Hotel Charles Prag sind mit restaurierten Barockm\u00f6beln ausgestattet, sie sind mit den urspr\u00fcnglichen Deckenmalereien und Balken versehen.<\/p>\n","protected":false},"excerpt":{"rendered":"<p>Das Hotel Charles liegt in einer Fu\u00dfg\u00fcngerzone 100 Meter von der Karlsbr\u00fccke entfernt. Es wurde neu rekonstruiert und jedes der Hotelzimmer hat seinen eigenen pers\u00f6nlichen Charakter. Das Hotel Charles Prag ist ein kleines romantisches Hotel in einem historischen Geb\u00e4ude und bietet seinen Klienten gr\u00f6\u00dften Komfort ohne das dieses historisches und romantisches Geb\u00e4ude seinen Zauber verliert. [&hellip;]<\/p>\n","protected":false},"author":7,"featured_media":0,"parent":0,"menu_order":10,"comment_status":"closed","ping_status":"closed","template":"template-rooms.php","meta":{"footnotes":""},"class_list":["post-167","page","type-page","status-publish","hentry"],"yoast_head":"<!-- This site is optimized with the Yoast SEO plugin v26.9 - https:\/\/yoast.com\/product\/yoast-seo-wordpress\/ -->\n<title>Zimmer &#8211; The Charles Hotel &#8211;<\/title>\n<meta name=\"description\" content=\"Das Hotel Charles liegt in einer Fu\u00dfg\u00fcngerzone 100 Meter von der Karlsbr\u00fccke entfernt. Es wurde neu rekonstruiert und jedes der Hotelzimmer hat seinen eigenen pers\u00f6nlichen Charakter\" \/>\n<meta name=\"robots\" content=\"index, follow, max-snippet:-1, max-image-preview:large, max-video-preview:-1\" \/>\n<link rel=\"canonical\" href=\"https:\/\/www.hotel-charles.eu\/de\/zimmer\/\" \/>\n<meta property=\"og:locale\" content=\"de_DE\" \/>\n<meta property=\"og:type\" content=\"article\" \/>\n<meta property=\"og:title\" content=\"Zimmer &#8211; The Charles Hotel &#8211;\" \/>\n<meta property=\"og:description\" content=\"Das Hotel Charles liegt in einer Fu\u00dfg\u00fcngerzone 100 Meter von der Karlsbr\u00fccke entfernt. Es wurde neu rekonstruiert und jedes der Hotelzimmer hat seinen eigenen pers\u00f6nlichen Charakter\" \/>\n<meta property=\"og:url\" content=\"https:\/\/www.hotel-charles.eu\/de\/zimmer\/\" \/>\n<meta property=\"og:site_name\" content=\"The Charles Hotel\" \/>\n<meta property=\"article:modified_time\" content=\"2022-04-20T14:56:20+00:00\" \/>\n<meta name=\"twitter:card\" content=\"summary_large_image\" \/>\n<meta name=\"twitter:label1\" content=\"Gesch\u00e4tzte Lesezeit\" \/>\n\t<meta name=\"twitter:data1\" content=\"1 Minute\" \/>\n<script type=\"application\/ld+json\" class=\"yoast-schema-graph\">{\"@context\":\"https:\/\/schema.org\",\"@graph\":[{\"@type\":\"WebPage\",\"@id\":\"https:\/\/www.hotel-charles.eu\/de\/zimmer\/\",\"url\":\"https:\/\/www.hotel-charles.eu\/de\/zimmer\/\",\"name\":\"Zimmer &#8211; The Charles Hotel &#8211;\",\"isPartOf\":{\"@id\":\"https:\/\/www.hotel-charles.eu\/de\/#website\"},\"datePublished\":\"2022-04-20T12:43:45+00:00\",\"dateModified\":\"2022-04-20T14:56:20+00:00\",\"description\":\"Das Hotel Charles liegt in einer Fu\u00dfg\u00fcngerzone 100 Meter von der Karlsbr\u00fccke entfernt. Es wurde neu rekonstruiert und jedes der Hotelzimmer hat seinen eigenen pers\u00f6nlichen Charakter\",\"breadcrumb\":{\"@id\":\"https:\/\/www.hotel-charles.eu\/de\/zimmer\/#breadcrumb\"},\"inLanguage\":\"de-DE\",\"potentialAction\":[{\"@type\":\"ReadAction\",\"target\":[\"https:\/\/www.hotel-charles.eu\/de\/zimmer\/\"]}]},{\"@type\":\"BreadcrumbList\",\"@id\":\"https:\/\/www.hotel-charles.eu\/de\/zimmer\/#breadcrumb\",\"itemListElement\":[{\"@type\":\"ListItem\",\"position\":1,\"name\":\"Home\",\"item\":\"https:\/\/www.hotel-charles.eu\/de\/\"},{\"@type\":\"ListItem\",\"position\":2,\"name\":\"Zimmer\"}]},{\"@type\":\"WebSite\",\"@id\":\"https:\/\/www.hotel-charles.eu\/de\/#website\",\"url\":\"https:\/\/www.hotel-charles.eu\/de\/\",\"name\":\"The Charles Hotel\",\"description\":\"Just another ms.decms.eu site\",\"potentialAction\":[{\"@type\":\"SearchAction\",\"target\":{\"@type\":\"EntryPoint\",\"urlTemplate\":\"https:\/\/www.hotel-charles.eu\/de\/?s={search_term_string}\"},\"query-input\":{\"@type\":\"PropertyValueSpecification\",\"valueRequired\":true,\"valueName\":\"search_term_string\"}}],\"inLanguage\":\"de-DE\"}]}<\/script>\n<!-- \/ Yoast SEO plugin. -->","yoast_head_json":{"title":"Zimmer &#8211; The Charles Hotel &#8211;","description":"Das Hotel Charles liegt in einer Fu\u00dfg\u00fcngerzone 100 Meter von der Karlsbr\u00fccke entfernt. Es wurde neu rekonstruiert und jedes der Hotelzimmer hat seinen eigenen pers\u00f6nlichen Charakter","robots":{"index":"index","follow":"follow","max-snippet":"max-snippet:-1","max-image-preview":"max-image-preview:large","max-video-preview":"max-video-preview:-1"},"canonical":"https:\/\/www.hotel-charles.eu\/de\/zimmer\/","og_locale":"de_DE","og_type":"article","og_title":"Zimmer &#8211; The Charles Hotel &#8211;","og_description":"Das Hotel Charles liegt in einer Fu\u00dfg\u00fcngerzone 100 Meter von der Karlsbr\u00fccke entfernt. Es wurde neu rekonstruiert und jedes der Hotelzimmer hat seinen eigenen pers\u00f6nlichen Charakter","og_url":"https:\/\/www.hotel-charles.eu\/de\/zimmer\/","og_site_name":"The Charles Hotel","article_modified_time":"2022-04-20T14:56:20+00:00","twitter_card":"summary_large_image","twitter_misc":{"Gesch\u00e4tzte Lesezeit":"1 Minute"},"schema":{"@context":"https:\/\/schema.org","@graph":[{"@type":"WebPage","@id":"https:\/\/www.hotel-charles.eu\/de\/zimmer\/","url":"https:\/\/www.hotel-charles.eu\/de\/zimmer\/","name":"Zimmer &#8211; The Charles Hotel &#8211;","isPartOf":{"@id":"https:\/\/www.hotel-charles.eu\/de\/#website"},"datePublished":"2022-04-20T12:43:45+00:00","dateModified":"2022-04-20T14:56:20+00:00","description":"Das Hotel Charles liegt in einer Fu\u00dfg\u00fcngerzone 100 Meter von der Karlsbr\u00fccke entfernt. Es wurde neu rekonstruiert und jedes der Hotelzimmer hat seinen eigenen pers\u00f6nlichen Charakter","breadcrumb":{"@id":"https:\/\/www.hotel-charles.eu\/de\/zimmer\/#breadcrumb"},"inLanguage":"de-DE","potentialAction":[{"@type":"ReadAction","target":["https:\/\/www.hotel-charles.eu\/de\/zimmer\/"]}]},{"@type":"BreadcrumbList","@id":"https:\/\/www.hotel-charles.eu\/de\/zimmer\/#breadcrumb","itemListElement":[{"@type":"ListItem","position":1,"name":"Home","item":"https:\/\/www.hotel-charles.eu\/de\/"},{"@type":"ListItem","position":2,"name":"Zimmer"}]},{"@type":"WebSite","@id":"https:\/\/www.hotel-charles.eu\/de\/#website","url":"https:\/\/www.hotel-charles.eu\/de\/","name":"The Charles Hotel","description":"Just another ms.decms.eu site","potentialAction":[{"@type":"SearchAction","target":{"@type":"EntryPoint","urlTemplate":"https:\/\/www.hotel-charles.eu\/de\/?s={search_term_string}"},"query-input":{"@type":"PropertyValueSpecification","valueRequired":true,"valueName":"search_term_string"}}],"inLanguage":"de-DE"}]}},"acf":[],"_links":{"self":[{"href":"https:\/\/www.hotel-charles.eu\/de\/wp-json\/wp\/v2\/pages\/167","targetHints":{"allow":["GET"]}}],"collection":[{"href":"https:\/\/www.hotel-charles.eu\/de\/wp-json\/wp\/v2\/pages"}],"about":[{"href":"https:\/\/www.hotel-charles.eu\/de\/wp-json\/wp\/v2\/types\/page"}],"author":[{"embeddable":true,"href":"https:\/\/www.hotel-charles.eu\/de\/wp-json\/wp\/v2\/users\/7"}],"replies":[{"embeddable":true,"href":"https:\/\/www.hotel-charles.eu\/de\/wp-json\/wp\/v2\/comments?post=167"}],"version-history":[{"count":0,"href":"https:\/\/www.hotel-charles.eu\/de\/wp-json\/wp\/v2\/pages\/167\/revisions"}],"wp:attachment":[{"href":"https:\/\/www.hotel-charles.eu\/de\/wp-json\/wp\/v2\/media?parent=167"}],"curies":[{"name":"wp","href":"https:\/\/api.w.org\/{rel}","templated":true}]}}