{"id":127,"date":"2022-04-19T12:15:44","date_gmt":"2022-04-19T12:15:44","guid":{"rendered":"https:\/\/charles-hotel.ms.decms.eu\/historie-hotelu\/"},"modified":"2022-04-20T09:38:18","modified_gmt":"2022-04-20T09:38:18","slug":"hotelgeschichte","status":"publish","type":"page","link":"https:\/\/www.hotel-charles.eu\/de\/hotelgeschichte\/","title":{"rendered":"Hotelgeschichte"},"content":{"rendered":"<p>Der historische Name des Hauses Josefsk\u00e1 1\/42 auf der Kleinseite ist das Haus Beim Goldenen Adler (Eckteil des Geb\u00e4udes). Es ist aber auch unter dem urspr\u00fcnglichen Namen des \u00e4lteren Hauses mit Zugang von der Stra\u00dfe Josefsk\u00e1 ulice als Haus Bei den 3 L\u00e4mmchen bekannt.<\/p>\n<p>Das Haus, dass zu einem Hotel umgebaut wurde hat einen hohen urbanistischen Wert, es steht unter der Aufsicht des Amtes f\u00fcr Denkmalschutz und ist ein Bestandteil der Czech National Heritage.<\/p>\n<p>Die ersten schriftlichen Erw\u00e4hnungen \u00fcber die Lokalit\u00e4t wo das Haus errichtet wurde stammen aus dem 12. Jahrhundert, als der urspr\u00fcngliche Verteidigungswall mit Graben durch eine Kommunikation und ein gotisches Haus ersetzt wurde. Die \u00dcberreste des Walles sind im Kellerhaus im mittleren Teil in einer Tiefe von ca. 4 Metern erhalten.<\/p>\n<p>Die ersten Erw\u00e4hnungen \u00fcber den Kauf des Hauses stammen aus dem Jahr 1408 als der Schuhmacher Veleslav auch \u0160temberk genannt das Haus des Schuhmachers V\u00e1clav Jikrn\u00e1\u010d zu einem unbekannten Preis gekauft hatte.<\/p>\n<p>Urspr\u00fcnglich standen an der Stelle des heutigen Hauses zwei eigenst\u00e4ndige Objekte. Das Eckhaus Beim Goldenen Adler und das Haus mit dem Zugang von der Stra\u00dfe Josefsk\u00e1 ulice, dass auf Bei den 3 L\u00e4mmchen umbenannt wurde.<\/p>\n<p>Zur Zusammenlegung der beiden H\u00e4user kam es beim gro\u00dfen Umbau im Jahr 1685, als das Haus den Namen Beim Goldenen Adler behielt.<\/p>\n","protected":false},"excerpt":{"rendered":"<p>Der historische Name des Hauses Josefsk\u00e1 1\/42 auf der Kleinseite ist das Haus Beim Goldenen Adler (Eckteil des Geb\u00e4udes). Es ist aber auch unter dem urspr\u00fcnglichen Namen des \u00e4lteren Hauses mit Zugang von der Stra\u00dfe Josefsk\u00e1 ulice als Haus Bei den 3 L\u00e4mmchen bekannt. Das Haus, dass zu einem Hotel umgebaut wurde hat einen hohen [&hellip;]<\/p>\n","protected":false},"author":7,"featured_media":0,"parent":0,"menu_order":5,"comment_status":"closed","ping_status":"closed","template":"template-default-2.php","meta":{"footnotes":""},"class_list":["post-127","page","type-page","status-publish","hentry"],"yoast_head":"<!-- This site is optimized with the Yoast SEO plugin v26.9 - https:\/\/yoast.com\/product\/yoast-seo-wordpress\/ -->\n<title>Hotelgeschichte &#8211; The Charles Hotel &#8211;<\/title>\n<meta name=\"description\" content=\"Der historische Name des Hauses Josefsk\u00e1 1\/42 auf der Kleinseite ist das Haus Beim Goldenen Adler (Eckteil des Geb\u00e4udes). Es ist aber auch unter dem urspr\u00fcnglichen Namen des \u00e4lteren Hauses mit Zugang von der Stra\u00dfe Josefsk\u00e1 ulice als Haus Bei den 3 L\u00e4mmchen bekannt.  Das Haus, dass zu einem Hotel umgebaut wurde hat einen hohen urbanistischen Wert, es steht unter der Aufsicht des Amtes f\u00fcr Denkmalschutz und ist ein Bestandteil der Czech National Heritage.  Die ersten schriftlichen Erw\u00e4hnungen \u00fcber die Lokalit\u00e4t wo das Haus errichtet wurde stammen aus dem 12\" \/>\n<meta name=\"robots\" content=\"index, follow, max-snippet:-1, max-image-preview:large, max-video-preview:-1\" \/>\n<link rel=\"canonical\" href=\"https:\/\/www.hotel-charles.eu\/de\/hotelgeschichte\/\" \/>\n<meta property=\"og:locale\" content=\"de_DE\" \/>\n<meta property=\"og:type\" content=\"article\" \/>\n<meta property=\"og:title\" content=\"Hotelgeschichte &#8211; The Charles Hotel &#8211;\" \/>\n<meta property=\"og:description\" content=\"Der historische Name des Hauses Josefsk\u00e1 1\/42 auf der Kleinseite ist das Haus Beim Goldenen Adler (Eckteil des Geb\u00e4udes). Es ist aber auch unter dem urspr\u00fcnglichen Namen des \u00e4lteren Hauses mit Zugang von der Stra\u00dfe Josefsk\u00e1 ulice als Haus Bei den 3 L\u00e4mmchen bekannt.  Das Haus, dass zu einem Hotel umgebaut wurde hat einen hohen urbanistischen Wert, es steht unter der Aufsicht des Amtes f\u00fcr Denkmalschutz und ist ein Bestandteil der Czech National Heritage.  Die ersten schriftlichen Erw\u00e4hnungen \u00fcber die Lokalit\u00e4t wo das Haus errichtet wurde stammen aus dem 12\" \/>\n<meta property=\"og:url\" content=\"https:\/\/www.hotel-charles.eu\/de\/hotelgeschichte\/\" \/>\n<meta property=\"og:site_name\" content=\"The Charles Hotel\" \/>\n<meta property=\"article:modified_time\" content=\"2022-04-20T09:38:18+00:00\" \/>\n<meta name=\"twitter:card\" content=\"summary_large_image\" \/>\n<meta name=\"twitter:label1\" content=\"Gesch\u00e4tzte Lesezeit\" \/>\n\t<meta name=\"twitter:data1\" content=\"1 Minute\" \/>\n<script type=\"application\/ld+json\" class=\"yoast-schema-graph\">{\"@context\":\"https:\/\/schema.org\",\"@graph\":[{\"@type\":\"WebPage\",\"@id\":\"https:\/\/www.hotel-charles.eu\/de\/hotelgeschichte\/\",\"url\":\"https:\/\/www.hotel-charles.eu\/de\/hotelgeschichte\/\",\"name\":\"Hotelgeschichte &#8211; The Charles Hotel &#8211;\",\"isPartOf\":{\"@id\":\"https:\/\/www.hotel-charles.eu\/de\/#website\"},\"datePublished\":\"2022-04-19T12:15:44+00:00\",\"dateModified\":\"2022-04-20T09:38:18+00:00\",\"description\":\"Der historische Name des Hauses Josefsk\u00e1 1\/42 auf der Kleinseite ist das Haus Beim Goldenen Adler (Eckteil des Geb\u00e4udes). Es ist aber auch unter dem urspr\u00fcnglichen Namen des \u00e4lteren Hauses mit Zugang von der Stra\u00dfe Josefsk\u00e1 ulice als Haus Bei den 3 L\u00e4mmchen bekannt. Das Haus, dass zu einem Hotel umgebaut wurde hat einen hohen urbanistischen Wert, es steht unter der Aufsicht des Amtes f\u00fcr Denkmalschutz und ist ein Bestandteil der Czech National Heritage. Die ersten schriftlichen Erw\u00e4hnungen \u00fcber die Lokalit\u00e4t wo das Haus errichtet wurde stammen aus dem 12\",\"breadcrumb\":{\"@id\":\"https:\/\/www.hotel-charles.eu\/de\/hotelgeschichte\/#breadcrumb\"},\"inLanguage\":\"de-DE\",\"potentialAction\":[{\"@type\":\"ReadAction\",\"target\":[\"https:\/\/www.hotel-charles.eu\/de\/hotelgeschichte\/\"]}]},{\"@type\":\"BreadcrumbList\",\"@id\":\"https:\/\/www.hotel-charles.eu\/de\/hotelgeschichte\/#breadcrumb\",\"itemListElement\":[{\"@type\":\"ListItem\",\"position\":1,\"name\":\"Home\",\"item\":\"https:\/\/www.hotel-charles.eu\/de\/\"},{\"@type\":\"ListItem\",\"position\":2,\"name\":\"Hotelgeschichte\"}]},{\"@type\":\"WebSite\",\"@id\":\"https:\/\/www.hotel-charles.eu\/de\/#website\",\"url\":\"https:\/\/www.hotel-charles.eu\/de\/\",\"name\":\"The Charles Hotel\",\"description\":\"Just another ms.decms.eu site\",\"potentialAction\":[{\"@type\":\"SearchAction\",\"target\":{\"@type\":\"EntryPoint\",\"urlTemplate\":\"https:\/\/www.hotel-charles.eu\/de\/?s={search_term_string}\"},\"query-input\":{\"@type\":\"PropertyValueSpecification\",\"valueRequired\":true,\"valueName\":\"search_term_string\"}}],\"inLanguage\":\"de-DE\"}]}<\/script>\n<!-- \/ Yoast SEO plugin. -->","yoast_head_json":{"title":"Hotelgeschichte &#8211; The Charles Hotel &#8211;","description":"Der historische Name des Hauses Josefsk\u00e1 1\/42 auf der Kleinseite ist das Haus Beim Goldenen Adler (Eckteil des Geb\u00e4udes). Es ist aber auch unter dem urspr\u00fcnglichen Namen des \u00e4lteren Hauses mit Zugang von der Stra\u00dfe Josefsk\u00e1 ulice als Haus Bei den 3 L\u00e4mmchen bekannt.  Das Haus, dass zu einem Hotel umgebaut wurde hat einen hohen urbanistischen Wert, es steht unter der Aufsicht des Amtes f\u00fcr Denkmalschutz und ist ein Bestandteil der Czech National Heritage.  Die ersten schriftlichen Erw\u00e4hnungen \u00fcber die Lokalit\u00e4t wo das Haus errichtet wurde stammen aus dem 12","robots":{"index":"index","follow":"follow","max-snippet":"max-snippet:-1","max-image-preview":"max-image-preview:large","max-video-preview":"max-video-preview:-1"},"canonical":"https:\/\/www.hotel-charles.eu\/de\/hotelgeschichte\/","og_locale":"de_DE","og_type":"article","og_title":"Hotelgeschichte &#8211; The Charles Hotel &#8211;","og_description":"Der historische Name des Hauses Josefsk\u00e1 1\/42 auf der Kleinseite ist das Haus Beim Goldenen Adler (Eckteil des Geb\u00e4udes). Es ist aber auch unter dem urspr\u00fcnglichen Namen des \u00e4lteren Hauses mit Zugang von der Stra\u00dfe Josefsk\u00e1 ulice als Haus Bei den 3 L\u00e4mmchen bekannt.  Das Haus, dass zu einem Hotel umgebaut wurde hat einen hohen urbanistischen Wert, es steht unter der Aufsicht des Amtes f\u00fcr Denkmalschutz und ist ein Bestandteil der Czech National Heritage.  Die ersten schriftlichen Erw\u00e4hnungen \u00fcber die Lokalit\u00e4t wo das Haus errichtet wurde stammen aus dem 12","og_url":"https:\/\/www.hotel-charles.eu\/de\/hotelgeschichte\/","og_site_name":"The Charles Hotel","article_modified_time":"2022-04-20T09:38:18+00:00","twitter_card":"summary_large_image","twitter_misc":{"Gesch\u00e4tzte Lesezeit":"1 Minute"},"schema":{"@context":"https:\/\/schema.org","@graph":[{"@type":"WebPage","@id":"https:\/\/www.hotel-charles.eu\/de\/hotelgeschichte\/","url":"https:\/\/www.hotel-charles.eu\/de\/hotelgeschichte\/","name":"Hotelgeschichte &#8211; The Charles Hotel &#8211;","isPartOf":{"@id":"https:\/\/www.hotel-charles.eu\/de\/#website"},"datePublished":"2022-04-19T12:15:44+00:00","dateModified":"2022-04-20T09:38:18+00:00","description":"Der historische Name des Hauses Josefsk\u00e1 1\/42 auf der Kleinseite ist das Haus Beim Goldenen Adler (Eckteil des Geb\u00e4udes). Es ist aber auch unter dem urspr\u00fcnglichen Namen des \u00e4lteren Hauses mit Zugang von der Stra\u00dfe Josefsk\u00e1 ulice als Haus Bei den 3 L\u00e4mmchen bekannt. Das Haus, dass zu einem Hotel umgebaut wurde hat einen hohen urbanistischen Wert, es steht unter der Aufsicht des Amtes f\u00fcr Denkmalschutz und ist ein Bestandteil der Czech National Heritage. Die ersten schriftlichen Erw\u00e4hnungen \u00fcber die Lokalit\u00e4t wo das Haus errichtet wurde stammen aus dem 12","breadcrumb":{"@id":"https:\/\/www.hotel-charles.eu\/de\/hotelgeschichte\/#breadcrumb"},"inLanguage":"de-DE","potentialAction":[{"@type":"ReadAction","target":["https:\/\/www.hotel-charles.eu\/de\/hotelgeschichte\/"]}]},{"@type":"BreadcrumbList","@id":"https:\/\/www.hotel-charles.eu\/de\/hotelgeschichte\/#breadcrumb","itemListElement":[{"@type":"ListItem","position":1,"name":"Home","item":"https:\/\/www.hotel-charles.eu\/de\/"},{"@type":"ListItem","position":2,"name":"Hotelgeschichte"}]},{"@type":"WebSite","@id":"https:\/\/www.hotel-charles.eu\/de\/#website","url":"https:\/\/www.hotel-charles.eu\/de\/","name":"The Charles Hotel","description":"Just another ms.decms.eu site","potentialAction":[{"@type":"SearchAction","target":{"@type":"EntryPoint","urlTemplate":"https:\/\/www.hotel-charles.eu\/de\/?s={search_term_string}"},"query-input":{"@type":"PropertyValueSpecification","valueRequired":true,"valueName":"search_term_string"}}],"inLanguage":"de-DE"}]}},"acf":[],"_links":{"self":[{"href":"https:\/\/www.hotel-charles.eu\/de\/wp-json\/wp\/v2\/pages\/127","targetHints":{"allow":["GET"]}}],"collection":[{"href":"https:\/\/www.hotel-charles.eu\/de\/wp-json\/wp\/v2\/pages"}],"about":[{"href":"https:\/\/www.hotel-charles.eu\/de\/wp-json\/wp\/v2\/types\/page"}],"author":[{"embeddable":true,"href":"https:\/\/www.hotel-charles.eu\/de\/wp-json\/wp\/v2\/users\/7"}],"replies":[{"embeddable":true,"href":"https:\/\/www.hotel-charles.eu\/de\/wp-json\/wp\/v2\/comments?post=127"}],"version-history":[{"count":0,"href":"https:\/\/www.hotel-charles.eu\/de\/wp-json\/wp\/v2\/pages\/127\/revisions"}],"wp:attachment":[{"href":"https:\/\/www.hotel-charles.eu\/de\/wp-json\/wp\/v2\/media?parent=127"}],"curies":[{"name":"wp","href":"https:\/\/api.w.org\/{rel}","templated":true}]}}